{"id":28,"date":"2014-12-13T17:35:00","date_gmt":"2014-12-13T16:35:00","guid":{"rendered":"http:\/\/blog.u-bourgogne.fr\/mastert2m\/?page_id=28"},"modified":"2020-05-21T14:43:14","modified_gmt":"2020-05-21T13:43:14","slug":"contact","status":"publish","type":"page","link":"https:\/\/blog.ube.fr\/mastert2m-en\/contact\/","title":{"rendered":"Contact"},"content":{"rendered":"<p>N&#8217;h\u00e9sitez pas \u00e0 prendre contact avec nos \u00e9quipes en utilisant les coordonn\u00e9es suivantes :<\/p>\n<h3>Responsable Master 1 :<\/h3>\n<p>Will Noonan<br \/>\n<a href=\"mailto:will.noonan@u-bourgogne.fr\">will.noonan@u-bourgogne.fr<\/a><\/p>\n<h3>Responsable Master 2 :<\/h3>\n<p>Laurent Gautier<br \/>\n<a href=\"mailto:laurent.gautier@u-bourgogne.fr\">laurent.gautier@u-bourgogne.fr<\/a><\/p>\n<h3>Scolarit\u00e9 :<\/h3>\n<p>Val\u00e9rie Chapotot<br \/>\nBureau 166a<br \/>\n4, bd Gabriel &#8211; 21000 DIJON<br \/>\nT\u00e9l : 03.80.39.56.70<br \/>\n<a href=\"mailto:valerie.chapotot@u-bourgogne.fr\" target=\"_blank\" rel=\"noopener noreferrer\">valerie.chapotot@u-bourgogne.fr<\/a><\/p>\n<h3>Secr\u00e9tariat p\u00e9dagogique :<\/h3>\n<p>Karine Duthu<br \/>\nBureau 166b<br \/>\n4, bd Gabriel &#8211; 21000 DIJON<br \/>\nT\u00e9l : 03.80.39.56.11<br \/>\n<a href=\"mailto:karine.duthu@u-bourgogne.fr\">karine.duthu@u-bourgogne.fr<\/a><\/p>\n<h3>Gestion des stages :<\/h3>\n<p>Olivier Crochemore-Delon<br \/>\nBureau 164<br \/>\n4, bd Gabriel &#8211; 21000 DIJON<br \/>\nT\u00e9l : 03.80.39.39.61<br \/>\n<a href=\"mailto:olivier.crochemore-delon@u-bourgogne.fr\" target=\"_blank\" rel=\"noopener noreferrer\">olivier.crochemore-delon@u-bourgogne.fr<\/a><\/p>\n<h3>Contact Junior Agence T2M :<\/h3>\n<p><a href=\"mailto:junior.t2m@gmail.com\">junior.mastert2m@gmail.com<\/a><\/p>\n<p>N&#8217;h\u00e9sitez pas \u00e0 prendre contact avec la Junior Agence T2M si vous avez :<\/p>\n<ul>\n<li>Une proposition de projet, de stage, voire de contrat pouvant int\u00e9resser les membres de l&#8217;agence ;<\/li>\n<li>Un \u00e9v\u00e9nement professionnel pouvant int\u00e9resser les membres de l&#8217;agence, \u00e0 diffuser par nos r\u00e9seaux sociaux ;<\/li>\n<li>Une question concernant l&#8217;organisation de la formation d&#8217;un point de vue \u00e9tudiant : un repr\u00e9sentant de l&#8217;agence pourra vous r\u00e9pondre.<\/li>\n<\/ul>\n<p>&nbsp;<\/p>\n<p>Retrouvez les Master Professionnels et autres formations sur le site de l&#8217;<a href=\"http:\/\/langues-communication.u-bourgogne.fr\/\" target=\"_blank\" rel=\"noopener noreferrer\">UFR Langues et communication<\/a>.<\/p>\n<p><img loading=\"lazy\" decoding=\"async\" class=\"alignleft wp-image-277 size-medium\" src=\"http:\/\/blog.ube.fr\/mastert2m\/wp-content\/uploads\/sites\/12\/2015\/10\/cropped-Logo-T2M_21-300x110.png\" alt=\"Logo T2M - page contact\" width=\"300\" height=\"110\" srcset=\"https:\/\/blog.ube.fr\/mastert2m-en\/wp-content\/uploads\/sites\/55\/2015\/10\/cropped-Logo-T2M_21-300x110.png 300w, https:\/\/blog.ube.fr\/mastert2m-en\/wp-content\/uploads\/sites\/55\/2015\/10\/cropped-Logo-T2M_21.png 679w\" sizes=\"auto, (max-width: 300px) 100vw, 300px\" \/><\/p>\n","protected":false},"excerpt":{"rendered":"<p>N&#8217;h\u00e9sitez pas \u00e0 prendre contact avec nos \u00e9quipes en utilisant les coordonn\u00e9es suivantes : Responsable Master 1 : Will Noonan will.noonan@u-bourgogne.fr Responsable Master 2 : Laurent Gautier laurent.gautier@u-bourgogne.fr Scolarit\u00e9 : Val\u00e9rie Chapotot Bureau 166a 4, bd Gabriel &#8211; 21000 DIJON T\u00e9l : 03.80.39.56.70 valerie.chapotot@u-bourgogne.fr Secr\u00e9tariat p\u00e9dagogique : Karine Duthu Bureau 166b 4, bd Gabriel &#8211;&hellip;<\/p>\n<p class=\"more-link-p\"><a class=\"btn btn-primary\" href=\"https:\/\/blog.ube.fr\/mastert2m-en\/contact\/\">Voir plus &rarr;<\/a><\/p>\n","protected":false},"author":23,"featured_media":0,"parent":0,"menu_order":0,"comment_status":"open","ping_status":"open","template":"","meta":{"_exactmetrics_skip_tracking":false,"_exactmetrics_sitenote_active":false,"_exactmetrics_sitenote_note":"","_exactmetrics_sitenote_category":0,"footnotes":""},"class_list":["post-28","page","type-page","status-publish","hentry"],"_links":{"self":[{"href":"https:\/\/blog.ube.fr\/mastert2m-en\/wp-json\/wp\/v2\/pages\/28","targetHints":{"allow":["GET"]}}],"collection":[{"href":"https:\/\/blog.ube.fr\/mastert2m-en\/wp-json\/wp\/v2\/pages"}],"about":[{"href":"https:\/\/blog.ube.fr\/mastert2m-en\/wp-json\/wp\/v2\/types\/page"}],"author":[{"embeddable":true,"href":"https:\/\/blog.ube.fr\/mastert2m-en\/wp-json\/wp\/v2\/users\/23"}],"replies":[{"embeddable":true,"href":"https:\/\/blog.ube.fr\/mastert2m-en\/wp-json\/wp\/v2\/comments?post=28"}],"version-history":[{"count":10,"href":"https:\/\/blog.ube.fr\/mastert2m-en\/wp-json\/wp\/v2\/pages\/28\/revisions"}],"predecessor-version":[{"id":461,"href":"https:\/\/blog.ube.fr\/mastert2m-en\/wp-json\/wp\/v2\/pages\/28\/revisions\/461"}],"wp:attachment":[{"href":"https:\/\/blog.ube.fr\/mastert2m-en\/wp-json\/wp\/v2\/media?parent=28"}],"curies":[{"name":"wp","href":"https:\/\/api.w.org\/{rel}","templated":true}]}}