{"id":26,"date":"2014-12-13T17:34:30","date_gmt":"2014-12-13T16:34:30","guid":{"rendered":"http:\/\/blog.u-bourgogne.fr\/mastert2m\/?page_id=26"},"modified":"2016-01-12T15:37:25","modified_gmt":"2016-01-12T14:37:25","slug":"anciens","status":"publish","type":"page","link":"https:\/\/blog.ube.fr\/mastert2m-en\/etudiants\/anciens\/","title":{"rendered":"Anciens \u00e9tudiants"},"content":{"rendered":"<h4><strong><span style=\"color: #ff8000\">Que fais-tu actuellement ?<\/span><\/strong><\/h4>\n<p>&#8220;Enseignante d&#8217;anglais et de fran\u00e7ais en BTS AG \u00e0 Mayotte&#8221;<\/p>\n<p>&#8220;Vendor manager chez Transperfect&#8221;<\/p>\n<p>&nbsp;<\/p>\n<h4><strong><span style=\"color: #ff8000\">En quoi le Master T2M t&#8217;a-t-il aid\u00e9(e) pour ton projet professionnel ?<\/span><\/strong><\/h4>\n<p>&#8220;Connaissance des langues&#8221;<\/p>\n<p>&#8220;Une solide connaissance de l&#8217;industrie de la traduction et la possibilit\u00e9 de travailler comme traducteur ind\u00e9pendant.&#8221;<\/p>\n<p>&nbsp;<\/p>\n<h4><strong><span style=\"color: #ff8000\">Qu&#8217;as-tu pr\u00e9f\u00e9r\u00e9 dans le Master\u00a0?<\/span><\/strong><\/h4>\n<p>&#8220;L\u2019aspect professionnalisant (stages + missions)&#8221;<\/p>\n<p>&#8220;Les cours de sous-titrage et l\u2019aspect audio-visuel&#8221;<\/p>\n<p>&nbsp;<\/p>\n<h4><strong><span style=\"color: #ff8000\">Un bon souvenir \u00e0 partager\u00a0?<\/span><\/strong><\/h4>\n<p>&#8220;Boire un verre \u00e0 la fin de l\u2019ann\u00e9e pour f\u00eater notre dur labeur&#8221;<\/p>\n<p>&#8220;L\u2019ambiance g\u00e9n\u00e9rale, le d\u00e9part \u00e0 l\u2019\u00e9tranger pour le premier stage&#8221;<\/p>\n<p>&nbsp;<\/p>\n<h4><strong><span style=\"color: #ff8000\">Un mot pour les futurs \u00e9tudiants T2M\u00a0?<\/span><\/strong><\/h4>\n<p>&#8220;Courage, un bel avenir vous attend\u00a0!&#8221;<\/p>\n<p>&#8220;Soyez gentils avec Will\u00a0!&#8221;<\/p>\n","protected":false},"excerpt":{"rendered":"<p>Que fais-tu actuellement ? &#8220;Enseignante d&#8217;anglais et de fran\u00e7ais en BTS AG \u00e0 Mayotte&#8221; &#8220;Vendor manager chez Transperfect&#8221; &nbsp; En quoi le Master T2M t&#8217;a-t-il aid\u00e9(e) pour ton projet professionnel ? &#8220;Connaissance des langues&#8221; &#8220;Une solide connaissance de l&#8217;industrie de la traduction et la possibilit\u00e9 de travailler comme traducteur ind\u00e9pendant.&#8221; &nbsp; Qu&#8217;as-tu pr\u00e9f\u00e9r\u00e9 dans le&hellip;<\/p>\n<p class=\"more-link-p\"><a class=\"btn btn-primary\" href=\"https:\/\/blog.ube.fr\/mastert2m-en\/etudiants\/anciens\/\">Voir plus &rarr;<\/a><\/p>\n","protected":false},"author":23,"featured_media":0,"parent":24,"menu_order":0,"comment_status":"open","ping_status":"open","template":"","meta":{"_exactmetrics_skip_tracking":false,"_exactmetrics_sitenote_active":false,"_exactmetrics_sitenote_note":"","_exactmetrics_sitenote_category":0,"footnotes":""},"class_list":["post-26","page","type-page","status-publish","hentry"],"_links":{"self":[{"href":"https:\/\/blog.ube.fr\/mastert2m-en\/wp-json\/wp\/v2\/pages\/26","targetHints":{"allow":["GET"]}}],"collection":[{"href":"https:\/\/blog.ube.fr\/mastert2m-en\/wp-json\/wp\/v2\/pages"}],"about":[{"href":"https:\/\/blog.ube.fr\/mastert2m-en\/wp-json\/wp\/v2\/types\/page"}],"author":[{"embeddable":true,"href":"https:\/\/blog.ube.fr\/mastert2m-en\/wp-json\/wp\/v2\/users\/23"}],"replies":[{"embeddable":true,"href":"https:\/\/blog.ube.fr\/mastert2m-en\/wp-json\/wp\/v2\/comments?post=26"}],"version-history":[{"count":6,"href":"https:\/\/blog.ube.fr\/mastert2m-en\/wp-json\/wp\/v2\/pages\/26\/revisions"}],"predecessor-version":[{"id":377,"href":"https:\/\/blog.ube.fr\/mastert2m-en\/wp-json\/wp\/v2\/pages\/26\/revisions\/377"}],"up":[{"embeddable":true,"href":"https:\/\/blog.ube.fr\/mastert2m-en\/wp-json\/wp\/v2\/pages\/24"}],"wp:attachment":[{"href":"https:\/\/blog.ube.fr\/mastert2m-en\/wp-json\/wp\/v2\/media?parent=26"}],"curies":[{"name":"wp","href":"https:\/\/api.w.org\/{rel}","templated":true}]}}