{"id":24,"date":"2014-12-13T17:34:04","date_gmt":"2014-12-13T16:34:04","guid":{"rendered":"http:\/\/blog.u-bourgogne.fr\/mastert2m\/?page_id=24"},"modified":"2015-12-01T17:06:20","modified_gmt":"2015-12-01T16:06:20","slug":"etudiants","status":"publish","type":"page","link":"https:\/\/blog.ube.fr\/mastert2m-en\/etudiants\/","title":{"rendered":"\u00c9tudiants"},"content":{"rendered":"<h2 class=\"spip\">Les \u00e9tudiants T2M<\/h2>\n<p>Que vous soyez futur ou ancien \u00e9tudiant de la formation, ces pages sont faites pour vous !<\/p>\n<p>Vous y trouverez de pr\u00e9cieux conseils et toutes sortes de t\u00e9moignages.<\/p>\n<p>&nbsp;<\/p>\n<p>&nbsp;<\/p>\n","protected":false},"excerpt":{"rendered":"<p>Les \u00e9tudiants T2M Que vous soyez futur ou ancien \u00e9tudiant de la formation, ces pages sont faites pour vous ! Vous y trouverez de pr\u00e9cieux conseils et toutes sortes de t\u00e9moignages. &nbsp; &nbsp;<\/p>\n<p class=\"more-link-p\"><a class=\"btn btn-primary\" href=\"https:\/\/blog.ube.fr\/mastert2m-en\/etudiants\/\">Voir plus &rarr;<\/a><\/p>\n","protected":false},"author":23,"featured_media":0,"parent":0,"menu_order":0,"comment_status":"open","ping_status":"open","template":"","meta":{"_exactmetrics_skip_tracking":false,"_exactmetrics_sitenote_active":false,"_exactmetrics_sitenote_note":"","_exactmetrics_sitenote_category":0,"footnotes":""},"class_list":["post-24","page","type-page","status-publish","hentry"],"_links":{"self":[{"href":"https:\/\/blog.ube.fr\/mastert2m-en\/wp-json\/wp\/v2\/pages\/24","targetHints":{"allow":["GET"]}}],"collection":[{"href":"https:\/\/blog.ube.fr\/mastert2m-en\/wp-json\/wp\/v2\/pages"}],"about":[{"href":"https:\/\/blog.ube.fr\/mastert2m-en\/wp-json\/wp\/v2\/types\/page"}],"author":[{"embeddable":true,"href":"https:\/\/blog.ube.fr\/mastert2m-en\/wp-json\/wp\/v2\/users\/23"}],"replies":[{"embeddable":true,"href":"https:\/\/blog.ube.fr\/mastert2m-en\/wp-json\/wp\/v2\/comments?post=24"}],"version-history":[{"count":4,"href":"https:\/\/blog.ube.fr\/mastert2m-en\/wp-json\/wp\/v2\/pages\/24\/revisions"}],"predecessor-version":[{"id":316,"href":"https:\/\/blog.ube.fr\/mastert2m-en\/wp-json\/wp\/v2\/pages\/24\/revisions\/316"}],"wp:attachment":[{"href":"https:\/\/blog.ube.fr\/mastert2m-en\/wp-json\/wp\/v2\/media?parent=24"}],"curies":[{"name":"wp","href":"https:\/\/api.w.org\/{rel}","templated":true}]}}