{"id":22,"date":"2014-12-13T17:33:33","date_gmt":"2014-12-13T16:33:33","guid":{"rendered":"http:\/\/blog.u-bourgogne.fr\/mastert2m\/?page_id=22"},"modified":"2017-01-15T16:02:36","modified_gmt":"2017-01-15T15:02:36","slug":"formation","status":"publish","type":"page","link":"https:\/\/blog.ube.fr\/mastert2m-en\/formation\/","title":{"rendered":"Formation"},"content":{"rendered":"<h2 class=\"spip\">Organisation de la formation<\/h2>\n<p>La formation se d\u00e9roule pendant le premier semestre (septembre-d\u00e9cembre) sur le campus de Dijon. Les \u00e9tudiants participent aux cours et aux s\u00e9minaires anim\u00e9s par des <a href=\"http:\/\/blog.ube.fr\/mastert2m\/formation\/partenaires-professionnels\/\" target=\"_blank\">intervenants et organismes du monde professionnel<\/a>.<\/p>\n<p>Ils r\u00e9alisent aussi pendant ce temps des <strong>missions professionnelles<\/strong>, consistant en un travail de\u00a0groupe sur des commandes ext\u00e9rieures. Depuis la rentr\u00e9e 2014, les missions sont encadr\u00e9es par la <a title=\"Junior Agence T2M\" href=\"http:\/\/blog.ube.fr\/mastert2m\/junior-agence-t2m\/\" target=\"_blank\">Junior Agence T2M<\/a> anim\u00e9e par les \u00e9tudiants, et donnent lieu \u00e0 une note sp\u00e9cifique.<\/p>\n<p>Le second semestre, en M1 comme en M2, consiste en un <a title=\"Stages\" href=\"http:\/\/blog.ube.fr\/mastert2m\/stages\/\" target=\"_blank\">stage <\/a>de 4 mois minimum.<\/p>\n<p>&nbsp;<\/p>\n<p><em><strong>Pour plus d&#8217;informations sur la formation, rendez-vous sur les pages d\u00e9di\u00e9es au <a href=\"http:\/\/blog.ube.fr\/mastert2m\/formation\/m1\/\" target=\"_blank\">M1 <\/a>et au <a href=\"http:\/\/blog.ube.fr\/mastert2m\/formation\/m2\/\" target=\"_blank\">M2<\/a>.<\/strong><\/em><\/p>\n","protected":false},"excerpt":{"rendered":"<p>Organisation de la formation La formation se d\u00e9roule pendant le premier semestre (septembre-d\u00e9cembre) sur le campus de Dijon. Les \u00e9tudiants participent aux cours et aux s\u00e9minaires anim\u00e9s par des intervenants et organismes du monde professionnel. Ils r\u00e9alisent aussi pendant ce temps des missions professionnelles, consistant en un travail de\u00a0groupe sur des commandes ext\u00e9rieures. Depuis la&hellip;<\/p>\n<p class=\"more-link-p\"><a class=\"btn btn-primary\" href=\"https:\/\/blog.ube.fr\/mastert2m-en\/formation\/\">Voir plus &rarr;<\/a><\/p>\n","protected":false},"author":23,"featured_media":0,"parent":0,"menu_order":0,"comment_status":"open","ping_status":"open","template":"","meta":{"_exactmetrics_skip_tracking":false,"_exactmetrics_sitenote_active":false,"_exactmetrics_sitenote_note":"","_exactmetrics_sitenote_category":0,"footnotes":""},"class_list":["post-22","page","type-page","status-publish","hentry"],"_links":{"self":[{"href":"https:\/\/blog.ube.fr\/mastert2m-en\/wp-json\/wp\/v2\/pages\/22","targetHints":{"allow":["GET"]}}],"collection":[{"href":"https:\/\/blog.ube.fr\/mastert2m-en\/wp-json\/wp\/v2\/pages"}],"about":[{"href":"https:\/\/blog.ube.fr\/mastert2m-en\/wp-json\/wp\/v2\/types\/page"}],"author":[{"embeddable":true,"href":"https:\/\/blog.ube.fr\/mastert2m-en\/wp-json\/wp\/v2\/users\/23"}],"replies":[{"embeddable":true,"href":"https:\/\/blog.ube.fr\/mastert2m-en\/wp-json\/wp\/v2\/comments?post=22"}],"version-history":[{"count":7,"href":"https:\/\/blog.ube.fr\/mastert2m-en\/wp-json\/wp\/v2\/pages\/22\/revisions"}],"predecessor-version":[{"id":364,"href":"https:\/\/blog.ube.fr\/mastert2m-en\/wp-json\/wp\/v2\/pages\/22\/revisions\/364"}],"wp:attachment":[{"href":"https:\/\/blog.ube.fr\/mastert2m-en\/wp-json\/wp\/v2\/media?parent=22"}],"curies":[{"name":"wp","href":"https:\/\/api.w.org\/{rel}","templated":true}]}}