{"id":748,"date":"2021-05-20T08:28:04","date_gmt":"2021-05-20T06:28:04","guid":{"rendered":"https:\/\/blog.u-bourgogne.fr\/mastersii\/?page_id=748"},"modified":"2024-10-17T09:28:21","modified_gmt":"2024-10-17T07:28:21","slug":"contact-et-renseignements","status":"publish","type":"page","link":"https:\/\/blog.ube.fr\/mastersii\/contact-et-renseignements\/","title":{"rendered":"Contacts et renseignements"},"content":{"rendered":"<p><strong>Situation<\/strong><\/p>\n<p>En M1, les mercredis et vendredis enseignement transversal commun \u00e0 toutes les disciplines de professeurs du 2nd degr\u00e9 \u00e0 l\u2019Insp\u00e9 de Dijon ou sur le campus universitaire de Dijon.<br \/>\nLes lundis, mardis et jeudis enseignement pluridisciplinaire ( Didactique SI, technologie, m\u00e9canique, g\u00e9nie \u00e9lectrique, informatique industrielle, Sysml, thermique ) \u00e0 l\u2019Insp\u00e9 de Dijon et pour la didactique au coll\u00e8ge La Champagne \u00e0 Brochon au sud de Dijon et au lyc\u00e9e Eiffel \u00e0 Dijon.<\/p>\n<p><strong>Avantages<\/strong><\/p>\n<p>Restauration Crous \u2013 Association sportive.<br \/>\nServices universitaires.<\/p>\n<p><strong>Contact et renseignements<\/strong><\/p>\n<div class=\"kc-elm kc-css-552450 kc_text_block\">\n<p>M\u00e9l <a href=\"mailto:scolarite2d@inspe.u-bourgogne.fr\">scolarite2d@inspe.u-bourgogne.fr<\/a><br \/>\nT\u00e9l. 03 80 39 38 13<\/p>\n<\/div>\n<p><strong>Responsable du parcours MEEF SII : <\/strong><a href=\"mailto:jean-christophe.chardigny@u-bourgogne.fr\">Jean-Christophe Chardigny<\/a><\/p>\n<p>&nbsp;<\/p>\n","protected":false},"excerpt":{"rendered":"<p>Situation En M1, les mercredis et vendredis enseignement transversal commun \u00e0 toutes les disciplines de professeurs du 2nd degr\u00e9 \u00e0 l\u2019Insp\u00e9 de Dijon ou sur le campus universitaire de Dijon. Les lundis, mardis et jeudis enseignement pluridisciplinaire ( Didactique SI, technologie, m\u00e9canique, g\u00e9nie \u00e9lectrique, informatique industrielle, Sysml, thermique ) \u00e0 l\u2019Insp\u00e9 de Dijon et pour&hellip;<\/p>\n<p class=\"more-link-p\"><a class=\"btn btn-primary\" href=\"https:\/\/blog.ube.fr\/mastersii\/contact-et-renseignements\/\">Voir plus &rarr;<\/a><\/p>\n","protected":false},"author":2077,"featured_media":0,"parent":0,"menu_order":0,"comment_status":"closed","ping_status":"closed","template":"","meta":{"_exactmetrics_skip_tracking":false,"_exactmetrics_sitenote_active":false,"_exactmetrics_sitenote_note":"","_exactmetrics_sitenote_category":0,"footnotes":""},"class_list":["post-748","page","type-page","status-publish","hentry"],"_links":{"self":[{"href":"https:\/\/blog.ube.fr\/mastersii\/wp-json\/wp\/v2\/pages\/748","targetHints":{"allow":["GET"]}}],"collection":[{"href":"https:\/\/blog.ube.fr\/mastersii\/wp-json\/wp\/v2\/pages"}],"about":[{"href":"https:\/\/blog.ube.fr\/mastersii\/wp-json\/wp\/v2\/types\/page"}],"author":[{"embeddable":true,"href":"https:\/\/blog.ube.fr\/mastersii\/wp-json\/wp\/v2\/users\/2077"}],"replies":[{"embeddable":true,"href":"https:\/\/blog.ube.fr\/mastersii\/wp-json\/wp\/v2\/comments?post=748"}],"version-history":[{"count":13,"href":"https:\/\/blog.ube.fr\/mastersii\/wp-json\/wp\/v2\/pages\/748\/revisions"}],"predecessor-version":[{"id":857,"href":"https:\/\/blog.ube.fr\/mastersii\/wp-json\/wp\/v2\/pages\/748\/revisions\/857"}],"wp:attachment":[{"href":"https:\/\/blog.ube.fr\/mastersii\/wp-json\/wp\/v2\/media?parent=748"}],"curies":[{"name":"wp","href":"https:\/\/api.w.org\/{rel}","templated":true}]}}