{"id":746,"date":"2021-05-20T08:26:47","date_gmt":"2021-05-20T06:26:47","guid":{"rendered":"https:\/\/blog.u-bourgogne.fr\/mastersii\/?page_id=746"},"modified":"2024-10-17T09:27:36","modified_gmt":"2024-10-17T07:27:36","slug":"contenu-de-la-formation","status":"publish","type":"page","link":"https:\/\/blog.ube.fr\/mastersii\/contenu-de-la-formation\/","title":{"rendered":"Contenu de la formation"},"content":{"rendered":"<h2>Une formation d\u00e9coup\u00e9e en unit\u00e9s d\u2019enseignement<\/h2>\n<p><strong><img loading=\"lazy\" decoding=\"async\" class=\"size-full wp-image-810 alignright\" src=\"https:\/\/blog.ube.fr\/mastersii\/wp-content\/uploads\/sites\/154\/2021\/05\/blog2.jpg\" alt=\"\" width=\"400\" height=\"267\" srcset=\"https:\/\/blog.ube.fr\/mastersii\/wp-content\/uploads\/sites\/154\/2021\/05\/blog2.jpg 400w, https:\/\/blog.ube.fr\/mastersii\/wp-content\/uploads\/sites\/154\/2021\/05\/blog2-300x200.jpg 300w\" sizes=\"auto, (max-width: 400px) 100vw, 400px\" \/><\/strong><\/p>\n<p>Une formation d\u00e9coup\u00e9e en unit\u00e9s d\u2019enseignement<\/p>\n<p><strong>En Master 1 et Master 2<\/strong><\/p>\n<p>Mise \u00e0 niveau disciplinaire M\u00e9canique-Electronique-Electrotechnique-num\u00e9rique.<br \/>\nConnaissance du syst\u00e8me \u00e9ducatif et pr\u00e9paration \u00e0 l\u2019exercice professionnel.<br \/>\nDidactique coll\u00e8ge et lyc\u00e9e.<br \/>\nPerfectionnement disciplinaire.<br \/>\nRecherche.<br \/>\nEnseigner sa discipline.<br \/>\nPr\u00e9paration \u00e0 l\u2019exercice professionnel.<br \/>\nStages en \u00e9tablissements.<br \/>\nM\u00e9moire professionnel.<br \/>\nPr\u00e9paration \u00e0 l\u2019exercice professionnel.<br \/>\nStages en \u00e9tablissements.<\/p>\n<p><a href=\"https:\/\/inspe.u-bourgogne.fr\/wp-content\/uploads\/plaquette2nddegreSII24Dijon-1.pdf\" target=\"_blank\" rel=\"noopener\">Consultez la plaquette de pr\u00e9sentation<\/a><\/p>\n<p><a href=\"https:\/\/formations.u-bourgogne.fr\/fr\/offre-de-formation\/master-meef-XD\/master-metiers-de-l-enseignement-de-l-education-et-de-la-formation-meef-2nd-degre-LMGDKQUE\/sciences-industrielles-de-l-ingenieur-LMRS2PEA.html\" target=\"_blank\" rel=\"noopener\">Consultez l\u2019offre de formation<\/a><\/p>\n<p>&nbsp;<\/p>\n","protected":false},"excerpt":{"rendered":"<p>Une formation d\u00e9coup\u00e9e en unit\u00e9s d\u2019enseignement Une formation d\u00e9coup\u00e9e en unit\u00e9s d\u2019enseignement En Master 1 et Master 2 Mise \u00e0 niveau disciplinaire M\u00e9canique-Electronique-Electrotechnique-num\u00e9rique. Connaissance du syst\u00e8me \u00e9ducatif et pr\u00e9paration \u00e0 l\u2019exercice professionnel. Didactique coll\u00e8ge et lyc\u00e9e. Perfectionnement disciplinaire. Recherche. Enseigner sa discipline. Pr\u00e9paration \u00e0 l\u2019exercice professionnel. Stages en \u00e9tablissements. M\u00e9moire professionnel. Pr\u00e9paration \u00e0 l\u2019exercice professionnel.&hellip;<\/p>\n<p class=\"more-link-p\"><a class=\"btn btn-primary\" href=\"https:\/\/blog.ube.fr\/mastersii\/contenu-de-la-formation\/\">Voir plus &rarr;<\/a><\/p>\n","protected":false},"author":2077,"featured_media":0,"parent":0,"menu_order":0,"comment_status":"closed","ping_status":"closed","template":"","meta":{"_exactmetrics_skip_tracking":false,"_exactmetrics_sitenote_active":false,"_exactmetrics_sitenote_note":"","_exactmetrics_sitenote_category":0,"footnotes":""},"class_list":["post-746","page","type-page","status-publish","hentry"],"_links":{"self":[{"href":"https:\/\/blog.ube.fr\/mastersii\/wp-json\/wp\/v2\/pages\/746","targetHints":{"allow":["GET"]}}],"collection":[{"href":"https:\/\/blog.ube.fr\/mastersii\/wp-json\/wp\/v2\/pages"}],"about":[{"href":"https:\/\/blog.ube.fr\/mastersii\/wp-json\/wp\/v2\/types\/page"}],"author":[{"embeddable":true,"href":"https:\/\/blog.ube.fr\/mastersii\/wp-json\/wp\/v2\/users\/2077"}],"replies":[{"embeddable":true,"href":"https:\/\/blog.ube.fr\/mastersii\/wp-json\/wp\/v2\/comments?post=746"}],"version-history":[{"count":9,"href":"https:\/\/blog.ube.fr\/mastersii\/wp-json\/wp\/v2\/pages\/746\/revisions"}],"predecessor-version":[{"id":856,"href":"https:\/\/blog.ube.fr\/mastersii\/wp-json\/wp\/v2\/pages\/746\/revisions\/856"}],"wp:attachment":[{"href":"https:\/\/blog.ube.fr\/mastersii\/wp-json\/wp\/v2\/media?parent=746"}],"curies":[{"name":"wp","href":"https:\/\/api.w.org\/{rel}","templated":true}]}}