{"id":742,"date":"2021-05-20T08:22:26","date_gmt":"2021-05-20T06:22:26","guid":{"rendered":"https:\/\/blog.u-bourgogne.fr\/mastersii\/?page_id=742"},"modified":"2023-10-20T08:44:14","modified_gmt":"2023-10-20T06:44:14","slug":"presentation-de-la-formation","status":"publish","type":"page","link":"https:\/\/blog.ube.fr\/mastersii\/presentation-de-la-formation\/","title":{"rendered":"Pr\u00e9sentation de la formation"},"content":{"rendered":"<h2>Devenez enseignant en Technologie, Sciences de l\u2019ingenieur et STI2D<\/h2>\n<h2 data-wp-editing=\"1\"><img loading=\"lazy\" decoding=\"async\" class=\" wp-image-811 alignright\" src=\"https:\/\/blog.ube.fr\/mastersii\/wp-content\/uploads\/sites\/154\/2021\/05\/blog1.jpg\" alt=\"\" width=\"434\" height=\"294\" \/><\/h2>\n<p><strong>L\u2019Insp\u00e9 propose sur l\u2019agglom\u00e9ration de Dijon une formation en Master 1 et Master 2 pr\u00e9parant au concours du CAPET \u00ab Sciences Industrielles de l\u2019Ing\u00e9nieur \u00bb.<\/strong><\/p>\n<p><strong>L\u2019objectif prioritaire<br \/>\n<\/strong><\/p>\n<p>La formation pr\u00e9pare de futurs enseignants de lyc\u00e9e et coll\u00e8ge de mani\u00e8re polyvalente sur deux ans. Elle alterne des formations de type pluridisciplinaire pour consolider le niveau scientifique et technologique requis et des formations professionnalisantes pr\u00e9parant au futur m\u00e9tier. Cette dimension est renforc\u00e9e par des stages en observation et conduite accompagn\u00e9e gratifi\u00e9s financi\u00e8rement par l\u2019Acad\u00e9mie en M1.<br \/>\nEn M2 un stage en responsabilit\u00e9 r\u00e9mun\u00e9r\u00e9 par l\u2019Etat sera propos\u00e9 ou un stage en conduite accompagn\u00e9e gratifi\u00e9 financi\u00e8rement. Des professionnels tuteurs de terrain nomm\u00e9s par le Rectorat en \u00e9troite collaboration avec les inspecteurs r\u00e9gionaux accueillerons et conseillerons les \u00e9tudiants.<br \/>\nDes stages professionnels sont propos\u00e9s dans des \u00e9tablissements (coll\u00e8ges et lyc\u00e9es) de l\u2019acad\u00e9mie de Dijon.<\/p>\n<p><strong>La formation se d\u00e9roule sur l\u2019agglom\u00e9ration de Dijon<\/strong><\/p>\n<p>En M1, les mercredis et vendredis enseignement transversal commun \u00e0 toutes les disciplines de professeurs du 2nd degr\u00e9 \u00e0 l\u2019Insp\u00e9 de Dijon ou sur le campus universitaire de Dijon.<br \/>\nLes lundis, mardis et jeudis enseignement pluridisciplinaire ( Didactique SI, technologie, m\u00e9canique, g\u00e9nie \u00e9lectrique, informatique industrielle, Sysml, thermique ) \u00e0 l\u2019Insp\u00e9 de Dijon et pour la didactique au coll\u00e8ge La Champagne \u00e0 Brochon au sud de Dijon et au lyc\u00e9e Eiffel \u00e0 Dijon.<\/p>\n<p>&nbsp;<\/p>\n<p>&nbsp;<\/p>\n","protected":false},"excerpt":{"rendered":"<p>Devenez enseignant en Technologie, Sciences de l\u2019ingenieur et STI2D L\u2019Insp\u00e9 propose sur l\u2019agglom\u00e9ration de Dijon une formation en Master 1 et Master 2 pr\u00e9parant au concours du CAPET \u00ab Sciences Industrielles de l\u2019Ing\u00e9nieur \u00bb. L\u2019objectif prioritaire La formation pr\u00e9pare de futurs enseignants de lyc\u00e9e et coll\u00e8ge de mani\u00e8re polyvalente sur deux ans. Elle alterne des&hellip;<\/p>\n<p class=\"more-link-p\"><a class=\"btn btn-primary\" href=\"https:\/\/blog.ube.fr\/mastersii\/presentation-de-la-formation\/\">Voir plus &rarr;<\/a><\/p>\n","protected":false},"author":2077,"featured_media":0,"parent":0,"menu_order":0,"comment_status":"closed","ping_status":"closed","template":"","meta":{"_exactmetrics_skip_tracking":false,"_exactmetrics_sitenote_active":false,"_exactmetrics_sitenote_note":"","_exactmetrics_sitenote_category":0,"footnotes":""},"class_list":["post-742","page","type-page","status-publish","hentry"],"_links":{"self":[{"href":"https:\/\/blog.ube.fr\/mastersii\/wp-json\/wp\/v2\/pages\/742","targetHints":{"allow":["GET"]}}],"collection":[{"href":"https:\/\/blog.ube.fr\/mastersii\/wp-json\/wp\/v2\/pages"}],"about":[{"href":"https:\/\/blog.ube.fr\/mastersii\/wp-json\/wp\/v2\/types\/page"}],"author":[{"embeddable":true,"href":"https:\/\/blog.ube.fr\/mastersii\/wp-json\/wp\/v2\/users\/2077"}],"replies":[{"embeddable":true,"href":"https:\/\/blog.ube.fr\/mastersii\/wp-json\/wp\/v2\/comments?post=742"}],"version-history":[{"count":18,"href":"https:\/\/blog.ube.fr\/mastersii\/wp-json\/wp\/v2\/pages\/742\/revisions"}],"predecessor-version":[{"id":841,"href":"https:\/\/blog.ube.fr\/mastersii\/wp-json\/wp\/v2\/pages\/742\/revisions\/841"}],"wp:attachment":[{"href":"https:\/\/blog.ube.fr\/mastersii\/wp-json\/wp\/v2\/media?parent=742"}],"curies":[{"name":"wp","href":"https:\/\/api.w.org\/{rel}","templated":true}]}}