{"id":21,"date":"2024-02-08T10:03:00","date_gmt":"2024-02-08T09:03:00","guid":{"rendered":"https:\/\/blog.u-bourgogne.fr\/masters-professionnels-histoire\/?page_id=21"},"modified":"2025-04-21T19:16:18","modified_gmt":"2025-04-21T17:16:18","slug":"les-modalites","status":"publish","type":"page","link":"https:\/\/blog.ube.fr\/masters-professionnels-histoire\/les-modalites\/","title":{"rendered":"MODALIT\u00c9S D&#8217;INSCRIPTION"},"content":{"rendered":"<h2 class=\"ametys-section-sub-title ametys-section-sub-title--has-line g-mb-30\">Conditions d&#8217;acc\u00e8s<\/h2>\n<ul class=\"disc\">\n<li><strong>En M1 :<\/strong><\/li>\n<\/ul>\n<p>Conform\u00e9ment \u00e0 l\u2019article L612-6 du Code de l\u2019\u00e9ducation, l\u2019acc\u00e8s en master 1 est soumis \u00e0 capacit\u00e9 d\u2019accueil.<\/p>\n<p>D\u00e9p\u00f4t des candidatures et consultations des dates de candidatures sur la plateforme nationale\u00a0<strong>Mon Master :<\/strong>\u00a0<a class=\"simple\" href=\"https:\/\/www.monmaster.gouv.fr\/\">https:\/\/www.monmaster.gouv.fr<\/a><\/p>\n<ul class=\"disc\">\n<li><strong>En M2 :<\/strong><\/li>\n<\/ul>\n<p>Acc\u00e8s de plein droit : pour les \u00e9tudiants titulaires de la 1<sup>\u00e8re<\/sup>\u00a0ann\u00e9e du master mention Histoire de l\u2019universit\u00e9 de Bourgogne.<\/p>\n<p>Acc\u00e8s sur validation d&#8217;acquis : pour les \u00e9tudiants ayant valid\u00e9 une 1<sup>\u00e8re<\/sup>\u00a0ann\u00e9e de master dans une autre mention et\/ou une 1<sup>\u00e8re<\/sup>\u00a0ann\u00e9e de master dans une autre universit\u00e9. D\u00e9p\u00f4t des candidatures et consultations des dates de candidatures sur l\u2019application\u00a0<strong>eCandidat<\/strong>\u00a0:\u00a0<a class=\"simple\" href=\"https:\/\/ecandidat.u-bourgogne.fr\/ecandidat\/#!accueilView\">https:\/\/ecandidat.u-bourgogne.fr\u00a0<\/a><\/p>\n<ul class=\"disc\">\n<li><strong>\u00c9tudiants internationaux :<\/strong>\u00a0candidature sur le site \u00c9tudes en France<\/li>\n<\/ul>\n<h2 class=\"ametys-section-sub-title ametys-section-sub-title--has-line g-mb-30\">Modalit\u00e9s de candidatures<\/h2>\n<div id=\"limited-content-N1151E\" class=\"ametys-limited-content\" data-max-height=\"220\">\n<div class=\"ametys-richtext ametys-limited-content__body g-font-size-16 ametys-limited-content__body--destoryed\">\n<p>Candidature sur dossier : relev\u00e9s de notes de L1, L2, L3 et M1 le cas \u00e9ch\u00e9ant, CV, lettre de motivation avec projet de recherche d\u00e9taill\u00e9.<\/p>\n<\/div>\n<\/div>\n<div class=\"et_pb_text_inner\">\n<h2>Par validation d&#8217;acquis ou \u00e9quivalence de dipl\u00f4me<\/h2>\n<\/div>\n<div class=\"et_pb_text_inner\">\n<ul>\n<li>en formation initiale : s\u2019adresser \u00e0 la scolarit\u00e9 organisatrice de la formation<\/li>\n<li>en formation continue : s\u2019adresser au service de formation continue de l\u2019universit\u00e9<\/li>\n<\/ul>\n<p>&nbsp;<\/p>\n<\/div>\n<h1>Pour les Masters Professionnels<\/h1>\n<h2>L&#8217; alternance<\/h2>\n<div>\n<p>Type de contrat : Contrat d&#8217;apprentissage \/ Contrat de professionnalisation<\/p>\n<p>Apr\u00e8s la semaine de Rentr\u00e9e acad\u00e9mique, le rythme permet l\u2019acquisition des fondamentaux avec 2 semaines d\u2019enseignements qui alternent avec une semaine chez l\u2019employeur. A partir du mois de f\u00e9vrier, l\u2019apprenti est en immersion compl\u00e8te chez son employeur jusqu\u2019\u00e0 la soutenance en septembre, hormis quelques jours de retour sur le campus pour diff\u00e9rents bilans d\u2019\u00e9tape.<\/p>\n<ul>\n<li>Les candidats relevant de la <strong>formation continue<\/strong> doivent contacter le <strong>Service commun de formations continue et par alternance<\/strong> de l&#8217;universit\u00e9 de Bourgogne (SEFCA) : formation.continue @ u-bourgogne.fr \/ 03 80 39 36 67<\/li>\n<\/ul>\n<\/div>\n<h2>Sur s\u00e9lection<\/h2>\n<div class=\"et_pb_module et_pb_text et_pb_text_2 et_pb_text_align_left et_pb_bg_layout_light\">\n<div class=\"et_pb_text_inner\">\n<p>Une s\u00e9lection des \u00e9tudiant(e)s candidat(e)s est effectu\u00e9e sur dossier. Il comprend :<\/p>\n<ul>\n<li>un curriculum vitae<\/li>\n<li>une lettre de motivation avec projet professionnel manuscrite<\/li>\n<li>un relev\u00e9 des notes obtenues \u00e0 la ma\u00eetrise ou en 1\u00e8re ann\u00e9e de master (les \u00e9tudiant(e)s, en cours d\u2019\u00e9tudes, n\u2019ayant pas valid\u00e9 la 1\u00e8re ann\u00e9e de master \u00e0 la date fix\u00e9e pour le d\u00e9p\u00f4t du dossier fourniront un relev\u00e9 de leurs notes du 1er semestre)<\/li>\n<\/ul>\n<p>L&#8217;effectif est limit\u00e9 \u00e0 15 \u00e9tudiants pour ces parcours.<\/p>\n<\/div>\n<\/div>\n<div class=\"et_pb_module et_pb_text et_pb_text_2 et_pb_text_align_left et_pb_bg_layout_light\"><\/div>\n<div><\/div>\n","protected":false},"excerpt":{"rendered":"<p>Conditions d&#8217;acc\u00e8s En M1 : Conform\u00e9ment \u00e0 l\u2019article L612-6 du Code de l\u2019\u00e9ducation, l\u2019acc\u00e8s en master 1 est soumis \u00e0 capacit\u00e9 d\u2019accueil. D\u00e9p\u00f4t des candidatures et consultations des dates de candidatures sur la plateforme nationale\u00a0Mon Master :\u00a0https:\/\/www.monmaster.gouv.fr En M2 : Acc\u00e8s de plein droit : pour les \u00e9tudiants titulaires de la 1\u00e8re\u00a0ann\u00e9e du master mention&hellip;<\/p>\n<p class=\"more-link-p\"><a class=\"btn btn-primary\" href=\"https:\/\/blog.ube.fr\/masters-professionnels-histoire\/les-modalites\/\">Voir plus &rarr;<\/a><\/p>\n","protected":false},"author":5570,"featured_media":0,"parent":0,"menu_order":0,"comment_status":"closed","ping_status":"closed","template":"","meta":{"footnotes":""},"class_list":["post-21","page","type-page","status-publish","hentry"],"_links":{"self":[{"href":"https:\/\/blog.ube.fr\/masters-professionnels-histoire\/wp-json\/wp\/v2\/pages\/21","targetHints":{"allow":["GET"]}}],"collection":[{"href":"https:\/\/blog.ube.fr\/masters-professionnels-histoire\/wp-json\/wp\/v2\/pages"}],"about":[{"href":"https:\/\/blog.ube.fr\/masters-professionnels-histoire\/wp-json\/wp\/v2\/types\/page"}],"author":[{"embeddable":true,"href":"https:\/\/blog.ube.fr\/masters-professionnels-histoire\/wp-json\/wp\/v2\/users\/5570"}],"replies":[{"embeddable":true,"href":"https:\/\/blog.ube.fr\/masters-professionnels-histoire\/wp-json\/wp\/v2\/comments?post=21"}],"version-history":[{"count":20,"href":"https:\/\/blog.ube.fr\/masters-professionnels-histoire\/wp-json\/wp\/v2\/pages\/21\/revisions"}],"predecessor-version":[{"id":531,"href":"https:\/\/blog.ube.fr\/masters-professionnels-histoire\/wp-json\/wp\/v2\/pages\/21\/revisions\/531"}],"wp:attachment":[{"href":"https:\/\/blog.ube.fr\/masters-professionnels-histoire\/wp-json\/wp\/v2\/media?parent=21"}],"curies":[{"name":"wp","href":"https:\/\/api.w.org\/{rel}","templated":true}]}}