{"id":16,"date":"2024-02-08T10:02:35","date_gmt":"2024-02-08T09:02:35","guid":{"rendered":"https:\/\/blog.u-bourgogne.fr\/masters-professionnels-histoire\/?page_id=16"},"modified":"2025-04-21T19:04:14","modified_gmt":"2025-04-21T17:04:14","slug":"histoire-publique","status":"publish","type":"page","link":"https:\/\/blog.ube.fr\/masters-professionnels-histoire\/histoire-publique\/","title":{"rendered":"Histoire publique"},"content":{"rendered":"<p style=\"text-align: justify;\">Le <span style=\"color: #800000;\"><strong>Master Histoire publique<\/strong><\/span> doit permettre aux \u00e9tudiants de se rep\u00e9rer dans l&#8217;environnement juridique et institutionnel des archives en France, d&#8217;\u00eatre au fait des objets de l&#8217;histoire publique, des d\u00e9bats historico-politiques contemporains et de certains aspects de la recherche en histoire. Elle propose notamment de r\u00e9fl\u00e9chir aux mani\u00e8res de construire des narrations historiques vari\u00e9es, d&#8217;envisager la diversit\u00e9 des supports de communication historique et de parfaire la ma\u00eetrise de l&#8217;anglais. Comme la formation est ouverte \u00e0 l&#8217;alternance et repose, pour les non-alternants, sur un stage obligatoire au second semestre, elle offre une exp\u00e9rience originale d&#8217;int\u00e9gration \u00e0 une \u00e9quipe de professionnels et invite \u00e0 mobiliser les connaissances et les m\u00e9thodes de la recherche historique en r\u00e9alisant une action de m\u00e9diatisation de l&#8217;histoire.<\/p>\n<p><strong>Comp\u00e9tences acquises<\/strong><\/p>\n<ul>\n<li>Se rep\u00e9rer dans l&#8217;environnement juridique et institutionnel des archives en France<\/li>\n<li>\u00catre au fait des objets de l&#8217;histoire publique, des d\u00e9bats historico-politiques contemporains et de certains aspects de la recherche en histoire<\/li>\n<li>Construire des narrations historiques vari\u00e9es<\/li>\n<li>Envisager la diversit\u00e9 des supports de communication historique<\/li>\n<li>Parfaire la ma\u00eetrise d&#8217;une langue vivante<\/li>\n<li>S&#8217;int\u00e9grer \u00e0 une \u00e9quipe et mobiliser des connaissances et les m\u00e9thodes de la recherche historique<\/li>\n<li>Participer, concevoir et r\u00e9aliser une action de m\u00e9diatisation de l&#8217;histoire<\/li>\n<\/ul>\n<p>&nbsp;<\/p>\n<p style=\"text-align: justify;\">A l\u2019issue de la certification, les apprenants sont imm\u00e9diatement op\u00e9rationnels mais peuvent poursuivre, soit en passant les concours de la fonction publique comme celui d\u2019attach\u00e9 territorial, soit en Doctorat. A l\u2019issue du master, les \u00e9tudiants peuvent s\u2019orienter vers la pr\u00e9paration d\u2019une th\u00e8se de doctorat. Diff\u00e9rentes sources de financement sont disponibles couvrant les 3 ann\u00e9es de cette pr\u00e9paration (contrat doctoral du Minist\u00e8re de l\u2019Enseignement Sup\u00e9rieur et de la Recherche, contrat CIFRE, bourses r\u00e9gionales, contrats ANR\u2026).<\/p>\n<p>L\u2019effectif total de la formation est limit\u00e9 \u00e0 15 \u00e9tudiants<\/p>\n<p><a href=\"https:\/\/formations.u-bourgogne.fr\/fr\/offre-de-formation\/master-XB\/master-histoire-LMGC25V9\/histoire-publique-LMGEPHLF.html\">Pour aller plus loin<\/a><\/p>\n","protected":false},"excerpt":{"rendered":"<p>Le Master Histoire publique doit permettre aux \u00e9tudiants de se rep\u00e9rer dans l&#8217;environnement juridique et institutionnel des archives en France, d&#8217;\u00eatre au fait des objets de l&#8217;histoire publique, des d\u00e9bats historico-politiques contemporains et de certains aspects de la recherche en histoire. Elle propose notamment de r\u00e9fl\u00e9chir aux mani\u00e8res de construire des narrations historiques vari\u00e9es, d&#8217;envisager&hellip;<\/p>\n<p class=\"more-link-p\"><a class=\"btn btn-primary\" href=\"https:\/\/blog.ube.fr\/masters-professionnels-histoire\/histoire-publique\/\">Voir plus &rarr;<\/a><\/p>\n","protected":false},"author":5570,"featured_media":0,"parent":0,"menu_order":0,"comment_status":"closed","ping_status":"closed","template":"","meta":{"footnotes":""},"class_list":["post-16","page","type-page","status-publish","hentry"],"_links":{"self":[{"href":"https:\/\/blog.ube.fr\/masters-professionnels-histoire\/wp-json\/wp\/v2\/pages\/16","targetHints":{"allow":["GET"]}}],"collection":[{"href":"https:\/\/blog.ube.fr\/masters-professionnels-histoire\/wp-json\/wp\/v2\/pages"}],"about":[{"href":"https:\/\/blog.ube.fr\/masters-professionnels-histoire\/wp-json\/wp\/v2\/types\/page"}],"author":[{"embeddable":true,"href":"https:\/\/blog.ube.fr\/masters-professionnels-histoire\/wp-json\/wp\/v2\/users\/5570"}],"replies":[{"embeddable":true,"href":"https:\/\/blog.ube.fr\/masters-professionnels-histoire\/wp-json\/wp\/v2\/comments?post=16"}],"version-history":[{"count":14,"href":"https:\/\/blog.ube.fr\/masters-professionnels-histoire\/wp-json\/wp\/v2\/pages\/16\/revisions"}],"predecessor-version":[{"id":525,"href":"https:\/\/blog.ube.fr\/masters-professionnels-histoire\/wp-json\/wp\/v2\/pages\/16\/revisions\/525"}],"wp:attachment":[{"href":"https:\/\/blog.ube.fr\/masters-professionnels-histoire\/wp-json\/wp\/v2\/media?parent=16"}],"curies":[{"name":"wp","href":"https:\/\/api.w.org\/{rel}","templated":true}]}}