{"id":15,"date":"2024-02-08T10:02:29","date_gmt":"2024-02-08T09:02:29","guid":{"rendered":"https:\/\/blog.u-bourgogne.fr\/masters-professionnels-histoire\/?page_id=15"},"modified":"2025-05-13T11:14:56","modified_gmt":"2025-05-13T09:14:56","slug":"archives","status":"publish","type":"page","link":"https:\/\/blog.ube.fr\/masters-professionnels-histoire\/archives\/","title":{"rendered":"Archives"},"content":{"rendered":"<section class=\"kc-elm kc-css-590141 kc_row\"><div class=\"kc-row-container  kc-container\"><div class=\"kc-wrap-columns\"><div class=\"kc-elm kc-css-406536 kc_col-sm-12 kc_column kc_col-sm-12\"><div class=\"kc-col-container\"><div class=\"kc-elm kc-css-227562 kc_text_block\"><\/p>\n<p style=\"text-align: justify;\">Le <strong>parcours M2 Archives des XXe et XXIe s. europ\u00e9ens<\/strong>, prend en compte les changements institutionnels et les nouveaux imp\u00e9ratifs de gestion qui conduisent les \u00e9tablissements publics ou para-publics, les collectivit\u00e9s territoriales, les entreprises priv\u00e9es \u00e0 une gestion autonomis\u00e9e de leurs archives. La formation a pour but de former des \u00e9tudiants capables de r\u00e9pondre \u00e0 cette demande croissante de sp\u00e9cialiste des gestions des archives. Elle prend en compte la multiplication des formes et des supports de stockage de l\u2019information \u00e0 usage de conservation, ainsi que la n\u00e9cessit\u00e9 de trouver des moyens de valorisation des contenus pour en assurer la p\u00e9rennit\u00e9. Elle se propose d\u2019offrir une culture scientifique, technologique et technique dans le cadre d\u2019un enseignement ouvert sur l\u2019Europe et en liens avec les institutions de l\u2019UB comme la MSH de Dijon engag\u00e9e dans un travail de collecte et de num\u00e9risation. Elle s\u2019appuie sur une bonne connaissance des soci\u00e9t\u00e9s europ\u00e9ennes contemporaines dans leurs aspects sociaux, politiques et culturels. Elle pr\u00e9sente la particularit\u00e9 de fournir des comp\u00e9tences autour de types d\u2019archives auxquels s\u2019int\u00e9ressent peu les formations classiques en archivistique. La formation propos\u00e9e s\u2019organise autour de la connaissance et du traitement des archives les plus contemporaines (archives num\u00e9riques), ou d\u2019archives nouvellement constitu\u00e9es comme telles (archives des centres de recherche, collections patrimoniales) et n\u2019oublie pas les enjeux du Records management.<\/p>\n<p><strong>Comp\u00e9tences acquises<\/strong><\/p>\n<ul>\n<li>Ma\u00eetriser du cadre l\u00e9gislatif et des r\u00e8gles de droit<\/li>\n<li>Ma\u00eetriser les r\u00e8gles de conservation pr\u00e9ventive, de restauration<\/li>\n<li>Organiser un fonds ou diriger des travaux de classement<\/li>\n<li>Comprendre le fonctionnement des services producteurs<\/li>\n<li>D\u00e9velopper la recherche administrative et scientifique<\/li>\n<li>Diagnostiquer l\u2019\u00e9tat de conservation des fonds et les \u00e9ventuelles causes structurelles dont il d\u00e9pend<\/li>\n<li>Concevoir une exposition et proposer des outils de m\u00e9diation<\/li>\n<\/ul>\n<p style=\"text-align: justify;\">A l\u2019issue de ce master, les \u00e9tudiants peuvent g\u00e9rer, organiser et valoriser toutes formes de fonds d\u2019archives contemporaines des XXe et XXIe si\u00e8cles. Cette formation pr\u00e9pare les \u00e9tudiants aux m\u00e9tiers de la gestion des archives papier et num\u00e9rique (textes, images et sons), tels que :<\/p>\n<ul>\n<li>Charg\u00e9s de mission des collectivit\u00e9s territoriales appel\u00e9s \u00e0 traiter des archives num\u00e9riques (textes notamment) et en \u00e0 assurer la conservation<\/li>\n<li>Charg\u00e9s de mission dans les entreprises appel\u00e9s \u00e0 g\u00e9rer les archives anciennes mais aussi \u00e0 pr\u00e9parer la gestion des archives produites au cours de l\u2019activit\u00e9 (records management)<\/li>\n<li>Assistants techniques et ing\u00e9nieurs d\u2019\u00e9tude des laboratoires de recherche pour les former au traitement sp\u00e9cifique des archives des savoirs (collecte, classement et traitement pour de nouveaux usages scientifiques<\/li>\n<\/ul>\n<p><strong>Pour en conna\u00eetre plus sur les enseignements et les enseignants : <a href=\"https:\/\/blog.ube.fr\/masters-professionnels-histoire\/?p=71\">ici<\/a><\/strong><\/p>\n<p><a href=\"https:\/\/formations.u-bourgogne.fr\/fr\/offre-de-formation\/master-XB\/master-histoire-LMGC25V9\/archives-des-xxe-et-xxie-siecles-europeens-LMGEPHHD.html\">Pour aller plus loin<\/a><\/p>\n<p>\n<\/div><\/div><\/div><\/div><\/div><\/section>\n","protected":false},"excerpt":{"rendered":"<p class=\"more-link-p\"><a class=\"btn btn-primary\" href=\"https:\/\/blog.ube.fr\/masters-professionnels-histoire\/archives\/\">Voir plus &rarr;<\/a><\/p>\n","protected":false},"author":5570,"featured_media":0,"parent":0,"menu_order":0,"comment_status":"closed","ping_status":"closed","template":"","meta":{"footnotes":""},"class_list":["post-15","page","type-page","status-publish","hentry"],"_links":{"self":[{"href":"https:\/\/blog.ube.fr\/masters-professionnels-histoire\/wp-json\/wp\/v2\/pages\/15","targetHints":{"allow":["GET"]}}],"collection":[{"href":"https:\/\/blog.ube.fr\/masters-professionnels-histoire\/wp-json\/wp\/v2\/pages"}],"about":[{"href":"https:\/\/blog.ube.fr\/masters-professionnels-histoire\/wp-json\/wp\/v2\/types\/page"}],"author":[{"embeddable":true,"href":"https:\/\/blog.ube.fr\/masters-professionnels-histoire\/wp-json\/wp\/v2\/users\/5570"}],"replies":[{"embeddable":true,"href":"https:\/\/blog.ube.fr\/masters-professionnels-histoire\/wp-json\/wp\/v2\/comments?post=15"}],"version-history":[{"count":40,"href":"https:\/\/blog.ube.fr\/masters-professionnels-histoire\/wp-json\/wp\/v2\/pages\/15\/revisions"}],"predecessor-version":[{"id":282,"href":"https:\/\/blog.ube.fr\/masters-professionnels-histoire\/wp-json\/wp\/v2\/pages\/15\/revisions\/282"}],"wp:attachment":[{"href":"https:\/\/blog.ube.fr\/masters-professionnels-histoire\/wp-json\/wp\/v2\/media?parent=15"}],"curies":[{"name":"wp","href":"https:\/\/api.w.org\/{rel}","templated":true}]}}