{"id":14,"date":"2024-02-08T10:02:23","date_gmt":"2024-02-08T09:02:23","guid":{"rendered":"https:\/\/blog.u-bourgogne.fr\/masters-professionnels-histoire\/?page_id=14"},"modified":"2025-04-21T19:29:23","modified_gmt":"2025-04-21T17:29:23","slug":"la-formation","status":"publish","type":"page","link":"https:\/\/blog.ube.fr\/masters-professionnels-histoire\/la-formation\/","title":{"rendered":"FORMATION"},"content":{"rendered":"<section class=\"kc-elm kc-css-146295 kc_row\"><div class=\"kc-row-container  kc-container\"><div class=\"kc-wrap-columns\"><div class=\"kc-elm kc-css-113459 kc_col-sm-12 kc_column kc_col-sm-12\"><div class=\"kc-col-container\">\n<div class=\"kc-elm kc-css-291930 kc-title-wrap \">\n\n\t<h1 class=\"kc_title\">Pr\u00e9sentation<\/h1>\n<\/div>\n<div class=\"kc-elm kc-css-11427 kc_text_block\"><\/p>\n<p style=\"text-align: justify;\"><span style=\"color: #75787b; font-family: arial, helvetica, sans-serif; font-size: 12pt; text-align: justify;\">La formation en Master Histoire est inscrite en coh\u00e9rence avec la Licence Histoire dont elle constitue le prolongement logique. Les enseignements sont r\u00e9partis entre les 4 p\u00e9riodes (Antiquit\u00e9, Moyen \u00c2ge, \u00e9poques Moderne et Contemporaine). Les sujets de m\u00e9moire et les enseignements s\u2019articulent autour des axes de recherche de ces deux laboratoires pluridisciplinaires LIR3S- UMR 7366 et ARTEHIS-UMR 6298 de l\u2019universit\u00e9 de Bourgogne. Elle est destin\u00e9e \u00e0 approfondir les m\u00e9thodologies de la recherche en histoire, de l\u2019Antiquit\u00e9 \u00e0 nos jours, \u00e0 la fois par la confrontation des savoirs dans le cadre de d\u00e9marches pluridisciplinaires, et par des traitements sp\u00e9cifiques des approches th\u00e9matiques, notamment en histoire sociale, en histoire politique, en histoire culturelle et en anthropologie historique. La formation donne une ouverture \u00e0 la pr\u00e9paration aux m\u00e9tiers de l\u2019enseignement, de la culture et du patrimoine et au doctorat en histoire. Elle ouvre aux 3 Parcours\u00a0de M2 Histoire : \u00ab\u00a0Recherche\u00a0\u00bb, \u00ab\u00a0Histoire Publique\u00a0\u00bb et \u00ab\u00a0Archives\u00a0\u00bb.<\/span><\/p>\n<p>En <strong>Master 1<\/strong>, les comp\u00e9tences acquises \u00e0 l\u2019issue de la formation sont :\u00a0savoir rassembler une documentation importante, r\u00e9diger une \u00e9tude de plusieurs dizaines de pages \u00e0 partir d\u2019elle, en exposer publiquement les r\u00e9sultats, s\u2019ins\u00e9rer dans une \u00e9quipe de travail en particulier dans la recherche, faire preuve d\u2019initiative et d\u2019esprit critique. L\u2019\u00e9tudiant(e) poss\u00e9dera des connaissances \u00e9tendues et de niveau bac + 4 en histoire.<\/span><\/p>\n<p>\n<\/div>\n<div class=\"kc-elm kc-css-585231 kc-title-wrap \">\n\n\t<h1 class=\"kc_title\">Parcours<\/h1>\n<\/div>\n<div class=\"kc-elm kc-css-948625 kc_text_block\"><\/p>\n<p style=\"text-align: center;\"><span style=\"font-size: 12pt;\">Depuis septembre 2024, les <strong>Masters 2 Archives<\/strong>\u00a0et <strong>Histoire Publique<\/strong> du d\u00e9partement d&#8217;Histoire sont ouvert \u00e0 l&#8217;alternance.<\/span><\/p>\n<table style=\"border-collapse: collapse; width: 100%;\">\n<tbody>\n<tr>\n<td style=\"width: 33.3333%; text-align: center;\"><span style=\"color: #800000; font-size: 14pt;\"><a style=\"color: #800000;\" href=\"https:\/\/blog.ube.fr\/masters-professionnels-histoire\/archives\/\"><strong>Parcours Archives<\/strong><\/a><\/span><\/td>\n<td style=\"width: 33.3333%; text-align: center;\"><span style=\"color: #800000; font-size: 14pt;\"><a style=\"color: #800000;\" href=\"https:\/\/blog.ube.fr\/masters-professionnels-histoire\/histoire-publique\/\"><strong>Parcours Histoire publique<\/strong><\/a><\/span><\/td>\n<td style=\"width: 33.3333%; text-align: center;\"><span style=\"color: #800000; font-size: 14pt;\"><a style=\"color: #800000;\" href=\"https:\/\/blog.ube.fr\/masters-professionnels-histoire\/recherche\/\"><strong>Parcours Recherche<\/strong><\/a><\/span><\/td>\n<\/tr>\n<\/tbody>\n<\/table>\n<p style=\"text-align: center;\"><img loading=\"lazy\" decoding=\"async\" class=\" wp-image-292 alignright\" src=\"https:\/\/blog.ube.fr\/masters-professionnels-histoire\/wp-content\/uploads\/sites\/199\/2025\/03\/logo-UBE-drapeau-quadri-300x210.jpg\" alt=\"\" width=\"220\" height=\"154\" srcset=\"https:\/\/blog.ube.fr\/masters-professionnels-histoire\/wp-content\/uploads\/sites\/199\/2025\/03\/logo-UBE-drapeau-quadri-300x210.jpg 300w, https:\/\/blog.ube.fr\/masters-professionnels-histoire\/wp-content\/uploads\/sites\/199\/2025\/03\/logo-UBE-drapeau-quadri-1024x716.jpg 1024w, https:\/\/blog.ube.fr\/masters-professionnels-histoire\/wp-content\/uploads\/sites\/199\/2025\/03\/logo-UBE-drapeau-quadri-768x537.jpg 768w, https:\/\/blog.ube.fr\/masters-professionnels-histoire\/wp-content\/uploads\/sites\/199\/2025\/03\/logo-UBE-drapeau-quadri.jpg 1182w\" sizes=\"auto, (max-width: 220px) 100vw, 220px\" \/><\/p>\n<p>\n<\/div><\/div><\/div><\/div><\/div><\/section>\n","protected":false},"excerpt":{"rendered":"<p class=\"more-link-p\"><a class=\"btn btn-primary\" href=\"https:\/\/blog.ube.fr\/masters-professionnels-histoire\/la-formation\/\">Voir plus &rarr;<\/a><\/p>\n","protected":false},"author":5570,"featured_media":0,"parent":0,"menu_order":0,"comment_status":"closed","ping_status":"closed","template":"","meta":{"footnotes":""},"class_list":["post-14","page","type-page","status-publish","hentry"],"_links":{"self":[{"href":"https:\/\/blog.ube.fr\/masters-professionnels-histoire\/wp-json\/wp\/v2\/pages\/14","targetHints":{"allow":["GET"]}}],"collection":[{"href":"https:\/\/blog.ube.fr\/masters-professionnels-histoire\/wp-json\/wp\/v2\/pages"}],"about":[{"href":"https:\/\/blog.ube.fr\/masters-professionnels-histoire\/wp-json\/wp\/v2\/types\/page"}],"author":[{"embeddable":true,"href":"https:\/\/blog.ube.fr\/masters-professionnels-histoire\/wp-json\/wp\/v2\/users\/5570"}],"replies":[{"embeddable":true,"href":"https:\/\/blog.ube.fr\/masters-professionnels-histoire\/wp-json\/wp\/v2\/comments?post=14"}],"version-history":[{"count":33,"href":"https:\/\/blog.ube.fr\/masters-professionnels-histoire\/wp-json\/wp\/v2\/pages\/14\/revisions"}],"predecessor-version":[{"id":539,"href":"https:\/\/blog.ube.fr\/masters-professionnels-histoire\/wp-json\/wp\/v2\/pages\/14\/revisions\/539"}],"wp:attachment":[{"href":"https:\/\/blog.ube.fr\/masters-professionnels-histoire\/wp-json\/wp\/v2\/media?parent=14"}],"curies":[{"name":"wp","href":"https:\/\/api.w.org\/{rel}","templated":true}]}}