{"id":670,"date":"2023-01-18T10:19:39","date_gmt":"2023-01-18T09:19:39","guid":{"rendered":"https:\/\/blog.u-bourgogne.fr\/mastercclimat\/?page_id=670"},"modified":"2024-07-16T10:30:49","modified_gmt":"2024-07-16T09:30:49","slug":"rythme-de-la-formation-m2","status":"publish","type":"page","link":"https:\/\/blog.ube.fr\/mastercclimat\/m2\/rythme-de-la-formation-m2\/","title":{"rendered":"Rythme de la formation M2"},"content":{"rendered":"<p><strong>Rentr\u00e9e<\/strong><\/p>\n<p>La rentr\u00e9e du Master 2 GAED parcours CClimAT aura lieu lundi 9 septembre 2024 \u00e0 9h15 (B\u00e2timent Sciences Gabriel, 4\u00e8me \u00e9tage, aile sud, Laboratoire CRC-Biog\u00e9osciences)<\/p>\n<p>&nbsp;<\/p>\n<p><strong>Emploi du temps<\/strong><\/p>\n<p>L\u2019emploi du temps est disponible en ligne sur le Google Agenda : <a title=\"Emploi du temps\" href=\"https:\/\/calendar.google.com\/calendar\/embed?src=56b27f81e9cc7ea9ad8aaadb797dee1003fc4582c5636b8f4763199a4d1032f6%40group.calendar.google.com&amp;ctz=Europe%2FParis\" target=\"_blank\" rel=\"noopener\">Emploi du temps<\/a><\/p>\n<p>&nbsp;<\/p>\n<p><strong>Alternance<\/strong><\/p>\n<p>&#8211; de septembre \u00e0 f\u00e9vrier inclus, alternance entre deux semaines \u00e0 l&#8217;universit\u00e9 et une semaine en entreprise ;<\/p>\n<p>&#8211; de mars \u00e0 septembre, stage de 4 \u00e0 6 mois en laboratoire ou en entreprise.<\/p>\n<p>&nbsp;<\/p>\n<p>L&#8217;ann\u00e9e de master 2 se termine en septembre\/octobre 2025.<\/p>\n","protected":false},"excerpt":{"rendered":"<p>Rentr\u00e9e La rentr\u00e9e du Master 2 GAED parcours CClimAT aura lieu lundi 9 septembre 2024 \u00e0 9h15 (B\u00e2timent Sciences Gabriel, 4\u00e8me \u00e9tage, aile sud, Laboratoire CRC-Biog\u00e9osciences) &nbsp; Emploi du temps L\u2019emploi du temps est disponible en ligne sur le Google Agenda : Emploi du temps &nbsp; Alternance &#8211; de septembre \u00e0 f\u00e9vrier inclus, alternance entre&hellip;<\/p>\n<p class=\"more-link-p\"><a class=\"btn btn-primary\" href=\"https:\/\/blog.ube.fr\/mastercclimat\/m2\/rythme-de-la-formation-m2\/\">Voir plus &rarr;<\/a><\/p>\n","protected":false},"author":83,"featured_media":0,"parent":476,"menu_order":0,"comment_status":"closed","ping_status":"closed","template":"","meta":{"_exactmetrics_skip_tracking":false,"_exactmetrics_sitenote_active":false,"_exactmetrics_sitenote_note":"","_exactmetrics_sitenote_category":0,"footnotes":""},"class_list":["post-670","page","type-page","status-publish","hentry"],"_links":{"self":[{"href":"https:\/\/blog.ube.fr\/mastercclimat\/wp-json\/wp\/v2\/pages\/670","targetHints":{"allow":["GET"]}}],"collection":[{"href":"https:\/\/blog.ube.fr\/mastercclimat\/wp-json\/wp\/v2\/pages"}],"about":[{"href":"https:\/\/blog.ube.fr\/mastercclimat\/wp-json\/wp\/v2\/types\/page"}],"author":[{"embeddable":true,"href":"https:\/\/blog.ube.fr\/mastercclimat\/wp-json\/wp\/v2\/users\/83"}],"replies":[{"embeddable":true,"href":"https:\/\/blog.ube.fr\/mastercclimat\/wp-json\/wp\/v2\/comments?post=670"}],"version-history":[{"count":20,"href":"https:\/\/blog.ube.fr\/mastercclimat\/wp-json\/wp\/v2\/pages\/670\/revisions"}],"predecessor-version":[{"id":739,"href":"https:\/\/blog.ube.fr\/mastercclimat\/wp-json\/wp\/v2\/pages\/670\/revisions\/739"}],"up":[{"embeddable":true,"href":"https:\/\/blog.ube.fr\/mastercclimat\/wp-json\/wp\/v2\/pages\/476"}],"wp:attachment":[{"href":"https:\/\/blog.ube.fr\/mastercclimat\/wp-json\/wp\/v2\/media?parent=670"}],"curies":[{"name":"wp","href":"https:\/\/api.w.org\/{rel}","templated":true}]}}