{"id":667,"date":"2023-01-18T10:16:22","date_gmt":"2023-01-18T09:16:22","guid":{"rendered":"https:\/\/blog.u-bourgogne.fr\/mastercclimat\/?page_id=667"},"modified":"2023-01-18T10:16:43","modified_gmt":"2023-01-18T09:16:43","slug":"alternance-et-formation-continue","status":"publish","type":"page","link":"https:\/\/blog.ube.fr\/mastercclimat\/alternance-et-formation-continue\/","title":{"rendered":"Alternance et formation continue"},"content":{"rendered":"<p>&nbsp;<\/p>\n<div class=\"entry-content\">\n<p>L&#8217;ann\u00e9e de master 2 est ouverte \u00e0 la formation continue :<\/p>\n<p>&nbsp;<\/p>\n<ul>\n<li>Apprentissage : en entreprise priv\u00e9e et en organisme public<\/li>\n<li>Contrat de professionnalisation : en entreprise priv\u00e9e<\/li>\n<li>Demandeurs d\u2019emploi via le P\u00f4le Emploi<\/li>\n<li>Salari\u00e9s : plan de formation, cong\u00e9 individuel de formation ou \u00e0 titre individuel, VAE<\/li>\n<\/ul>\n<p>&nbsp;<\/p>\n<p>La formation continue s\u2019adresse \u00e0 toute personne d\u00e9j\u00e0 engag\u00e9e dans la vie active, d\u00e9sireuse de reprendre ses \u00e9tudes et compl\u00e9ter ainsi sa formation, ainsi qu\u2019\u00e0 tout \u00e9tudiant souhaitant suivre une formation en alternance.<\/p>\n<p>Une validation d\u2019acquis professionnels (VAP) peut \u00eatre envisag\u00e9e selon l\u2019exp\u00e9rience des candidats.<\/p>\n<p>&nbsp;<\/p>\n<p>Nous vous invitons \u00e0 vous renseigner aupr\u00e8s du SEFCA \u2013 Service de Formation Continue et par Alternance :<\/p>\n<ul>\n<li>sur le site du <strong><a href=\"http:\/\/sefca.u-bourgogne.fr\/reprendre-ses-etudes.html\" target=\"_blank\" rel=\"noopener noreferrer\">SEFCA<\/a><\/strong><\/li>\n<li>aupr\u00e8s de Mme Patricia Gomes : formation.continue-shs@u-bourgogne.fr<\/li>\n<\/ul>\n<p>pour tout renseignement sur ces diff\u00e9rents statuts ainsi que pour la Validation des Acquis de l\u2019Exp\u00e9rience (VAE) et les prises en charge possibles des frais de formation.<\/p>\n<p>&nbsp;<\/p>\n<p><img loading=\"lazy\" decoding=\"async\" class=\"size-medium wp-image-86 aligncenter\" src=\"http:\/\/blog.ube.fr\/lpro-gevu\/wp-content\/uploads\/sites\/50\/2016\/04\/logo-SEFCA-300x107.jpg\" sizes=\"auto, (max-width: 300px) 100vw, 300px\" srcset=\"https:\/\/blog.ube.fr\/lpro-gevu\/wp-content\/uploads\/sites\/50\/2016\/04\/logo-SEFCA-300x107.jpg 300w, https:\/\/blog.ube.fr\/lpro-gevu\/wp-content\/uploads\/sites\/50\/2016\/04\/logo-SEFCA.jpg 532w\" alt=\"logo-SEFCA\" width=\"300\" height=\"107\" \/><\/p>\n<p>&nbsp;<\/p>\n<\/div>\n<p>La formation initiale reste tout \u00e0 fait possible \u00e9galement en l&#8217;absence d&#8217;organisme d&#8217;accueil.<\/p>\n","protected":false},"excerpt":{"rendered":"<p>&nbsp; L&#8217;ann\u00e9e de master 2 est ouverte \u00e0 la formation continue : &nbsp; Apprentissage : en entreprise priv\u00e9e et en organisme public Contrat de professionnalisation : en entreprise priv\u00e9e Demandeurs d\u2019emploi via le P\u00f4le Emploi Salari\u00e9s : plan de formation, cong\u00e9 individuel de formation ou \u00e0 titre individuel, VAE &nbsp; La formation continue s\u2019adresse \u00e0&hellip;<\/p>\n<p class=\"more-link-p\"><a class=\"btn btn-primary\" href=\"https:\/\/blog.ube.fr\/mastercclimat\/alternance-et-formation-continue\/\">Voir plus &rarr;<\/a><\/p>\n","protected":false},"author":83,"featured_media":0,"parent":0,"menu_order":0,"comment_status":"closed","ping_status":"closed","template":"","meta":{"_exactmetrics_skip_tracking":false,"_exactmetrics_sitenote_active":false,"_exactmetrics_sitenote_note":"","_exactmetrics_sitenote_category":0,"footnotes":""},"class_list":["post-667","page","type-page","status-publish","hentry"],"_links":{"self":[{"href":"https:\/\/blog.ube.fr\/mastercclimat\/wp-json\/wp\/v2\/pages\/667","targetHints":{"allow":["GET"]}}],"collection":[{"href":"https:\/\/blog.ube.fr\/mastercclimat\/wp-json\/wp\/v2\/pages"}],"about":[{"href":"https:\/\/blog.ube.fr\/mastercclimat\/wp-json\/wp\/v2\/types\/page"}],"author":[{"embeddable":true,"href":"https:\/\/blog.ube.fr\/mastercclimat\/wp-json\/wp\/v2\/users\/83"}],"replies":[{"embeddable":true,"href":"https:\/\/blog.ube.fr\/mastercclimat\/wp-json\/wp\/v2\/comments?post=667"}],"version-history":[{"count":2,"href":"https:\/\/blog.ube.fr\/mastercclimat\/wp-json\/wp\/v2\/pages\/667\/revisions"}],"predecessor-version":[{"id":669,"href":"https:\/\/blog.ube.fr\/mastercclimat\/wp-json\/wp\/v2\/pages\/667\/revisions\/669"}],"wp:attachment":[{"href":"https:\/\/blog.ube.fr\/mastercclimat\/wp-json\/wp\/v2\/media?parent=667"}],"curies":[{"name":"wp","href":"https:\/\/api.w.org\/{rel}","templated":true}]}}