{"id":658,"date":"2023-01-18T09:57:12","date_gmt":"2023-01-18T08:57:12","guid":{"rendered":"https:\/\/blog.u-bourgogne.fr\/mastercclimat\/?page_id=658"},"modified":"2024-09-09T14:53:33","modified_gmt":"2024-09-09T13:53:33","slug":"programme-de-la-formation","status":"publish","type":"page","link":"https:\/\/blog.ube.fr\/mastercclimat\/m2\/programme-de-la-formation\/","title":{"rendered":"Programme de formation M2"},"content":{"rendered":"<p style=\"text-align: center;\">SEMESTRE 3<\/p>\n<p><strong>UE 1 &#8211; Changement climatique<\/strong><\/p>\n<p><em>UE mutualis\u00e9e avec le master SEME<\/em><\/p>\n<ul>\n<li>Climate projections<\/li>\n<li>Impact Science<\/li>\n<li>Data Science<\/li>\n<\/ul>\n<p><strong>UE 2 &#8211; Environnement urbain<\/strong><\/p>\n<p><em>UE mutualis\u00e9e avec le master TMEC<\/em><\/p>\n<ul>\n<li>Pollutions urbaines et climat urbain<\/li>\n<li>Mesure de la qualit\u00e9 de l&#8217;air<\/li>\n<li>Mesure du climat urbain<\/li>\n<li>Analyse<\/li>\n<\/ul>\n<p><strong>UE 3 &#8211; M\u00e9thodologie appliqu\u00e9e au climat<\/strong><\/p>\n<ul>\n<li>G\u00e9omatique<\/li>\n<li>Strat\u00e9gies climatiques (Plans Climats, &#8230;)<\/li>\n<\/ul>\n<p><strong style=\"font-size: 16px;\">UE 4 &#8211; Mise en situation professionnelle<\/strong><\/p>\n<ul>\n<li>Suivi du projet professionnel (alternants)<\/li>\n<li>Projet tuteur\u00e9 (formation initiale)<\/li>\n<\/ul>\n<p><strong>UE 5 &#8211; Transverse<br \/>\n<\/strong><\/p>\n<p><em>UE mutualis\u00e9e avec le master TMEC<\/em><\/p>\n<ul>\n<li>Organisation d&#8217;un workshop<\/li>\n<li>Bilan \u00e9missions GES<\/li>\n<li>Anglais<\/li>\n<li>Atelier terrain<\/li>\n<\/ul>\n<p style=\"text-align: center;\">SEMESTRE 4<\/p>\n<p><strong>UE 6 &#8211; Stage<\/strong><\/p>\n<p><span dir=\"ltr\" role=\"presentation\">Stage de 4 mois (560 h) \u00e0 6 <\/span><span dir=\"ltr\" role=\"presentation\">mois (840 h) en entreprise, <\/span><span dir=\"ltr\" role=\"presentation\">en collectivit\u00e9 ou en <\/span><span dir=\"ltr\" role=\"presentation\">laboratoire<\/span><\/p>\n<p>&nbsp;<\/p>\n<p style=\"text-align: center;\">\n","protected":false},"excerpt":{"rendered":"<p>SEMESTRE 3 UE 1 &#8211; Changement climatique UE mutualis\u00e9e avec le master SEME Climate projections Impact Science Data Science UE 2 &#8211; Environnement urbain UE mutualis\u00e9e avec le master TMEC Pollutions urbaines et climat urbain Mesure de la qualit\u00e9 de l&#8217;air Mesure du climat urbain Analyse UE 3 &#8211; M\u00e9thodologie appliqu\u00e9e au climat G\u00e9omatique Strat\u00e9gies&hellip;<\/p>\n<p class=\"more-link-p\"><a class=\"btn btn-primary\" href=\"https:\/\/blog.ube.fr\/mastercclimat\/m2\/programme-de-la-formation\/\">Voir plus &rarr;<\/a><\/p>\n","protected":false},"author":83,"featured_media":0,"parent":476,"menu_order":0,"comment_status":"closed","ping_status":"closed","template":"","meta":{"_exactmetrics_skip_tracking":false,"_exactmetrics_sitenote_active":false,"_exactmetrics_sitenote_note":"","_exactmetrics_sitenote_category":0,"footnotes":""},"class_list":["post-658","page","type-page","status-publish","hentry"],"_links":{"self":[{"href":"https:\/\/blog.ube.fr\/mastercclimat\/wp-json\/wp\/v2\/pages\/658","targetHints":{"allow":["GET"]}}],"collection":[{"href":"https:\/\/blog.ube.fr\/mastercclimat\/wp-json\/wp\/v2\/pages"}],"about":[{"href":"https:\/\/blog.ube.fr\/mastercclimat\/wp-json\/wp\/v2\/types\/page"}],"author":[{"embeddable":true,"href":"https:\/\/blog.ube.fr\/mastercclimat\/wp-json\/wp\/v2\/users\/83"}],"replies":[{"embeddable":true,"href":"https:\/\/blog.ube.fr\/mastercclimat\/wp-json\/wp\/v2\/comments?post=658"}],"version-history":[{"count":9,"href":"https:\/\/blog.ube.fr\/mastercclimat\/wp-json\/wp\/v2\/pages\/658\/revisions"}],"predecessor-version":[{"id":751,"href":"https:\/\/blog.ube.fr\/mastercclimat\/wp-json\/wp\/v2\/pages\/658\/revisions\/751"}],"up":[{"embeddable":true,"href":"https:\/\/blog.ube.fr\/mastercclimat\/wp-json\/wp\/v2\/pages\/476"}],"wp:attachment":[{"href":"https:\/\/blog.ube.fr\/mastercclimat\/wp-json\/wp\/v2\/media?parent=658"}],"curies":[{"name":"wp","href":"https:\/\/api.w.org\/{rel}","templated":true}]}}