{"id":466,"date":"2022-02-28T15:35:38","date_gmt":"2022-02-28T14:35:38","guid":{"rendered":"https:\/\/blog.u-bourgogne.fr\/mastercclimat\/?page_id=466"},"modified":"2022-02-28T15:42:59","modified_gmt":"2022-02-28T14:42:59","slug":"debouches","status":"publish","type":"page","link":"https:\/\/blog.ube.fr\/mastercclimat\/debouches\/","title":{"rendered":"D\u00e9bouch\u00e9s"},"content":{"rendered":"<p>Le master CClimAT forme des \u00e9tudiants aux m\u00e9tiers supports \u00e0 la connaissance des changements environnementaux et \u00e0 l\u2019action territorialis\u00e9e, notamment locale et urbaine, contre le changement climatique et ses effets.<\/p>\n<p>La formation peut \u00eatre suivie en alternance pour la 2e ann\u00e9e du master. Dans ce cas le dispositif alterne des semaines compl\u00e8tes de formation avec des semaines en entreprise.<\/p>\n<p><strong><em><u>Qui sont les employeurs\u00a0?<\/u><\/em><\/strong><\/p>\n<ul>\n<li>Bureaux d\u2019\u00e9tude et cabinets conseil (EGIS, SUEZ-consulting, ARIA-technologies, TEC-conseil, Mosa\u00efque-Environnement, etc)\u00a0: expertises en environnement atmosph\u00e9rique, diagnostic du changement climatique actuel et projet\u00e9 \u00e0 l\u2019\u00e9chelle des territoires, vuln\u00e9rabilit\u00e9 au changement climatique, solutions d\u2019adaptation, appui \u00e0 la r\u00e9alisation des plans climat-air-environnement territoriaux (PCAET), appui \u00e0 la r\u00e9alisation de plans de gestion et de d\u00e9veloppement du patrimoine v\u00e9g\u00e9tal<\/li>\n<li>Organismes de recherche et d\u2019enseignement sup\u00e9rieur (CNRS, universit\u00e9s, IRD&#8230;)\u00a0: recherche fondamentale et appliqu\u00e9e sur la d\u00e9tection du changement climatique, les projections climatiques spatialis\u00e9es, via la pr\u00e9paration d\u2019un doctorat<\/li>\n<li>Collectivit\u00e9s territoriales (communaut\u00e9s de communes, d\u2019agglom\u00e9ration, conseils r\u00e9gionaux\u2026), administrations de l\u2019Etat et organismes gestionnaires des territoires\u00a0: charg\u00e9s de mission climat-air-\u00e9nergie, trames vertes et bleues ou \u00e9cologie urbaine<\/li>\n<li>Associations professionnelles, de monitoring, d\u2019\u00e9tude et d\u2019information sur le changement climatique, la lutte contre le changement climatique, l\u2019environnement et le d\u00e9veloppement durable des territoires (Associations Agr\u00e9\u00e9es de Surveillance de la Qualit\u00e9 de l\u2019Air [AASQA], Agences r\u00e9gionales de l\u2019environnement, \u2026)<\/li>\n<\/ul>\n<p><strong><em><u>Quels sont les m\u00e9tiers ?<br \/>\n<\/u><\/em><\/strong><\/p>\n<ul>\n<li>data scientist, mod\u00e9lisateur, sigiste climat<\/li>\n<li>chef de projet \/ charg\u00e9 de mission climat-air, PCAET<\/li>\n<li>chef de projet \/ charg\u00e9 de mission adaptation, vuln\u00e9rabilit\u00e9<\/li>\n<li>chef de projet \/ charg\u00e9 de mission v\u00e9g\u00e9talisation urbaine, patrimoine naturel, paysage urbain, trames vertes et bleues<\/li>\n<li>charg\u00e9 d&#8217;ing\u00e9nierie en environnement naturel et climat<\/li>\n<li>g\u00e9omaticien en environnement urbain<\/li>\n<li>agent de d\u00e9veloppement territorial<\/li>\n<li>chercheur, enseignant-chercheur<\/li>\n<\/ul>\n","protected":false},"excerpt":{"rendered":"<p>Le master CClimAT forme des \u00e9tudiants aux m\u00e9tiers supports \u00e0 la connaissance des changements environnementaux et \u00e0 l\u2019action territorialis\u00e9e, notamment locale et urbaine, contre le changement climatique et ses effets. La formation peut \u00eatre suivie en alternance pour la 2e ann\u00e9e du master. Dans ce cas le dispositif alterne des semaines compl\u00e8tes de formation avec&hellip;<\/p>\n<p class=\"more-link-p\"><a class=\"btn btn-primary\" href=\"https:\/\/blog.ube.fr\/mastercclimat\/debouches\/\">Voir plus &rarr;<\/a><\/p>\n","protected":false},"author":83,"featured_media":0,"parent":0,"menu_order":0,"comment_status":"closed","ping_status":"closed","template":"","meta":{"_exactmetrics_skip_tracking":false,"_exactmetrics_sitenote_active":false,"_exactmetrics_sitenote_note":"","_exactmetrics_sitenote_category":0,"footnotes":""},"class_list":["post-466","page","type-page","status-publish","hentry"],"_links":{"self":[{"href":"https:\/\/blog.ube.fr\/mastercclimat\/wp-json\/wp\/v2\/pages\/466","targetHints":{"allow":["GET"]}}],"collection":[{"href":"https:\/\/blog.ube.fr\/mastercclimat\/wp-json\/wp\/v2\/pages"}],"about":[{"href":"https:\/\/blog.ube.fr\/mastercclimat\/wp-json\/wp\/v2\/types\/page"}],"author":[{"embeddable":true,"href":"https:\/\/blog.ube.fr\/mastercclimat\/wp-json\/wp\/v2\/users\/83"}],"replies":[{"embeddable":true,"href":"https:\/\/blog.ube.fr\/mastercclimat\/wp-json\/wp\/v2\/comments?post=466"}],"version-history":[{"count":3,"href":"https:\/\/blog.ube.fr\/mastercclimat\/wp-json\/wp\/v2\/pages\/466\/revisions"}],"predecessor-version":[{"id":474,"href":"https:\/\/blog.ube.fr\/mastercclimat\/wp-json\/wp\/v2\/pages\/466\/revisions\/474"}],"wp:attachment":[{"href":"https:\/\/blog.ube.fr\/mastercclimat\/wp-json\/wp\/v2\/media?parent=466"}],"curies":[{"name":"wp","href":"https:\/\/api.w.org\/{rel}","templated":true}]}}