{"id":452,"date":"2022-02-28T15:29:13","date_gmt":"2022-02-28T14:29:13","guid":{"rendered":"https:\/\/blog.u-bourgogne.fr\/mastercclimat\/?page_id=452"},"modified":"2025-03-31T12:14:14","modified_gmt":"2025-03-31T11:14:14","slug":"rythme-de-la-formation","status":"publish","type":"page","link":"https:\/\/blog.ube.fr\/mastercclimat\/enseignements\/rythme-de-la-formation\/","title":{"rendered":"Rythme de la formation M1"},"content":{"rendered":"<p>La rentr\u00e9e aura lieu en septembre 2025 \u00e0 10h (3\u00e8me \u00e9tage b\u00e2timent droit-lettre)<\/p>\n<p style=\"text-align: center;\">L&#8217;emploi du temps est disponible en ligne sur le Google Agenda ici :<\/p>\n<p style=\"text-align: center;\"><strong><a title=\"emploi du temps M1 CClimAT\" href=\"https:\/\/calendar.google.com\/calendar\/embed?src=u1kpsbjqpg55pl23a89v2rn6cc%40group.calendar.google.com&amp;ctz=Europe%2FParis\" target=\"_blank\" rel=\"noopener\">emploi du temps M1 CClimAT<\/a><\/strong><\/p>\n<p>L&#8217;ann\u00e9e de master 1 se termine en juin 2025.<\/p>\n<p>&nbsp;<\/p>\n<p>&nbsp;<\/p>\n","protected":false},"excerpt":{"rendered":"<p>La rentr\u00e9e aura lieu en septembre 2025 \u00e0 10h (3\u00e8me \u00e9tage b\u00e2timent droit-lettre) L&#8217;emploi du temps est disponible en ligne sur le Google Agenda ici : emploi du temps M1 CClimAT L&#8217;ann\u00e9e de master 1 se termine en juin 2025. &nbsp; &nbsp;<\/p>\n<p class=\"more-link-p\"><a class=\"btn btn-primary\" href=\"https:\/\/blog.ube.fr\/mastercclimat\/enseignements\/rythme-de-la-formation\/\">Voir plus &rarr;<\/a><\/p>\n","protected":false},"author":83,"featured_media":0,"parent":429,"menu_order":2,"comment_status":"closed","ping_status":"closed","template":"","meta":{"_exactmetrics_skip_tracking":false,"_exactmetrics_sitenote_active":false,"_exactmetrics_sitenote_note":"","_exactmetrics_sitenote_category":0,"footnotes":""},"class_list":["post-452","page","type-page","status-publish","hentry"],"_links":{"self":[{"href":"https:\/\/blog.ube.fr\/mastercclimat\/wp-json\/wp\/v2\/pages\/452","targetHints":{"allow":["GET"]}}],"collection":[{"href":"https:\/\/blog.ube.fr\/mastercclimat\/wp-json\/wp\/v2\/pages"}],"about":[{"href":"https:\/\/blog.ube.fr\/mastercclimat\/wp-json\/wp\/v2\/types\/page"}],"author":[{"embeddable":true,"href":"https:\/\/blog.ube.fr\/mastercclimat\/wp-json\/wp\/v2\/users\/83"}],"replies":[{"embeddable":true,"href":"https:\/\/blog.ube.fr\/mastercclimat\/wp-json\/wp\/v2\/comments?post=452"}],"version-history":[{"count":8,"href":"https:\/\/blog.ube.fr\/mastercclimat\/wp-json\/wp\/v2\/pages\/452\/revisions"}],"predecessor-version":[{"id":755,"href":"https:\/\/blog.ube.fr\/mastercclimat\/wp-json\/wp\/v2\/pages\/452\/revisions\/755"}],"up":[{"embeddable":true,"href":"https:\/\/blog.ube.fr\/mastercclimat\/wp-json\/wp\/v2\/pages\/429"}],"wp:attachment":[{"href":"https:\/\/blog.ube.fr\/mastercclimat\/wp-json\/wp\/v2\/media?parent=452"}],"curies":[{"name":"wp","href":"https:\/\/api.w.org\/{rel}","templated":true}]}}