{"id":73,"date":"2015-04-15T14:41:07","date_gmt":"2015-04-15T13:41:07","guid":{"rendered":"http:\/\/blog.u-bourgogne.fr\/master-tmec\/?page_id=73"},"modified":"2026-03-30T11:06:43","modified_gmt":"2026-03-30T10:06:43","slug":"modalites-candidature","status":"publish","type":"page","link":"https:\/\/blog.ube.fr\/master-tmec\/modalites-candidature\/","title":{"rendered":"Modalit\u00e9s de candidature"},"content":{"rendered":"<h3><span style=\"text-decoration: underline;\"><strong>Modalit\u00e9s de candidature en premi\u00e8re et en seconde ann\u00e9e du master TMEC<br \/>\n<\/strong><\/span><\/h3>\n<p><strong>Le master TMEC recrute en 1<sup>re<\/sup> et 2<sup>e<\/sup> ann\u00e9e :<\/strong><\/p>\n<ul>\n<li>des \u00e9tudiants issus d&#8217;un cursus de g\u00e9ographie et d&#8217;am\u00e9nagement<\/li>\n<li>des \u00e9tudiants titulaires d&#8217;une licence ou d&#8217;un dipl\u00f4me \u00e9quivalent dans les disciplines de Sciences Humaines, Sciences \u00e9conomiques, Sciences Vie-Terre, Sciences et techniques ou Science de l&#8217;ing\u00e9nieur<\/li>\n<li>des candidats en reprise d&#8217;\u00e9tude<\/li>\n<\/ul>\n<p><strong>Modalit\u00e9s d&#8217;inscription : <\/strong>(attention, les modalit\u00e9s sont diff\u00e9rentes selon l&#8217;ann\u00e9e d&#8217;inscription)<\/p>\n<ul>\n<li><strong>En master 1 :<\/strong> les \u00e9tudiants doivent s&#8217;inscrire directement sur l&#8217;application monmaster entre le 17 f\u00e9vrier et le 16 mars (inclus) : <a href=\"https:\/\/candidature.monmaster.gouv.fr\/\">https:\/\/candidature.monmaster.gouv.fr\/<\/a>\n<ul>\n<li>Examen des dossiers du 31 mars au 1er juin<\/li>\n<li>Un entretien individuel en visioconf\u00e9rence peut \u00eatre demand\u00e9<\/li>\n<li>Admission des candidatures du 2 au 16 juin<\/li>\n<li>Acception et inscription \u00e0 partir du 16 juin selon la r\u00e9ponse de l&#8217;\u00e9tablissement<\/li>\n<\/ul>\n<\/li>\n<li><strong>Proc\u00e9dure compl\u00e9mentaire : du 17 juin au 17 juillet<\/strong>\n<ul>\n<li>Examen de la liste compl\u00e9mentaire et d\u00e9p\u00f4t des candidatures : 17 au 23 juin<\/li>\n<li>Examen des candidatures du 24 juin au 7 juillet<\/li>\n<li>Phase d&#8217;admission du 8 au 17 juillet<\/li>\n<\/ul>\n<\/li>\n<\/ul>\n<p>&nbsp;<\/p>\n<ul>\n<li><strong>En master 2 :<\/strong> l&#8217;acc\u00e8s se fait sur un dossier de demande de validation d&#8217;acquis pour les \u00e9tudiants issus d&#8217;une autre mention ou d&#8217;une autre universit\u00e9 en d\u00e9posant un dossier sur la plateforme e-candidat : <a href=\"https:\/\/ecandidat.u-bourgogne.fr\">https:\/\/ecandidat.u-bourgogne.fr<\/a>\n<ul>\n<li>ouverture de la plateforme: 18 mai<\/li>\n<li>fermeture de la plateforme: 12 juin<\/li>\n<li>date limite de d\u00e9p\u00f4t des pi\u00e8ces justificatives demand\u00e9es: 15 juin<\/li>\n<li>publication des avis: 1er juillet<\/li>\n<li>Confirmation des inscriptions par les \u00e9tudiants avant le 5 juillet<\/li>\n<\/ul>\n<\/li>\n<\/ul>\n<p>&nbsp;<\/p>\n<ul>\n<li><strong>En formation continue ou en alternance<\/strong> : s\u2019adresser au service de formation continue de l\u2019Universit\u00e9 de Bourgogne : <a title=\"Formation continue\" href=\"http:\/\/www.u-bourgogne-formation.fr\/-SEFCA-votre-partenaire-formation-.html\" target=\"_blank\" rel=\"noopener noreferrer\">http:\/\/www.u-bourgogne-formation.fr\/-SEFCA-votre-partenaire-formation-.html<\/a><\/li>\n<li><strong>Les \u00e9tudiants \u00e9trangers avec un dipl\u00f4me \u00e9tranger<\/strong> doivent passer par le service &#8220;International&#8221; de l&#8217;Universit\u00e9 pour faire acte de candidature : <a title=\"Candidature \u00e9tudiants \u00e9trangers\" href=\"http:\/\/www.u-bourgogne.fr\/international\/venir-a-l-ub\/individuel.html\" target=\"_blank\" rel=\"noopener noreferrer\">http:\/\/www.u-bourgogne.fr\/international\/venir-a-l-ub\/individuel.html<\/a><\/li>\n<\/ul>\n<p><strong>Rentr\u00e9e universitaire :<\/strong><\/p>\n<ul>\n<li>En master 1 : 4 septembre \u00e0 10h00 en cartoth\u00e8que (3e \u00e9tage b\u00e2timent Droit\/Lettre)<\/li>\n<li>En master 2 : 8 septembre \u00e0 10h00 en salle 356 (3e \u00e9tage b\u00e2timent Droit\/Lettre)<\/li>\n<\/ul>\n<p>&nbsp;<\/p>\n<p>&nbsp;<\/p>\n<p>&nbsp;<\/p>\n","protected":false},"excerpt":{"rendered":"<p>Modalit\u00e9s de candidature en premi\u00e8re et en seconde ann\u00e9e du master TMEC Le master TMEC recrute en 1re et 2e ann\u00e9e : des \u00e9tudiants issus d&#8217;un cursus de g\u00e9ographie et d&#8217;am\u00e9nagement des \u00e9tudiants titulaires d&#8217;une licence ou d&#8217;un dipl\u00f4me \u00e9quivalent dans les disciplines de Sciences Humaines, Sciences \u00e9conomiques, Sciences Vie-Terre, Sciences et techniques ou Science&hellip;<\/p>\n<p class=\"more-link-p\"><a class=\"btn btn-primary\" href=\"https:\/\/blog.ube.fr\/master-tmec\/modalites-candidature\/\">Voir plus &rarr;<\/a><\/p>\n","protected":false},"author":41,"featured_media":0,"parent":0,"menu_order":0,"comment_status":"closed","ping_status":"closed","template":"","meta":{"_exactmetrics_skip_tracking":false,"_exactmetrics_sitenote_active":false,"_exactmetrics_sitenote_note":"","_exactmetrics_sitenote_category":0,"footnotes":""},"class_list":["post-73","page","type-page","status-publish","hentry"],"_links":{"self":[{"href":"https:\/\/blog.ube.fr\/master-tmec\/wp-json\/wp\/v2\/pages\/73","targetHints":{"allow":["GET"]}}],"collection":[{"href":"https:\/\/blog.ube.fr\/master-tmec\/wp-json\/wp\/v2\/pages"}],"about":[{"href":"https:\/\/blog.ube.fr\/master-tmec\/wp-json\/wp\/v2\/types\/page"}],"author":[{"embeddable":true,"href":"https:\/\/blog.ube.fr\/master-tmec\/wp-json\/wp\/v2\/users\/41"}],"replies":[{"embeddable":true,"href":"https:\/\/blog.ube.fr\/master-tmec\/wp-json\/wp\/v2\/comments?post=73"}],"version-history":[{"count":41,"href":"https:\/\/blog.ube.fr\/master-tmec\/wp-json\/wp\/v2\/pages\/73\/revisions"}],"predecessor-version":[{"id":488,"href":"https:\/\/blog.ube.fr\/master-tmec\/wp-json\/wp\/v2\/pages\/73\/revisions\/488"}],"wp:attachment":[{"href":"https:\/\/blog.ube.fr\/master-tmec\/wp-json\/wp\/v2\/media?parent=73"}],"curies":[{"name":"wp","href":"https:\/\/api.w.org\/{rel}","templated":true}]}}