{"id":37,"date":"2015-04-13T15:40:28","date_gmt":"2015-04-13T14:40:28","guid":{"rendered":"http:\/\/blog.u-bourgogne.fr\/master-tmec\/?page_id=37"},"modified":"2020-04-22T11:22:02","modified_gmt":"2020-04-22T10:22:02","slug":"insertion-professionnelle","status":"publish","type":"page","link":"https:\/\/blog.ube.fr\/master-tmec\/insertion-professionnelle\/","title":{"rendered":"Insertion professionnelle"},"content":{"rendered":"<h3><strong>\u00a0<\/strong><\/h3>\n<h3><strong>Quels sont les secteurs d\u2019activit\u00e9s ?<\/strong><\/h3>\n<table style=\"width: 1257.55px\">\n<tbody>\n<tr>\n<td style=\"width: 654px\">Le <strong>Master Transport Mobilit\u00e9 Environnement Climat<\/strong> forme les \u00e9tudiants\u00a0 dans trois grands secteurs d\u2019activit\u00e9. Le premier concerne les <strong>collectivit\u00e9s territoriales<\/strong> \u00e0 travers notamment la comp\u00e9tence \u00ab\u00a0transport\u00a0\u00bb des Communaut\u00e9s de communes, des Communaut\u00e9s d\u2019agglom\u00e9ration ou des Communaut\u00e9s Urbaines. L&#8217;insertion professionnelle se fait alors en tant que Charg\u00e9s d\u2019\u00e9tudes, de missions, Eco-conseillers ou conducteurs de projets. Le second secteur d&#8217;activit\u00e9 pour l&#8217;insertion professionnelle des dipl\u00f4m\u00e9s du master TMEC est l\u2019exploitation des r\u00e9seaux et comprend les <strong>grandes entreprises de transport<\/strong> comme la SNCF, K\u00e9olis ou V\u00e9olia transport. Enfin l\u2019activit\u00e9 de conseil est effectu\u00e9e par les <strong>bureaux d\u2019\u00e9tudes<\/strong> sp\u00e9cialis\u00e9s dans le domaine des plans de d\u00e9placement, l\u2019acoustique ou la qualit\u00e9 de l\u2019air.<\/td>\n<td style=\"width: 578.55px\">\n<h3><strong><img loading=\"lazy\" decoding=\"async\" class=\" alignright\" src=\"http:\/\/blog.ube.fr\/master-tmec\/wp-content\/uploads\/sites\/22\/2015\/04\/SECTEURS.jpg\" alt=\"Secteurs\" width=\"489\" height=\"425\" \/><\/strong><\/h3>\n<\/td>\n<\/tr>\n<\/tbody>\n<\/table>\n<h3>\u00a0<strong>Qui sont les employeurs\u00a0?<\/strong><\/h3>\n<table style=\"width: 1290px;height: 293px\">\n<tbody>\n<tr>\n<td style=\"width: 646.583px\">\n<h3><a href=\"https:\/\/blog.ube.fr\/master-tmec\/wp-content\/uploads\/sites\/22\/2020\/04\/insertion2019.jpg\">Taux moyen d\u2019insertion : 70 %<img loading=\"lazy\" decoding=\"async\" class=\"wp-image-395 alignnone\" src=\"https:\/\/blog.ube.fr\/master-tmec\/wp-content\/uploads\/sites\/22\/2020\/04\/insertion2019-1024x576.jpg\" alt=\"Taux moyen d'insertion : 70 %\" width=\"595\" height=\"335\" srcset=\"https:\/\/blog.ube.fr\/master-tmec\/wp-content\/uploads\/sites\/22\/2020\/04\/insertion2019-1024x576.jpg 1024w, https:\/\/blog.ube.fr\/master-tmec\/wp-content\/uploads\/sites\/22\/2020\/04\/insertion2019-300x169.jpg 300w, https:\/\/blog.ube.fr\/master-tmec\/wp-content\/uploads\/sites\/22\/2020\/04\/insertion2019-768x432.jpg 768w, https:\/\/blog.ube.fr\/master-tmec\/wp-content\/uploads\/sites\/22\/2020\/04\/insertion2019.jpg 1280w\" sizes=\"auto, (max-width: 595px) 100vw, 595px\" \/><\/a><\/h3>\n<\/td>\n<td style=\"width: 605.417px\"><img loading=\"lazy\" decoding=\"async\" class=\"puce\" src=\"http:\/\/master-tme.u-bourgogne.fr\/local\/cache-vignettes\/L8xH11\/puce-32883.gif\" alt=\"-\" width=\"8\" height=\"11\" \/>\u00a0 Administrations de l\u2019\u00c9tat, organismes gestionnaires des territoires, Collectivit\u00e9s territoriales (Communaut\u00e9 de Commune, agglom\u00e9ration, Conseil R\u00e9gional, D\u00e9partemental)<br \/>\n<img loading=\"lazy\" decoding=\"async\" class=\"puce\" src=\"http:\/\/master-tme.u-bourgogne.fr\/local\/cache-vignettes\/L8xH11\/puce-32883.gif\" alt=\"-\" width=\"8\" height=\"11\" \/>\u00a0 Syndicat mixtes (SMTC), chambres consulaires (CCI), structures de d\u00e9veloppement local<br \/>\n<img loading=\"lazy\" decoding=\"async\" class=\"puce\" src=\"http:\/\/master-tme.u-bourgogne.fr\/local\/cache-vignettes\/L8xH11\/puce-32883.gif\" alt=\"-\" width=\"8\" height=\"11\" \/>\u00a0 Bureaux d\u2019\u00e9tude et d\u2019expertises, cabinets de consultants (Egis, Auxilia)<br \/>\n<img loading=\"lazy\" decoding=\"async\" class=\"puce\" src=\"http:\/\/master-tme.u-bourgogne.fr\/local\/cache-vignettes\/L8xH11\/puce-32883.gif\" alt=\"-\" width=\"8\" height=\"11\" \/>\u00a0 Exploitation des r\u00e9seaux de transport (SNCF, K\u00e9olis, V\u00e9olia\u2026)<br \/>\n<img loading=\"lazy\" decoding=\"async\" class=\"puce\" src=\"http:\/\/master-tme.u-bourgogne.fr\/local\/cache-vignettes\/L8xH11\/puce-32883.gif\" alt=\"-\" width=\"8\" height=\"11\" \/>\u00a0 Milieux associatifs (Association pour la qualit\u00e9 de l\u2019air (ASQA), agence pour l\u2019environnement (Alterre))<br \/>\n<img loading=\"lazy\" decoding=\"async\" class=\"puce\" src=\"http:\/\/master-tme.u-bourgogne.fr\/local\/cache-vignettes\/L8xH11\/puce-32883.gif\" alt=\"-\" width=\"8\" height=\"11\" \/>\u00a0 Organismes sp\u00e9cialis\u00e9s de gestion et de protection des milieux naturels, parcs naturels<br \/>\n<img loading=\"lazy\" decoding=\"async\" class=\"puce\" src=\"http:\/\/master-tme.u-bourgogne.fr\/local\/cache-vignettes\/L8xH11\/puce-32883.gif\" alt=\"-\" width=\"8\" height=\"11\" \/>\u00a0 Soci\u00e9t\u00e9s de transport marchandises<br \/>\n<img loading=\"lazy\" decoding=\"async\" class=\"puce\" src=\"http:\/\/master-tme.u-bourgogne.fr\/local\/cache-vignettes\/L8xH11\/puce-32883.gif\" alt=\"-\" width=\"8\" height=\"11\" \/>\u00a0 Services logistiques des entreprises<\/td>\n<\/tr>\n<\/tbody>\n<\/table>\n<h3><strong>Quelles poursuite d\u2019\u00e9tudes ?<br \/>\n<\/strong><\/h3>\n<p>A l\u2019issue de la premi\u00e8re ann\u00e9e de master, les \u00e9tudiants pr\u00e9sentent leur projet professionnel pour acc\u00e9der en seconde ann\u00e9e. Cette nouvelle \u00e9tape est l\u2019occasion de r\u00e9fl\u00e9chir aux choix des enseignements \u00e0 suivre pour la deuxi\u00e8me partie de la formation. Il est possible de s\u00e9lectionner un parcours avec une dominante pr\u00e9parant au monde professionnel ou \u00e0 la poursuite d\u2019\u00e9tude en doctorat. Les \u00e9tudiants titulaires d\u2019un master 1 pourront s\u2019orienter vers 2 masters de sp\u00e9cialit\u00e9s propos\u00e9s par les Universit\u00e9s de Bourgogne et Franche-Comt\u00e9\u00a0:<\/p>\n<p><img loading=\"lazy\" decoding=\"async\" class=\"puce\" src=\"http:\/\/master-tme.u-bourgogne.fr\/local\/cache-vignettes\/L8xH11\/puce-32883.gif\" alt=\"-\" width=\"8\" height=\"11\" \/>\u00a0Sp\u00e9cialit\u00e9 professionnelle-recherche<strong> Transports, Mobilit\u00e9s, Environnement, Climat<\/strong> (mention Sciences Humaines G\u00e9ographie Am\u00e9nagement Environnement)<br \/>\n<img loading=\"lazy\" decoding=\"async\" class=\"puce\" src=\"http:\/\/master-tme.u-bourgogne.fr\/local\/cache-vignettes\/L8xH11\/puce-32883.gif\" alt=\"-\" width=\"8\" height=\"11\" \/>\u00a0Sp\u00e9cialit\u00e9 recherche <strong>G\u00e9obiosph\u00e8re parcours Environnement-Climatologie<\/strong> (mention Sciences Technologies)<\/p>\n<p>&nbsp;<\/p>\n","protected":false},"excerpt":{"rendered":"<p>\u00a0 Quels sont les secteurs d\u2019activit\u00e9s ? Le Master Transport Mobilit\u00e9 Environnement Climat forme les \u00e9tudiants\u00a0 dans trois grands secteurs d\u2019activit\u00e9. Le premier concerne les collectivit\u00e9s territoriales \u00e0 travers notamment la comp\u00e9tence \u00ab\u00a0transport\u00a0\u00bb des Communaut\u00e9s de communes, des Communaut\u00e9s d\u2019agglom\u00e9ration ou des Communaut\u00e9s Urbaines. L&#8217;insertion professionnelle se fait alors en tant que Charg\u00e9s d\u2019\u00e9tudes, de&hellip;<\/p>\n<p class=\"more-link-p\"><a class=\"btn btn-primary\" href=\"https:\/\/blog.ube.fr\/master-tmec\/insertion-professionnelle\/\">Voir plus &rarr;<\/a><\/p>\n","protected":false},"author":73,"featured_media":0,"parent":0,"menu_order":2,"comment_status":"closed","ping_status":"closed","template":"","meta":{"_exactmetrics_skip_tracking":false,"_exactmetrics_sitenote_active":false,"_exactmetrics_sitenote_note":"","_exactmetrics_sitenote_category":0,"footnotes":""},"class_list":["post-37","page","type-page","status-publish","hentry"],"_links":{"self":[{"href":"https:\/\/blog.ube.fr\/master-tmec\/wp-json\/wp\/v2\/pages\/37","targetHints":{"allow":["GET"]}}],"collection":[{"href":"https:\/\/blog.ube.fr\/master-tmec\/wp-json\/wp\/v2\/pages"}],"about":[{"href":"https:\/\/blog.ube.fr\/master-tmec\/wp-json\/wp\/v2\/types\/page"}],"author":[{"embeddable":true,"href":"https:\/\/blog.ube.fr\/master-tmec\/wp-json\/wp\/v2\/users\/73"}],"replies":[{"embeddable":true,"href":"https:\/\/blog.ube.fr\/master-tmec\/wp-json\/wp\/v2\/comments?post=37"}],"version-history":[{"count":20,"href":"https:\/\/blog.ube.fr\/master-tmec\/wp-json\/wp\/v2\/pages\/37\/revisions"}],"predecessor-version":[{"id":397,"href":"https:\/\/blog.ube.fr\/master-tmec\/wp-json\/wp\/v2\/pages\/37\/revisions\/397"}],"wp:attachment":[{"href":"https:\/\/blog.ube.fr\/master-tmec\/wp-json\/wp\/v2\/media?parent=37"}],"curies":[{"name":"wp","href":"https:\/\/api.w.org\/{rel}","templated":true}]}}