{"id":285,"date":"2018-03-27T10:16:26","date_gmt":"2018-03-27T09:16:26","guid":{"rendered":"http:\/\/blog.u-bourgogne.fr\/master-tmec\/?page_id=285"},"modified":"2024-02-20T12:26:16","modified_gmt":"2024-02-20T11:26:16","slug":"programme-des-enseignements","status":"publish","type":"page","link":"https:\/\/blog.ube.fr\/master-tmec\/programme-des-enseignements\/","title":{"rendered":"Programme des enseignements"},"content":{"rendered":"<table style=\"width: 1399px; border-color: #fafafa;\">\n<tbody>\n<tr>\n<td style=\"width: 365.117px;\"><strong>R\u00e9partition des cours :<\/strong><\/p>\n<ul>\n<li>M1 : 470 heures (sans les examens)<\/li>\n<li>M2 : 425 heures (sans les examens)<\/li>\n<\/ul>\n<p><strong>Contr\u00f4le des connaissances diversifi\u00e9 :<\/strong><\/p>\n<ul>\n<li>Jeux de r\u00f4le<\/li>\n<li>Jeu s\u00e9rieux<\/li>\n<li>Restitution face \u00e0 un public de professionnels<\/li>\n<li>Dossier professionnel<\/li>\n<li>Simulation d&#8217;embauche<\/li>\n<\/ul>\n<\/td>\n<td style=\"width: 996.883px;\"><img loading=\"lazy\" decoding=\"async\" class=\"\" src=\"https:\/\/blog.ube.fr\/master-tmec\/wp-content\/uploads\/sites\/22\/2024\/02\/UE_Master1_TMEC_2024_28.jpg\" alt=\"\" width=\"946\" height=\"538\" \/><img loading=\"lazy\" decoding=\"async\" class=\"alignnone\" src=\"https:\/\/blog.ube.fr\/master-tmec\/wp-content\/uploads\/sites\/22\/2024\/02\/UE_Master2_TMEC_2024_28.jpg\" alt=\"\" width=\"958\" height=\"580\" \/><\/td>\n<\/tr>\n<\/tbody>\n<\/table>\n<p>&nbsp;<\/p>\n","protected":false},"excerpt":{"rendered":"<p>R\u00e9partition des cours : M1 : 470 heures (sans les examens) M2 : 425 heures (sans les examens) Contr\u00f4le des connaissances diversifi\u00e9 : Jeux de r\u00f4le Jeu s\u00e9rieux Restitution face \u00e0 un public de professionnels Dossier professionnel Simulation d&#8217;embauche &nbsp;<\/p>\n<p class=\"more-link-p\"><a class=\"btn btn-primary\" href=\"https:\/\/blog.ube.fr\/master-tmec\/programme-des-enseignements\/\">Voir plus &rarr;<\/a><\/p>\n","protected":false},"author":69,"featured_media":0,"parent":0,"menu_order":0,"comment_status":"closed","ping_status":"closed","template":"","meta":{"_exactmetrics_skip_tracking":false,"_exactmetrics_sitenote_active":false,"_exactmetrics_sitenote_note":"","_exactmetrics_sitenote_category":0,"footnotes":""},"class_list":["post-285","page","type-page","status-publish","hentry"],"_links":{"self":[{"href":"https:\/\/blog.ube.fr\/master-tmec\/wp-json\/wp\/v2\/pages\/285","targetHints":{"allow":["GET"]}}],"collection":[{"href":"https:\/\/blog.ube.fr\/master-tmec\/wp-json\/wp\/v2\/pages"}],"about":[{"href":"https:\/\/blog.ube.fr\/master-tmec\/wp-json\/wp\/v2\/types\/page"}],"author":[{"embeddable":true,"href":"https:\/\/blog.ube.fr\/master-tmec\/wp-json\/wp\/v2\/users\/69"}],"replies":[{"embeddable":true,"href":"https:\/\/blog.ube.fr\/master-tmec\/wp-json\/wp\/v2\/comments?post=285"}],"version-history":[{"count":10,"href":"https:\/\/blog.ube.fr\/master-tmec\/wp-json\/wp\/v2\/pages\/285\/revisions"}],"predecessor-version":[{"id":447,"href":"https:\/\/blog.ube.fr\/master-tmec\/wp-json\/wp\/v2\/pages\/285\/revisions\/447"}],"wp:attachment":[{"href":"https:\/\/blog.ube.fr\/master-tmec\/wp-json\/wp\/v2\/media?parent=285"}],"curies":[{"name":"wp","href":"https:\/\/api.w.org\/{rel}","templated":true}]}}