{"id":24,"date":"2015-04-13T14:47:39","date_gmt":"2015-04-13T13:47:39","guid":{"rendered":"http:\/\/blog.u-bourgogne.fr\/master-tmec\/?page_id=24"},"modified":"2024-02-20T12:04:16","modified_gmt":"2024-02-20T11:04:16","slug":"transport-mobilite-environnement-climat","status":"publish","type":"page","link":"https:\/\/blog.ube.fr\/master-tmec\/transport-mobilite-environnement-climat\/","title":{"rendered":"Le master TMEC"},"content":{"rendered":"<h3>Une histoire<\/h3>\n<p>Depuis 2004, le master TMEC forme des \u00e9tudiants sp\u00e9cialis\u00e9s dans le domaine du transport urbain et interurbain de voyageurs. Les dipl\u00f4m\u00e9s de cette formation exercent les fonctions de charg\u00e9 de mission mobilit\u00e9 et transport, charg\u00e9 d\u2019\u00e9tude trafic, responsable \u00e9tude et marketing, responsable environnement et d\u00e9veloppement durable dans des collectivit\u00e9s territoriales (M\u00e9tropoles, R\u00e9gion) et chez les grands op\u00e9rateurs de transport (K\u00e9olis, V\u00e9olia-Transdev, SNCF\u2026)<\/p>\n<h3>Quelques chiffres<\/h3>\n<blockquote><p>20 ann\u00e9es d\u2019exp\u00e9rience dans les domaines du transport et la mobilit\u00e9<\/p>\n<p>Plus de 300 \u00e9tudiants dipl\u00f4m\u00e9s<\/p>\n<p>80 % des \u00e9tudiants en poste \u00e0 12 mois &#8211; 100% \u00e0 36 mois (sources : Observatoire de la vie \u00e9tudiante)<\/p>\n<p>90% des \u00e9tudiants sont actuellement en alternance<\/p><\/blockquote>\n<h3>La formule<\/h3>\n<ul>\n<li>Des enseignements dispens\u00e9s par des enseignants chercheurs universitaires et des professionnels<\/li>\n<li>Une p\u00e9dagogie fond\u00e9e sur des projets command\u00e9s par des partenaires (Gares et Connexions, K\u00e9olis, Dijon M\u00e9tropole\u2026)<\/li>\n<li>Un partenariat solide avec les acteurs publics et priv\u00e9s de la mobilit\u00e9<\/li>\n<li>Une formation ouverte \u00e0 l\u2019alternance en contrat professionnel et en apprentissage (pour toute information <a href=\"http:\/\/sefca.u-bourgogne.fr\">cliquez ici<\/a>)<\/li>\n<\/ul>\n<p>&nbsp;<\/p>\n<p>&nbsp;<\/p>\n<h3>Liens utiles :<\/h3>\n<p><a title=\"Site de l'Universit\u00e9 de Bourgogne\" href=\"http:\/\/www.u-bourgogne.fr\" target=\"_blank\" rel=\"noopener\">Site de l&#8217;Universit\u00e9 de Bourgogne<\/a><\/p>\n<p><a title=\"Portail des formations de l'Universit\u00e9 de Bourgogne\" href=\"http:\/\/www.u-bourgogne-formation.fr\" target=\"_blank\" rel=\"noopener\">Portail des formations de l&#8217;Universit\u00e9 de Bourgogne<\/a> \/ <a title=\"Master TMEC Portail des formations\" href=\"http:\/\/http:\/\/www.u-bourgogne-formation.fr\/-Transports-mobilites-environnement,232-.html\" target=\"_blank\" rel=\"noopener\">Page du master sur le portail des formations<\/a><\/p>\n","protected":false},"excerpt":{"rendered":"<p>Une histoire Depuis 2004, le master TMEC forme des \u00e9tudiants sp\u00e9cialis\u00e9s dans le domaine du transport urbain et interurbain de voyageurs. Les dipl\u00f4m\u00e9s de cette formation exercent les fonctions de charg\u00e9 de mission mobilit\u00e9 et transport, charg\u00e9 d\u2019\u00e9tude trafic, responsable \u00e9tude et marketing, responsable environnement et d\u00e9veloppement durable dans des collectivit\u00e9s territoriales (M\u00e9tropoles, R\u00e9gion) et&hellip;<\/p>\n<p class=\"more-link-p\"><a class=\"btn btn-primary\" href=\"https:\/\/blog.ube.fr\/master-tmec\/transport-mobilite-environnement-climat\/\">Voir plus &rarr;<\/a><\/p>\n","protected":false},"author":73,"featured_media":49,"parent":0,"menu_order":1,"comment_status":"closed","ping_status":"closed","template":"","meta":{"_exactmetrics_skip_tracking":false,"_exactmetrics_sitenote_active":false,"_exactmetrics_sitenote_note":"","_exactmetrics_sitenote_category":0,"footnotes":""},"class_list":["post-24","page","type-page","status-publish","has-post-thumbnail","hentry"],"_links":{"self":[{"href":"https:\/\/blog.ube.fr\/master-tmec\/wp-json\/wp\/v2\/pages\/24","targetHints":{"allow":["GET"]}}],"collection":[{"href":"https:\/\/blog.ube.fr\/master-tmec\/wp-json\/wp\/v2\/pages"}],"about":[{"href":"https:\/\/blog.ube.fr\/master-tmec\/wp-json\/wp\/v2\/types\/page"}],"author":[{"embeddable":true,"href":"https:\/\/blog.ube.fr\/master-tmec\/wp-json\/wp\/v2\/users\/73"}],"replies":[{"embeddable":true,"href":"https:\/\/blog.ube.fr\/master-tmec\/wp-json\/wp\/v2\/comments?post=24"}],"version-history":[{"count":24,"href":"https:\/\/blog.ube.fr\/master-tmec\/wp-json\/wp\/v2\/pages\/24\/revisions"}],"predecessor-version":[{"id":458,"href":"https:\/\/blog.ube.fr\/master-tmec\/wp-json\/wp\/v2\/pages\/24\/revisions\/458"}],"wp:featuredmedia":[{"embeddable":true,"href":"https:\/\/blog.ube.fr\/master-tmec\/wp-json\/wp\/v2\/media\/49"}],"wp:attachment":[{"href":"https:\/\/blog.ube.fr\/master-tmec\/wp-json\/wp\/v2\/media?parent=24"}],"curies":[{"name":"wp","href":"https:\/\/api.w.org\/{rel}","templated":true}]}}