{"id":230,"date":"2015-09-02T08:54:53","date_gmt":"2015-09-02T07:54:53","guid":{"rendered":"http:\/\/blog.u-bourgogne.fr\/master-tmec\/?page_id=230"},"modified":"2017-02-01T10:32:29","modified_gmt":"2017-02-01T09:32:29","slug":"emploi-du-temps","status":"publish","type":"page","link":"https:\/\/blog.ube.fr\/master-tmec\/emploi-du-temps\/","title":{"rendered":"Emploi du temps"},"content":{"rendered":"<p>Les emplois du temps de la premi\u00e8re et de la seconde ann\u00e9e de Master sont en ligne. En effet, les emploi du temps ne sont pas r\u00e9guliers d&#8217;une semaine \u00e0 l&#8217;autre et \u00e9voluent tout au long de l&#8217;ann\u00e9e pour faire face \u00e0 des impr\u00e9vus ou \u00e0 de nouvelles opportunit\u00e9s.<\/p>\n<p><strong>Cliquez pour acc\u00e9der aux emploi du temps :<\/strong><\/p>\n<p>&#8211; <a href=\"https:\/\/www.google.com\/calendar\/embed?src=lkopgtvoum7ej25fp1h3lvtufc%40group.calendar.google.com&amp;ctz=Europe\/Paris\" target=\"_blank\">Emploi du temps du Master 1<\/a><br \/>\n&#8211; <a href=\"https:\/\/www.google.com\/calendar\/embed?src=df8vbfa2rkocv5kvfed0nuteps%40group.calendar.google.com&amp;ctz=Europe\/Paris\" target=\"_blank\">Emploi du temps du Master 2<\/a><\/p>\n","protected":false},"excerpt":{"rendered":"<p>Les emplois du temps de la premi\u00e8re et de la seconde ann\u00e9e de Master sont en ligne. En effet, les emploi du temps ne sont pas r\u00e9guliers d&#8217;une semaine \u00e0 l&#8217;autre et \u00e9voluent tout au long de l&#8217;ann\u00e9e pour faire face \u00e0 des impr\u00e9vus ou \u00e0 de nouvelles opportunit\u00e9s. Cliquez pour acc\u00e9der aux emploi du&hellip;<\/p>\n<p class=\"more-link-p\"><a class=\"btn btn-primary\" href=\"https:\/\/blog.ube.fr\/master-tmec\/emploi-du-temps\/\">Voir plus &rarr;<\/a><\/p>\n","protected":false},"author":41,"featured_media":0,"parent":0,"menu_order":0,"comment_status":"closed","ping_status":"closed","template":"","meta":{"_exactmetrics_skip_tracking":false,"_exactmetrics_sitenote_active":false,"_exactmetrics_sitenote_note":"","_exactmetrics_sitenote_category":0,"footnotes":""},"class_list":["post-230","page","type-page","status-publish","hentry"],"_links":{"self":[{"href":"https:\/\/blog.ube.fr\/master-tmec\/wp-json\/wp\/v2\/pages\/230","targetHints":{"allow":["GET"]}}],"collection":[{"href":"https:\/\/blog.ube.fr\/master-tmec\/wp-json\/wp\/v2\/pages"}],"about":[{"href":"https:\/\/blog.ube.fr\/master-tmec\/wp-json\/wp\/v2\/types\/page"}],"author":[{"embeddable":true,"href":"https:\/\/blog.ube.fr\/master-tmec\/wp-json\/wp\/v2\/users\/41"}],"replies":[{"embeddable":true,"href":"https:\/\/blog.ube.fr\/master-tmec\/wp-json\/wp\/v2\/comments?post=230"}],"version-history":[{"count":4,"href":"https:\/\/blog.ube.fr\/master-tmec\/wp-json\/wp\/v2\/pages\/230\/revisions"}],"predecessor-version":[{"id":240,"href":"https:\/\/blog.ube.fr\/master-tmec\/wp-json\/wp\/v2\/pages\/230\/revisions\/240"}],"wp:attachment":[{"href":"https:\/\/blog.ube.fr\/master-tmec\/wp-json\/wp\/v2\/media?parent=230"}],"curies":[{"name":"wp","href":"https:\/\/api.w.org\/{rel}","templated":true}]}}