{"id":193,"date":"2019-06-04T17:49:18","date_gmt":"2019-06-04T15:49:18","guid":{"rendered":"http:\/\/blog.u-bourgogne.fr\/master-mmhd\/?page_id=193"},"modified":"2019-06-04T17:49:18","modified_gmt":"2019-06-04T15:49:18","slug":"scholarships","status":"publish","type":"page","link":"https:\/\/blog.ube.fr\/master-t2mc\/scholarships\/","title":{"rendered":"SCHOLARSHIPS"},"content":{"rendered":"<style type=\"text\/css\"><\/style>\n<section class=\"kc-elm kc-css-1542453 kc_row\">\n<div class=\"kc-row-container  kc-container\">\n<div class=\"kc-wrap-columns\">\n<div class=\"kc-elm kc-css-2658498 kc_col-sm-12 kc_column kc_col-sm-12\">\n<div class=\"kc-col-container\">\n<div class=\"kc-elm kc-css-2390328 kc_text_block\">\n<p>Les \u00e9tudiants peuvent b\u00e9n\u00e9ficier des accords ERASMUS mis en place par le d\u00e9partement de chimie, pour effectuer leur stage dans un laboratoire de recherche acad\u00e9mique en Europe.<\/p>\n<p align=\"center\"><a class=\"btn btn-medium\" href=\"http:\/\/mastercmpp.u-bourgogne.fr\/telecharger\/Accords_Erasmus_ICMUB.pdf\">Liste des accords Erasmus disponibles (mise \u00e0 jour janv 2015)<\/a><\/p>\n<p align=\"center\">Les <strong>\u00e9tudiants qui r\u00e9alisent leur stage \u00e0 l&#8217;\u00e9tranger peuvent b\u00e9n\u00e9ficier de diff\u00e9rentes aides <\/strong>et notamment:<br \/>\n&#8211; une <a href=\"http:\/\/ub-link.u-bourgogne.fr\/ma-formation\/etudier-et-faire-un-stage-a-l-etranger\/stage-a-l-etranger.html\">bourse de stage Erasmus+<\/a>, pour les stages en Europe (\u00e0 l&#8217;exception de la Suisse)<br \/>\n&#8211; une bourse \u00e0 la mobilit\u00e9 internationale du Conseil R\u00e9gional de Bourgogne<br \/>\n&#8211; une aide minist\u00e9rielle \u00e0 la mobilit\u00e9 internationale, pour les \u00e9tudiants boursiers.<br \/>\nRetrouvez plus d&#8217;informations sur <a href=\"http:\/\/ub-link.u-bourgogne.fr\/ma-formation\/etudier-et-faire-un-stage-a-l-etranger\/stage-a-l-etranger.html\">le site de l&#8217;Universit\u00e9 de Bourgogne<\/a>.<\/p>\n<p>&nbsp;<\/p>\n<hr \/>\n<p><a href=\"http:\/\/mastercmpp.u-bourgogne.fr\/pages_html\/Promotion 2014_2015.html\">Stages r\u00e9alis\u00e9s par les promotions pr\u00e9c\u00e9dentes<\/a><\/p>\n<p><a href=\"http:\/\/mastercmpp.u-bourgogne.fr\/telecharger\/guidestages_ministere_2015.pdf\">Guide des stages \u00e9tudiants du Minist\u00e8re Educ. Nat. et Ens. sup\u00e9rieur (Mai 2015)<\/a><\/p>\n<\/div>\n<\/div>\n<\/div>\n<\/div>\n<\/div>\n<\/section>\n","protected":false},"excerpt":{"rendered":"<p>Les \u00e9tudiants peuvent b\u00e9n\u00e9ficier des accords ERASMUS mis en place par le d\u00e9partement de chimie, pour effectuer leur stage dans un laboratoire de recherche acad\u00e9mique en Europe. Liste des accords Erasmus disponibles (mise \u00e0 jour janv 2015) Les \u00e9tudiants qui r\u00e9alisent leur stage \u00e0 l&#8217;\u00e9tranger peuvent b\u00e9n\u00e9ficier de diff\u00e9rentes aides et notamment: &#8211; une bourse<\/p>\n<p><a class=\"button\" href=\"https:\/\/blog.ube.fr\/master-t2mc\/scholarships\/\" title=\"More\">  Voir plus \u2192<\/a><\/p>\n","protected":false},"author":407,"featured_media":0,"parent":0,"menu_order":0,"comment_status":"closed","ping_status":"closed","template":"","meta":{"_exactmetrics_skip_tracking":false,"_exactmetrics_sitenote_active":false,"_exactmetrics_sitenote_note":"","_exactmetrics_sitenote_category":0,"footnotes":""},"class_list":["post-193","page","type-page","status-publish","hentry"],"_links":{"self":[{"href":"https:\/\/blog.ube.fr\/master-t2mc\/wp-json\/wp\/v2\/pages\/193","targetHints":{"allow":["GET"]}}],"collection":[{"href":"https:\/\/blog.ube.fr\/master-t2mc\/wp-json\/wp\/v2\/pages"}],"about":[{"href":"https:\/\/blog.ube.fr\/master-t2mc\/wp-json\/wp\/v2\/types\/page"}],"author":[{"embeddable":true,"href":"https:\/\/blog.ube.fr\/master-t2mc\/wp-json\/wp\/v2\/users\/407"}],"replies":[{"embeddable":true,"href":"https:\/\/blog.ube.fr\/master-t2mc\/wp-json\/wp\/v2\/comments?post=193"}],"version-history":[{"count":1,"href":"https:\/\/blog.ube.fr\/master-t2mc\/wp-json\/wp\/v2\/pages\/193\/revisions"}],"predecessor-version":[{"id":195,"href":"https:\/\/blog.ube.fr\/master-t2mc\/wp-json\/wp\/v2\/pages\/193\/revisions\/195"}],"wp:attachment":[{"href":"https:\/\/blog.ube.fr\/master-t2mc\/wp-json\/wp\/v2\/media?parent=193"}],"curies":[{"name":"wp","href":"https:\/\/api.w.org\/{rel}","templated":true}]}}