{"id":91,"date":"2018-11-23T11:23:45","date_gmt":"2018-11-23T10:23:45","guid":{"rendered":"http:\/\/blog.u-bourgogne.fr\/master-seme\/?page_id=91"},"modified":"2024-08-23T19:12:30","modified_gmt":"2024-08-23T17:12:30","slug":"conditions","status":"publish","type":"page","link":"https:\/\/blog.ube.fr\/master-seme\/admission\/conditions\/","title":{"rendered":"Conditions &#038; Candidatures"},"content":{"rendered":"<h3>Le Master SEME a un nombre de places limit\u00e9 ce qui garanti un encadrement suffisant et comp\u00e9tent et facilite l&#8217;insertion des dipl\u00f4m\u00e9s.<\/h3>\n<h3>Qui peut candidater ?<\/h3>\n<p>Les \u00e9tudiants titulaires d&#8217;une Licence (soit 180 ECTS) ou d&#8217;un dipl\u00f4me \u00e9quivalent en France, dans le domaine Sciences Technologie Sant\u00e9, ou le cas \u00e9ch\u00e9ant dans un autre domaine, compatible avec celui du Master SEME.<br \/>\nDans tous les cas, <strong>les candidats sont vivement encourag\u00e9s \u00e0 examiner tr\u00e8s attentivement la compatibilit\u00e9 de leurs acquis et de leur projet professionnel avec les objectifs et le programme du Master.<\/strong><\/p>\n<p>Le Master SEME est accessible en formation initiale, par alternance (M2) et en formation continue<\/p>\n<h3>Candidatures<\/h3>\n<p>Acc\u00e8s en M1 :<\/p>\n<p>par la plate-forme <a href=\"https:\/\/www.monmaster.gouv.fr\/\">monmaster.gouv.fr<\/a><br \/>\nL&#8217;effectif total en M1 ne peut d\u00e9passer 20 \u00e9tudiants.<\/p>\n<p>Acc\u00e8s en M2 :<\/p>\n<p>de droit pour les \u00e9tudiants ayant suivi le M1 SEME \u00e0 l&#8217;UFR SVTE ;<br \/>\nsur dossier pour les candidatures externes via la <a href=\"https:\/\/ecandidat.u-bourgogne.fr\">plate-forme e-candidat<\/a><\/p>\n<p>L&#8217;admission est prononc\u00e9e par la commission de s\u00e9lection du Master SEME suite \u00e0 sur l&#8217;examen du dossier de candidature.<\/p>\n<p>Plus de d\u00e9tail sur le site formations.u-bourgogne.fr<\/p>\n<h3>Etudiants de nationalit\u00e9 \u00e9trang\u00e8re<\/h3>\n<p>Les \u00e9tudiants de nationalit\u00e9 \u00e9trang\u00e8re doivent respecter la proc\u00e9dure mise en place par le service des <a title=\"RI venir \u00e0 l'uB\" href=\"https:\/\/ub-link.u-bourgogne.fr\/etudiants-internationaux\" target=\"_blank\" rel=\"noopener noreferrer\">Relations Internationales<\/a> de l&#8217;universit\u00e9. Attention : le niveau de ma\u00eetrise du fran\u00e7ais requis pour candidater \u00e0 nos formation est le niveau <strong>C1<\/strong>.<\/p>\n","protected":false},"excerpt":{"rendered":"<p>Le Master SEME a un nombre de places limit\u00e9 ce qui garanti un encadrement suffisant et comp\u00e9tent et facilite l&#8217;insertion des dipl\u00f4m\u00e9s. Qui peut candidater ? Les \u00e9tudiants titulaires d&#8217;une Licence (soit 180 ECTS) ou d&#8217;un dipl\u00f4me \u00e9quivalent en France, dans le domaine Sciences Technologie Sant\u00e9, ou le cas \u00e9ch\u00e9ant dans un autre domaine, compatible&hellip;<\/p>\n<p class=\"more-link-p\"><a class=\"btn btn-primary\" href=\"https:\/\/blog.ube.fr\/master-seme\/admission\/conditions\/\">Voir plus &rarr;<\/a><\/p>\n","protected":false},"author":386,"featured_media":0,"parent":89,"menu_order":0,"comment_status":"closed","ping_status":"closed","template":"","meta":{"_exactmetrics_skip_tracking":false,"_exactmetrics_sitenote_active":false,"_exactmetrics_sitenote_note":"","_exactmetrics_sitenote_category":0,"footnotes":""},"class_list":["post-91","page","type-page","status-publish","hentry"],"_links":{"self":[{"href":"https:\/\/blog.ube.fr\/master-seme\/wp-json\/wp\/v2\/pages\/91","targetHints":{"allow":["GET"]}}],"collection":[{"href":"https:\/\/blog.ube.fr\/master-seme\/wp-json\/wp\/v2\/pages"}],"about":[{"href":"https:\/\/blog.ube.fr\/master-seme\/wp-json\/wp\/v2\/types\/page"}],"author":[{"embeddable":true,"href":"https:\/\/blog.ube.fr\/master-seme\/wp-json\/wp\/v2\/users\/386"}],"replies":[{"embeddable":true,"href":"https:\/\/blog.ube.fr\/master-seme\/wp-json\/wp\/v2\/comments?post=91"}],"version-history":[{"count":17,"href":"https:\/\/blog.ube.fr\/master-seme\/wp-json\/wp\/v2\/pages\/91\/revisions"}],"predecessor-version":[{"id":746,"href":"https:\/\/blog.ube.fr\/master-seme\/wp-json\/wp\/v2\/pages\/91\/revisions\/746"}],"up":[{"embeddable":true,"href":"https:\/\/blog.ube.fr\/master-seme\/wp-json\/wp\/v2\/pages\/89"}],"wp:attachment":[{"href":"https:\/\/blog.ube.fr\/master-seme\/wp-json\/wp\/v2\/media?parent=91"}],"curies":[{"name":"wp","href":"https:\/\/api.w.org\/{rel}","templated":true}]}}