{"id":87,"date":"2018-11-23T11:22:18","date_gmt":"2018-11-23T10:22:18","guid":{"rendered":"http:\/\/blog.u-bourgogne.fr\/master-seme\/?page_id=87"},"modified":"2024-08-23T18:35:09","modified_gmt":"2024-08-23T16:35:09","slug":"insertion","status":"publish","type":"page","link":"https:\/\/blog.ube.fr\/master-seme\/debouches\/insertion\/","title":{"rendered":"Insertion"},"content":{"rendered":"<h3>A l&#8217;issue du M2 SEME, le taux d&#8217;insertion des dipl\u00f4m\u00e9s est de 95 % 2 ans apr\u00e8s l&#8217;obtention du dipl\u00f4me.<\/h3>\n<p><img loading=\"lazy\" decoding=\"async\" class=\"wp-image-193 aligncenter\" src=\"http:\/\/blog.ube.fr\/master-seme\/wp-content\/uploads\/sites\/117\/2019\/05\/insertion_2015-300x206.jpg\" alt=\"\" width=\"479\" height=\"329\" srcset=\"https:\/\/blog.ube.fr\/master-seme\/wp-content\/uploads\/sites\/117\/2019\/05\/insertion_2015-300x206.jpg 300w, https:\/\/blog.ube.fr\/master-seme\/wp-content\/uploads\/sites\/117\/2019\/05\/insertion_2015-768x528.jpg 768w, https:\/\/blog.ube.fr\/master-seme\/wp-content\/uploads\/sites\/117\/2019\/05\/insertion_2015-1024x705.jpg 1024w, https:\/\/blog.ube.fr\/master-seme\/wp-content\/uploads\/sites\/117\/2019\/05\/insertion_2015.jpg 1940w\" sizes=\"auto, (max-width: 479px) 100vw, 479px\" \/><\/p>\n<p>Les dipl\u00f4m\u00e9s occupent tr\u00e8s majoritairement des emplois de cadre (85%) en CDI (60%) ou en CDD (40%) localis\u00e9s dans les secteurs :<\/p>\n<ol>\n<li>d&#8217;activit\u00e9 de services, plus particuli\u00e8rement dans le domaine environnement, agriculture, sylviculture,<\/li>\n<li>d&#8217;activit\u00e9s sp\u00e9cialis\u00e9es scientifiques et techniques dans l&#8217;environnement,<\/li>\n<li>des administrations publiques (hors enseignement)<\/li>\n<\/ol>\n<p>source : ODE (2017) &#8211; Le devenir des dipl\u00f4m\u00e9s de Master 2015 de l&#8217;uB &#8211; <a href=\"http:\/\/ode.u-bourgogne.fr\/devenir-et-insertion\/publi-insertion-professionnelle\/master-2-ub.html\">retrouvez l&#8217;enqu\u00eate compl\u00e8te sur le site de l&#8217;ODE<\/a><\/p>\n<p>&nbsp;<\/p>\n<p>&nbsp;<\/p>\n<pre>taux d\u2019insertion professionnelle= [Population en emploi \/ (Population en emploi + Population en recherche d\u2019emploi)\u00d7100]<\/pre>\n","protected":false},"excerpt":{"rendered":"<p>A l&#8217;issue du M2 SEME, le taux d&#8217;insertion des dipl\u00f4m\u00e9s est de 95 % 2 ans apr\u00e8s l&#8217;obtention du dipl\u00f4me. Les dipl\u00f4m\u00e9s occupent tr\u00e8s majoritairement des emplois de cadre (85%) en CDI (60%) ou en CDD (40%) localis\u00e9s dans les secteurs : d&#8217;activit\u00e9 de services, plus particuli\u00e8rement dans le domaine environnement, agriculture, sylviculture, d&#8217;activit\u00e9s sp\u00e9cialis\u00e9es&hellip;<\/p>\n<p class=\"more-link-p\"><a class=\"btn btn-primary\" href=\"https:\/\/blog.ube.fr\/master-seme\/debouches\/insertion\/\">Voir plus &rarr;<\/a><\/p>\n","protected":false},"author":386,"featured_media":0,"parent":83,"menu_order":0,"comment_status":"closed","ping_status":"closed","template":"","meta":{"_exactmetrics_skip_tracking":false,"_exactmetrics_sitenote_active":false,"_exactmetrics_sitenote_note":"","_exactmetrics_sitenote_category":0,"footnotes":""},"class_list":["post-87","page","type-page","status-publish","hentry"],"_links":{"self":[{"href":"https:\/\/blog.ube.fr\/master-seme\/wp-json\/wp\/v2\/pages\/87","targetHints":{"allow":["GET"]}}],"collection":[{"href":"https:\/\/blog.ube.fr\/master-seme\/wp-json\/wp\/v2\/pages"}],"about":[{"href":"https:\/\/blog.ube.fr\/master-seme\/wp-json\/wp\/v2\/types\/page"}],"author":[{"embeddable":true,"href":"https:\/\/blog.ube.fr\/master-seme\/wp-json\/wp\/v2\/users\/386"}],"replies":[{"embeddable":true,"href":"https:\/\/blog.ube.fr\/master-seme\/wp-json\/wp\/v2\/comments?post=87"}],"version-history":[{"count":10,"href":"https:\/\/blog.ube.fr\/master-seme\/wp-json\/wp\/v2\/pages\/87\/revisions"}],"predecessor-version":[{"id":732,"href":"https:\/\/blog.ube.fr\/master-seme\/wp-json\/wp\/v2\/pages\/87\/revisions\/732"}],"up":[{"embeddable":true,"href":"https:\/\/blog.ube.fr\/master-seme\/wp-json\/wp\/v2\/pages\/83"}],"wp:attachment":[{"href":"https:\/\/blog.ube.fr\/master-seme\/wp-json\/wp\/v2\/media?parent=87"}],"curies":[{"name":"wp","href":"https:\/\/api.w.org\/{rel}","templated":true}]}}