{"id":85,"date":"2018-11-23T11:21:45","date_gmt":"2018-11-23T10:21:45","guid":{"rendered":"http:\/\/blog.u-bourgogne.fr\/master-seme\/?page_id=85"},"modified":"2024-08-23T18:36:35","modified_gmt":"2024-08-23T16:36:35","slug":"metiers","status":"publish","type":"page","link":"https:\/\/blog.ube.fr\/master-seme\/debouches\/metiers\/","title":{"rendered":"M\u00e9tiers"},"content":{"rendered":"<p>&nbsp;<\/p>\n<ul>\n<li><strong>Recherche et D\u00e9veloppement, Innovation<\/strong> (INRAE, CNRS, BRGM, IRD&#8230;)\n<ul>\n<li>Ing\u00e9nieur R&amp;D<\/li>\n<li>Doctorat d&#8217;Universit\u00e9 en France ou \u00e0 l&#8217;\u00e9tranger (PhD)<\/li>\n<\/ul>\n<\/li>\n<\/ul>\n<p>&nbsp;<\/p>\n<ul>\n<li>\u00a0<strong>Bureaux d&#8217;\u00e9tude en environnement<\/strong>, plus sp\u00e9cifiquement ax\u00e9s sur les objets eau\/sol\n<ul>\n<li>Charg\u00e9 d&#8217;\u00e9tude, charg\u00e9 d&#8217;affaire<\/li>\n<li>Eco-conseiller<\/li>\n<\/ul>\n<\/li>\n<\/ul>\n<p>&nbsp;<\/p>\n<ul>\n<li><strong>Charg\u00e9 de mission<\/strong> en collectivit\u00e9s locales\/territoriales ou dans les structures associatives dans le domaine de la gestion des ressources eau\/sol et des milieux\n<ul>\n<li>Charg\u00e9 de mission &#8211; Dr\u00e9al, DDT, Conseils R\u00e9gionaux et D\u00e9partementaux<\/li>\n<li>Charg\u00e9 de mission milieux naturels &#8211; Conservatoires d&#8217;Espaces Naturels, Parc Naturels R\u00e9gionaux<\/li>\n<li>Animateur Bassin Versant &#8211; Syndicats Mixtes, EPTB<\/li>\n<li>Conseiller environnement &#8211; chambres d&#8217;Agriculture<\/li>\n<\/ul>\n<\/li>\n<\/ul>\n","protected":false},"excerpt":{"rendered":"<p>&nbsp; Recherche et D\u00e9veloppement, Innovation (INRAE, CNRS, BRGM, IRD&#8230;) Ing\u00e9nieur R&amp;D Doctorat d&#8217;Universit\u00e9 en France ou \u00e0 l&#8217;\u00e9tranger (PhD) &nbsp; \u00a0Bureaux d&#8217;\u00e9tude en environnement, plus sp\u00e9cifiquement ax\u00e9s sur les objets eau\/sol Charg\u00e9 d&#8217;\u00e9tude, charg\u00e9 d&#8217;affaire Eco-conseiller &nbsp; Charg\u00e9 de mission en collectivit\u00e9s locales\/territoriales ou dans les structures associatives dans le domaine de la gestion des&hellip;<\/p>\n<p class=\"more-link-p\"><a class=\"btn btn-primary\" href=\"https:\/\/blog.ube.fr\/master-seme\/debouches\/metiers\/\">Voir plus &rarr;<\/a><\/p>\n","protected":false},"author":386,"featured_media":0,"parent":83,"menu_order":0,"comment_status":"closed","ping_status":"closed","template":"","meta":{"_exactmetrics_skip_tracking":false,"_exactmetrics_sitenote_active":false,"_exactmetrics_sitenote_note":"","_exactmetrics_sitenote_category":0,"footnotes":""},"class_list":["post-85","page","type-page","status-publish","hentry"],"_links":{"self":[{"href":"https:\/\/blog.ube.fr\/master-seme\/wp-json\/wp\/v2\/pages\/85","targetHints":{"allow":["GET"]}}],"collection":[{"href":"https:\/\/blog.ube.fr\/master-seme\/wp-json\/wp\/v2\/pages"}],"about":[{"href":"https:\/\/blog.ube.fr\/master-seme\/wp-json\/wp\/v2\/types\/page"}],"author":[{"embeddable":true,"href":"https:\/\/blog.ube.fr\/master-seme\/wp-json\/wp\/v2\/users\/386"}],"replies":[{"embeddable":true,"href":"https:\/\/blog.ube.fr\/master-seme\/wp-json\/wp\/v2\/comments?post=85"}],"version-history":[{"count":7,"href":"https:\/\/blog.ube.fr\/master-seme\/wp-json\/wp\/v2\/pages\/85\/revisions"}],"predecessor-version":[{"id":734,"href":"https:\/\/blog.ube.fr\/master-seme\/wp-json\/wp\/v2\/pages\/85\/revisions\/734"}],"up":[{"embeddable":true,"href":"https:\/\/blog.ube.fr\/master-seme\/wp-json\/wp\/v2\/pages\/83"}],"wp:attachment":[{"href":"https:\/\/blog.ube.fr\/master-seme\/wp-json\/wp\/v2\/media?parent=85"}],"curies":[{"name":"wp","href":"https:\/\/api.w.org\/{rel}","templated":true}]}}