{"id":83,"date":"2018-11-23T11:21:22","date_gmt":"2018-11-23T10:21:22","guid":{"rendered":"http:\/\/blog.u-bourgogne.fr\/master-seme\/?page_id=83"},"modified":"2024-08-23T18:32:05","modified_gmt":"2024-08-23T16:32:05","slug":"debouches","status":"publish","type":"page","link":"https:\/\/blog.ube.fr\/master-seme\/debouches\/","title":{"rendered":"D\u00e9bouch\u00e9s"},"content":{"rendered":"<p>Les d\u00e9bouch\u00e9s des dipl\u00f4m\u00e9s du Master SEME correspondent principalement \u00e0 des emplois de cadre scientifique et de conseil dans les entreprises (bureaux d&#8217;\u00e9tude notamment), les collectivit\u00e9s, les \u00e9tablissements publics, les structures associatives, les organismes R&amp;D (organismes de recherche, instituts techniques,&#8230;).<\/p>\n<p><a href=\"http:\/\/blog.ube.fr\/master-seme\/debouches\/metiers\/\">Voir plus en d\u00e9tails des exemples de m\u00e9tiers types.<\/a><\/p>\n<p>Le <a href=\"http:\/\/blog.ube.fr\/master-seme\/debouches\/insertion\/\">taux d&#8217;insertion des dipl\u00f4m\u00e9s<\/a> du Master SEME est de 90 \u00e0 95 %.<\/p>\n","protected":false},"excerpt":{"rendered":"<p>Les d\u00e9bouch\u00e9s des dipl\u00f4m\u00e9s du Master SEME correspondent principalement \u00e0 des emplois de cadre scientifique et de conseil dans les entreprises (bureaux d&#8217;\u00e9tude notamment), les collectivit\u00e9s, les \u00e9tablissements publics, les structures associatives, les organismes R&amp;D (organismes de recherche, instituts techniques,&#8230;). Voir plus en d\u00e9tails des exemples de m\u00e9tiers types. Le taux d&#8217;insertion des dipl\u00f4m\u00e9s du&hellip;<\/p>\n<p class=\"more-link-p\"><a class=\"btn btn-primary\" href=\"https:\/\/blog.ube.fr\/master-seme\/debouches\/\">Voir plus &rarr;<\/a><\/p>\n","protected":false},"author":386,"featured_media":0,"parent":0,"menu_order":0,"comment_status":"closed","ping_status":"closed","template":"","meta":{"_exactmetrics_skip_tracking":false,"_exactmetrics_sitenote_active":false,"_exactmetrics_sitenote_note":"","_exactmetrics_sitenote_category":0,"footnotes":""},"class_list":["post-83","page","type-page","status-publish","hentry"],"_links":{"self":[{"href":"https:\/\/blog.ube.fr\/master-seme\/wp-json\/wp\/v2\/pages\/83","targetHints":{"allow":["GET"]}}],"collection":[{"href":"https:\/\/blog.ube.fr\/master-seme\/wp-json\/wp\/v2\/pages"}],"about":[{"href":"https:\/\/blog.ube.fr\/master-seme\/wp-json\/wp\/v2\/types\/page"}],"author":[{"embeddable":true,"href":"https:\/\/blog.ube.fr\/master-seme\/wp-json\/wp\/v2\/users\/386"}],"replies":[{"embeddable":true,"href":"https:\/\/blog.ube.fr\/master-seme\/wp-json\/wp\/v2\/comments?post=83"}],"version-history":[{"count":5,"href":"https:\/\/blog.ube.fr\/master-seme\/wp-json\/wp\/v2\/pages\/83\/revisions"}],"predecessor-version":[{"id":730,"href":"https:\/\/blog.ube.fr\/master-seme\/wp-json\/wp\/v2\/pages\/83\/revisions\/730"}],"wp:attachment":[{"href":"https:\/\/blog.ube.fr\/master-seme\/wp-json\/wp\/v2\/media?parent=83"}],"curies":[{"name":"wp","href":"https:\/\/api.w.org\/{rel}","templated":true}]}}