{"id":47,"date":"2018-11-13T13:29:45","date_gmt":"2018-11-13T12:29:45","guid":{"rendered":"http:\/\/blog.u-bourgogne.fr\/master-seme\/?page_id=47"},"modified":"2024-08-23T12:11:41","modified_gmt":"2024-08-23T10:11:41","slug":"objectifs","status":"publish","type":"page","link":"https:\/\/blog.ube.fr\/master-seme\/la-formation\/objectifs\/","title":{"rendered":"Objectifs"},"content":{"rendered":"<p><img loading=\"lazy\" decoding=\"async\" class=\"alignnone size-large wp-image-709\" src=\"http:\/\/blog.ube.fr\/master-seme\/wp-content\/uploads\/sites\/117\/2024\/08\/maquette_Master_SEME_p1-1024x722.png\" alt=\"\" width=\"956\" height=\"674\" srcset=\"https:\/\/blog.ube.fr\/master-seme\/wp-content\/uploads\/sites\/117\/2024\/08\/maquette_Master_SEME_p1-1024x722.png 1024w, https:\/\/blog.ube.fr\/master-seme\/wp-content\/uploads\/sites\/117\/2024\/08\/maquette_Master_SEME_p1-300x212.png 300w, https:\/\/blog.ube.fr\/master-seme\/wp-content\/uploads\/sites\/117\/2024\/08\/maquette_Master_SEME_p1-768x542.png 768w, https:\/\/blog.ube.fr\/master-seme\/wp-content\/uploads\/sites\/117\/2024\/08\/maquette_Master_SEME_p1.png 1080w\" sizes=\"auto, (max-width: 956px) 100vw, 956px\" \/><\/p>\n<p>&nbsp;<\/p>\n<p>Ce parcours offre une formation scientifique sur la dynamique des biog\u00e9osyst\u00e8mes naturels ou anthropis\u00e9s dans un contexte de variabilit\u00e9 climatique. Il a pour objectifs de former des cadres scientifiques polyvalents ayant les capacit\u00e9s \u00e0 :<\/p>\n<ol style=\"list-style-type: lower-roman;\">\n<li>poss\u00e9der une expertise scientifique des processus biog\u00e9ochimiques \u00e0 l\u2019interface sol-eau,<\/li>\n<li>prendre en compte le risque et la variabilit\u00e9 climatique dans un contexte de changement global,<\/li>\n<li>int\u00e9grer les contraintes techniques, socio-\u00e9conomiques et r\u00e9glementaires du monde rural dans les d\u00e9marches de gestion,<\/li>\n<li>apporter un conseil et une aide \u00e0 la d\u00e9cision dans le domaine de la qualit\u00e9 des sols, des eaux et des milieux,<\/li>\n<li>entreprendre et d\u00e9velopper une d\u00e9marche scientifique rigoureuse dans un contexte de gestion de projet ou de recherche fondamentale ou appliqu\u00e9e.<\/li>\n<\/ol>\n<p>Le master Sol, Eau, Milieux, Environnement &#8211; SEME est un parcours de la Mention de Master STPE (Sciences de la Terre et des Plan\u00e8tes, Environnement).\u00a0La deuxi\u00e8me ann\u00e9e du Master SEME (M2) est ouverte \u00e0 la formation par alternance (contrat d&#8217;apprentissage, contrat de professionnalisation).<\/p>\n<p><img loading=\"lazy\" decoding=\"async\" class=\"alignnone size-large wp-image-710\" src=\"http:\/\/blog.ube.fr\/master-seme\/wp-content\/uploads\/sites\/117\/2024\/08\/maquette_Master_SEME_p2-1024x723.png\" alt=\"\" width=\"956\" height=\"675\" srcset=\"https:\/\/blog.ube.fr\/master-seme\/wp-content\/uploads\/sites\/117\/2024\/08\/maquette_Master_SEME_p2-1024x723.png 1024w, https:\/\/blog.ube.fr\/master-seme\/wp-content\/uploads\/sites\/117\/2024\/08\/maquette_Master_SEME_p2-300x212.png 300w, https:\/\/blog.ube.fr\/master-seme\/wp-content\/uploads\/sites\/117\/2024\/08\/maquette_Master_SEME_p2-768x543.png 768w, https:\/\/blog.ube.fr\/master-seme\/wp-content\/uploads\/sites\/117\/2024\/08\/maquette_Master_SEME_p2.png 1080w\" sizes=\"auto, (max-width: 956px) 100vw, 956px\" \/><\/p>\n<p>&nbsp;<\/p>\n<p>Plus de d\u00e9tail sur le site <a href=\"https:\/\/formations.u-bourgogne.fr\/fr\/offre-de-formation\/master-XB\/master-sciences-de-la-terre-et-des-planetes-environnement-LMGC26XH\/sol-eau-milieu-environnement-LMGEPN5D.html\" target=\"_blank\" rel=\"noopener\">formations.u-bourgogne.fr<\/a><\/p>\n","protected":false},"excerpt":{"rendered":"<p>&nbsp; Ce parcours offre une formation scientifique sur la dynamique des biog\u00e9osyst\u00e8mes naturels ou anthropis\u00e9s dans un contexte de variabilit\u00e9 climatique. Il a pour objectifs de former des cadres scientifiques polyvalents ayant les capacit\u00e9s \u00e0 : poss\u00e9der une expertise scientifique des processus biog\u00e9ochimiques \u00e0 l\u2019interface sol-eau, prendre en compte le risque et la variabilit\u00e9 climatique&hellip;<\/p>\n<p class=\"more-link-p\"><a class=\"btn btn-primary\" href=\"https:\/\/blog.ube.fr\/master-seme\/la-formation\/objectifs\/\">Voir plus &rarr;<\/a><\/p>\n","protected":false},"author":386,"featured_media":0,"parent":45,"menu_order":0,"comment_status":"closed","ping_status":"closed","template":"","meta":{"_exactmetrics_skip_tracking":false,"_exactmetrics_sitenote_active":false,"_exactmetrics_sitenote_note":"","_exactmetrics_sitenote_category":0,"footnotes":""},"class_list":["post-47","page","type-page","status-publish","hentry"],"_links":{"self":[{"href":"https:\/\/blog.ube.fr\/master-seme\/wp-json\/wp\/v2\/pages\/47","targetHints":{"allow":["GET"]}}],"collection":[{"href":"https:\/\/blog.ube.fr\/master-seme\/wp-json\/wp\/v2\/pages"}],"about":[{"href":"https:\/\/blog.ube.fr\/master-seme\/wp-json\/wp\/v2\/types\/page"}],"author":[{"embeddable":true,"href":"https:\/\/blog.ube.fr\/master-seme\/wp-json\/wp\/v2\/users\/386"}],"replies":[{"embeddable":true,"href":"https:\/\/blog.ube.fr\/master-seme\/wp-json\/wp\/v2\/comments?post=47"}],"version-history":[{"count":21,"href":"https:\/\/blog.ube.fr\/master-seme\/wp-json\/wp\/v2\/pages\/47\/revisions"}],"predecessor-version":[{"id":712,"href":"https:\/\/blog.ube.fr\/master-seme\/wp-json\/wp\/v2\/pages\/47\/revisions\/712"}],"up":[{"embeddable":true,"href":"https:\/\/blog.ube.fr\/master-seme\/wp-json\/wp\/v2\/pages\/45"}],"wp:attachment":[{"href":"https:\/\/blog.ube.fr\/master-seme\/wp-json\/wp\/v2\/media?parent=47"}],"curies":[{"name":"wp","href":"https:\/\/api.w.org\/{rel}","templated":true}]}}