{"id":328,"date":"2020-01-08T10:48:26","date_gmt":"2020-01-08T09:48:26","guid":{"rendered":"http:\/\/blog.u-bourgogne.fr\/master-seme\/?page_id=328"},"modified":"2024-08-23T18:25:35","modified_gmt":"2024-08-23T16:25:35","slug":"a-propos-du-master-seme","status":"publish","type":"page","link":"https:\/\/blog.ube.fr\/master-seme\/a-propos-du-master-seme\/","title":{"rendered":"Depuis plus de 25 ans\u2026"},"content":{"rendered":"<p><img loading=\"lazy\" decoding=\"async\" class=\"wp-image-727 size-medium alignright\" src=\"http:\/\/blog.ube.fr\/master-seme\/wp-content\/uploads\/sites\/117\/2024\/08\/logo_SEME_transparent-254x300.png\" alt=\"\" width=\"254\" height=\"300\" srcset=\"https:\/\/blog.ube.fr\/master-seme\/wp-content\/uploads\/sites\/117\/2024\/08\/logo_SEME_transparent-254x300.png 254w, https:\/\/blog.ube.fr\/master-seme\/wp-content\/uploads\/sites\/117\/2024\/08\/logo_SEME_transparent-768x908.png 768w, https:\/\/blog.ube.fr\/master-seme\/wp-content\/uploads\/sites\/117\/2024\/08\/logo_SEME_transparent.png 770w\" sizes=\"auto, (max-width: 254px) 100vw, 254px\" \/>Le Master SEME est le fruit de longues ann\u00e9es d&#8217;exp\u00e9rience dans le domaine de l&#8217;environnement. Il est l&#8217;h\u00e9ritier direct du DESS puis Master &#8220;Espace Rural et Environnement &#8211; ERE&#8221;. Le DESS ERE, cr\u00e9\u00e9 en 1990, fut parmi les toutes premi\u00e8res fili\u00e8res Bac+5 dans le domaine de l&#8217;environnement en France.<\/p>\n<p>La formation s&#8217;appuie sur les comp\u00e9tences pluridisciplinaires du <a href=\"https:\/\/biogeosciences.u-bourgogne.fr\">laboratoire Biog\u00e9osciences<\/a> (sol, eau, climatologie, \u00e9cologie) et de l&#8217;<a href=\"https:\/\/institut-agro-dijon.fr\">Institut Agro Dijon<\/a> (agronomie, agriculture, \u00e9conomie) pour proposer un enseignement complet, de haut niveau et adapt\u00e9 aux enjeux actuels de gestion de l&#8217;environnement.<\/p>\n<p>L&#8217;\u00e9quipe p\u00e9dagogique est toute enti\u00e8re tourn\u00e9e vers <a href=\"https:\/\/blog.ube.fr\/master-seme\/category\/terrain\/\" rel=\"\">la connaissance du terrain<\/a> et des pratiques, l&#8217;apprentissage de savoir-faire techniques et applicables, l&#8217;exigence et la rigueur issue du monde la recherche.<\/p>\n<p>Le Master SEME d\u00e9bouche principalement sur les m\u00e9tiers de conseil et d&#8217;expertise en environnement (bureaux d&#8217;\u00e9tudes, Conservatoires de sites naturels, Chambres d&#8217;Agriculture,&#8230;), de charg\u00e9 de mission pour la gestion de l&#8217;eau et des milieux aupr\u00e8s des collectivit\u00e9s (syndicats mixtes, com com, PNR, EPTB, &#8230;), d&#8217;ing\u00e9nieur et chercheur dans les centres de recherche (Universit\u00e9s, CNRS, INRAE, IRSTEA,&#8230;)<\/p>\n","protected":false},"excerpt":{"rendered":"<p>Le Master SEME est le fruit de longues ann\u00e9es d&#8217;exp\u00e9rience dans le domaine de l&#8217;environnement. Il est l&#8217;h\u00e9ritier direct du DESS puis Master &#8220;Espace Rural et Environnement &#8211; ERE&#8221;. Le DESS ERE, cr\u00e9\u00e9 en 1990, fut parmi les toutes premi\u00e8res fili\u00e8res Bac+5 dans le domaine de l&#8217;environnement en France. La formation s&#8217;appuie sur les comp\u00e9tences&hellip;<\/p>\n<p class=\"more-link-p\"><a class=\"btn btn-primary\" href=\"https:\/\/blog.ube.fr\/master-seme\/a-propos-du-master-seme\/\">Voir plus &rarr;<\/a><\/p>\n","protected":false},"author":386,"featured_media":0,"parent":0,"menu_order":0,"comment_status":"closed","ping_status":"closed","template":"","meta":{"_exactmetrics_skip_tracking":false,"_exactmetrics_sitenote_active":false,"_exactmetrics_sitenote_note":"","_exactmetrics_sitenote_category":0,"footnotes":""},"class_list":["post-328","page","type-page","status-publish","hentry"],"_links":{"self":[{"href":"https:\/\/blog.ube.fr\/master-seme\/wp-json\/wp\/v2\/pages\/328","targetHints":{"allow":["GET"]}}],"collection":[{"href":"https:\/\/blog.ube.fr\/master-seme\/wp-json\/wp\/v2\/pages"}],"about":[{"href":"https:\/\/blog.ube.fr\/master-seme\/wp-json\/wp\/v2\/types\/page"}],"author":[{"embeddable":true,"href":"https:\/\/blog.ube.fr\/master-seme\/wp-json\/wp\/v2\/users\/386"}],"replies":[{"embeddable":true,"href":"https:\/\/blog.ube.fr\/master-seme\/wp-json\/wp\/v2\/comments?post=328"}],"version-history":[{"count":7,"href":"https:\/\/blog.ube.fr\/master-seme\/wp-json\/wp\/v2\/pages\/328\/revisions"}],"predecessor-version":[{"id":728,"href":"https:\/\/blog.ube.fr\/master-seme\/wp-json\/wp\/v2\/pages\/328\/revisions\/728"}],"wp:attachment":[{"href":"https:\/\/blog.ube.fr\/master-seme\/wp-json\/wp\/v2\/media?parent=328"}],"curies":[{"name":"wp","href":"https:\/\/api.w.org\/{rel}","templated":true}]}}