{"id":124,"date":"2018-11-23T11:39:04","date_gmt":"2018-11-23T10:39:04","guid":{"rendered":"http:\/\/blog.u-bourgogne.fr\/master-seme\/?page_id=124"},"modified":"2022-08-26T09:00:01","modified_gmt":"2022-08-26T07:00:01","slug":"nous-contacter","status":"publish","type":"page","link":"https:\/\/blog.ube.fr\/master-seme\/contact\/nous-contacter\/","title":{"rendered":"Nous contacter"},"content":{"rendered":"<pre>Les adresses \u00e9lectroniques sont de la forme <span id=\"cloakb736d6058c2d5e92f0a2681846634d35\"><a href=\"mailto:prenom.nom@u-bourgogne.fr\">prenom.nom@u-bourgogne.fr<\/a>\r\n\r\n<\/span>Vous pouvez aussi utiliser <a href=\"https:\/\/ent.u-bourgogne.fr\/render.userLayoutRootNode.target.u11l1n20.uP?pltc_target=102_u11l1n20_12.u11l1n20&amp;pltc_type_102_u11l1n20_12.u11l1n20=RENDER&amp;pltp_102_u11l1n20_12.u11l1n20___jpfbJSFTARGET=view%3A%2Fstylesheets%2Fdesktop%2Fpersons.xhtml&amp;pltp_102_u11l1n20_12.u11l1n20_org.apache.myfaces.trinidad.util.RequestStateMap=8a8ad9c5-11b5-46aa-9120-90350c78969e#u11l1n20\" target=\"_blank\" rel=\"noopener noreferrer\">l'annuaire de l'universit\u00e9 de Bourgogne<\/a><\/pre>\n<h3>Pour toute question administrative\/scolarit\u00e9 li\u00e9e \u00e0 la <span style=\"text-decoration: underline;\"><strong>formation initiale<\/strong><\/span><\/h3>\n<ul>\n<li>Agn\u00e8s FABRE, secr\u00e9tariat p\u00e9dagogique : agnes.fabre \/\u00a0 +33 3 80 39 63 50<\/li>\n<\/ul>\n<h3>Pour tout accompagnement administratif li\u00e9 \u00e0 la <span style=\"text-decoration: underline;\"><strong>formation continue<\/strong><\/span><\/h3>\n<p>H\u00e9l\u00e8ne PRETET, SEFCA : helene.pretet \/\u00a0 +33 3 80 39 51 98<\/p>\n<h3>Pour toute question d&#8217;ordre p\u00e9dagogique (programme de la formation, pr\u00e9-requis, accompagnement formation continue, d\u00e9bouch\u00e9s et insertion etc.)<\/h3>\n<ul>\n<li>Mathieu THEVENOT, responsable de la 1<sup>\u00e8re<\/sup> ann\u00e9e : mathieu.thevenot<\/li>\n<li>Jean LEVEQUE, responsable de la 2<sup>\u00e8me<\/sup> ann\u00e9e : jean.leveque<\/li>\n<li>Thierry CASTEL, responsable et coordination avec <a href=\"https:\/\/institut-agro-dijon.fr\/formations\/masters\/seme-sol-eau-milieux-environnement\">l&#8217;Institut Agro Dijon<\/a> : thierry.castel<\/li>\n<\/ul>\n","protected":false},"excerpt":{"rendered":"<p>Les adresses \u00e9lectroniques sont de la forme prenom.nom@u-bourgogne.fr Vous pouvez aussi utiliser l&#8217;annuaire de l&#8217;universit\u00e9 de Bourgogne Pour toute question administrative\/scolarit\u00e9 li\u00e9e \u00e0 la formation initiale Agn\u00e8s FABRE, secr\u00e9tariat p\u00e9dagogique : agnes.fabre \/\u00a0 +33 3 80 39 63 50 Pour tout accompagnement administratif li\u00e9 \u00e0 la formation continue H\u00e9l\u00e8ne PRETET, SEFCA : helene.pretet \/\u00a0 +33&hellip;<\/p>\n<p class=\"more-link-p\"><a class=\"btn btn-primary\" href=\"https:\/\/blog.ube.fr\/master-seme\/contact\/nous-contacter\/\">Voir plus &rarr;<\/a><\/p>\n","protected":false},"author":386,"featured_media":0,"parent":120,"menu_order":0,"comment_status":"closed","ping_status":"closed","template":"","meta":{"_exactmetrics_skip_tracking":false,"_exactmetrics_sitenote_active":false,"_exactmetrics_sitenote_note":"","_exactmetrics_sitenote_category":0,"footnotes":""},"class_list":["post-124","page","type-page","status-publish","hentry"],"_links":{"self":[{"href":"https:\/\/blog.ube.fr\/master-seme\/wp-json\/wp\/v2\/pages\/124","targetHints":{"allow":["GET"]}}],"collection":[{"href":"https:\/\/blog.ube.fr\/master-seme\/wp-json\/wp\/v2\/pages"}],"about":[{"href":"https:\/\/blog.ube.fr\/master-seme\/wp-json\/wp\/v2\/types\/page"}],"author":[{"embeddable":true,"href":"https:\/\/blog.ube.fr\/master-seme\/wp-json\/wp\/v2\/users\/386"}],"replies":[{"embeddable":true,"href":"https:\/\/blog.ube.fr\/master-seme\/wp-json\/wp\/v2\/comments?post=124"}],"version-history":[{"count":12,"href":"https:\/\/blog.ube.fr\/master-seme\/wp-json\/wp\/v2\/pages\/124\/revisions"}],"predecessor-version":[{"id":668,"href":"https:\/\/blog.ube.fr\/master-seme\/wp-json\/wp\/v2\/pages\/124\/revisions\/668"}],"up":[{"embeddable":true,"href":"https:\/\/blog.ube.fr\/master-seme\/wp-json\/wp\/v2\/pages\/120"}],"wp:attachment":[{"href":"https:\/\/blog.ube.fr\/master-seme\/wp-json\/wp\/v2\/media?parent=124"}],"curies":[{"name":"wp","href":"https:\/\/api.w.org\/{rel}","templated":true}]}}