{"id":122,"date":"2018-11-23T11:38:36","date_gmt":"2018-11-23T10:38:36","guid":{"rendered":"http:\/\/blog.u-bourgogne.fr\/master-seme\/?page_id=122"},"modified":"2020-01-24T16:16:51","modified_gmt":"2020-01-24T15:16:51","slug":"plan-dacces","status":"publish","type":"page","link":"https:\/\/blog.ube.fr\/master-seme\/contact\/plan-dacces\/","title":{"rendered":"Plan d&#8217;acc\u00e8s"},"content":{"rendered":"<p>Le Master SEME est situ\u00e9 dans le b\u00e2timent Sciences Gabriel du Campus de Dijon: 6 bad Gabriel, 21000 Dijon.<\/p>\n<p>Le secr\u00e9tariat p\u00e9dagogique ainsi que la salle d&#8217;enseignement sont situ\u00e9s au 2\u00e8me \u00e9tage.<\/p>\n<p><img loading=\"lazy\" decoding=\"async\" class=\"alignnone  wp-image-382\" src=\"http:\/\/blog.ube.fr\/master-seme\/wp-content\/uploads\/sites\/117\/2020\/01\/plan_acc\u00e8s_Sciences-Gabriel-ETEC-2015HD.jpg\" alt=\"\" width=\"729\" height=\"942\" srcset=\"https:\/\/blog.ube.fr\/master-seme\/wp-content\/uploads\/sites\/117\/2020\/01\/plan_acc\u00e8s_Sciences-Gabriel-ETEC-2015HD.jpg 1249w, https:\/\/blog.ube.fr\/master-seme\/wp-content\/uploads\/sites\/117\/2020\/01\/plan_acc\u00e8s_Sciences-Gabriel-ETEC-2015HD-232x300.jpg 232w, https:\/\/blog.ube.fr\/master-seme\/wp-content\/uploads\/sites\/117\/2020\/01\/plan_acc\u00e8s_Sciences-Gabriel-ETEC-2015HD-792x1024.jpg 792w, https:\/\/blog.ube.fr\/master-seme\/wp-content\/uploads\/sites\/117\/2020\/01\/plan_acc\u00e8s_Sciences-Gabriel-ETEC-2015HD-768x992.jpg 768w, https:\/\/blog.ube.fr\/master-seme\/wp-content\/uploads\/sites\/117\/2020\/01\/plan_acc\u00e8s_Sciences-Gabriel-ETEC-2015HD-1189x1536.jpg 1189w\" sizes=\"auto, (max-width: 729px) 100vw, 729px\" \/><\/p>\n","protected":false},"excerpt":{"rendered":"<p>Le Master SEME est situ\u00e9 dans le b\u00e2timent Sciences Gabriel du Campus de Dijon: 6 bad Gabriel, 21000 Dijon. Le secr\u00e9tariat p\u00e9dagogique ainsi que la salle d&#8217;enseignement sont situ\u00e9s au 2\u00e8me \u00e9tage.<\/p>\n<p class=\"more-link-p\"><a class=\"btn btn-primary\" href=\"https:\/\/blog.ube.fr\/master-seme\/contact\/plan-dacces\/\">Voir plus &rarr;<\/a><\/p>\n","protected":false},"author":386,"featured_media":0,"parent":120,"menu_order":0,"comment_status":"closed","ping_status":"closed","template":"","meta":{"_exactmetrics_skip_tracking":false,"_exactmetrics_sitenote_active":false,"_exactmetrics_sitenote_note":"","_exactmetrics_sitenote_category":0,"footnotes":""},"class_list":["post-122","page","type-page","status-publish","hentry"],"_links":{"self":[{"href":"https:\/\/blog.ube.fr\/master-seme\/wp-json\/wp\/v2\/pages\/122","targetHints":{"allow":["GET"]}}],"collection":[{"href":"https:\/\/blog.ube.fr\/master-seme\/wp-json\/wp\/v2\/pages"}],"about":[{"href":"https:\/\/blog.ube.fr\/master-seme\/wp-json\/wp\/v2\/types\/page"}],"author":[{"embeddable":true,"href":"https:\/\/blog.ube.fr\/master-seme\/wp-json\/wp\/v2\/users\/386"}],"replies":[{"embeddable":true,"href":"https:\/\/blog.ube.fr\/master-seme\/wp-json\/wp\/v2\/comments?post=122"}],"version-history":[{"count":6,"href":"https:\/\/blog.ube.fr\/master-seme\/wp-json\/wp\/v2\/pages\/122\/revisions"}],"predecessor-version":[{"id":383,"href":"https:\/\/blog.ube.fr\/master-seme\/wp-json\/wp\/v2\/pages\/122\/revisions\/383"}],"up":[{"embeddable":true,"href":"https:\/\/blog.ube.fr\/master-seme\/wp-json\/wp\/v2\/pages\/120"}],"wp:attachment":[{"href":"https:\/\/blog.ube.fr\/master-seme\/wp-json\/wp\/v2\/media?parent=122"}],"curies":[{"name":"wp","href":"https:\/\/api.w.org\/{rel}","templated":true}]}}