{"id":120,"date":"2018-11-23T11:37:56","date_gmt":"2018-11-23T10:37:56","guid":{"rendered":"http:\/\/blog.u-bourgogne.fr\/master-seme\/?page_id=120"},"modified":"2020-01-24T16:49:17","modified_gmt":"2020-01-24T15:49:17","slug":"contact","status":"publish","type":"page","link":"https:\/\/blog.ube.fr\/master-seme\/contact\/","title":{"rendered":"Contact"},"content":{"rendered":"<p>Le secr\u00e9tariat du Master et les salles d&#8217;enseignement sont situ\u00e9s au 2\u00e8me \u00e9tage du b\u00e2timent Sciences Gabriel du campus du Dijon.<\/p>\n<ul>\n<li><a href=\"http:\/\/blog.ube.fr\/master-seme\/contact\/nous-contacter\/\">Nous contacter par mail ou par t\u00e9l\u00e9phone<\/a><\/li>\n<li><a href=\"http:\/\/blog.ube.fr\/master-seme\/contact\/plan-dacces\/\">Venir nous voir<\/a><\/li>\n<\/ul>\n","protected":false},"excerpt":{"rendered":"<p>Le secr\u00e9tariat du Master et les salles d&#8217;enseignement sont situ\u00e9s au 2\u00e8me \u00e9tage du b\u00e2timent Sciences Gabriel du campus du Dijon. Nous contacter par mail ou par t\u00e9l\u00e9phone Venir nous voir<\/p>\n<p class=\"more-link-p\"><a class=\"btn btn-primary\" href=\"https:\/\/blog.ube.fr\/master-seme\/contact\/\">Voir plus &rarr;<\/a><\/p>\n","protected":false},"author":386,"featured_media":0,"parent":0,"menu_order":0,"comment_status":"closed","ping_status":"closed","template":"","meta":{"_exactmetrics_skip_tracking":false,"_exactmetrics_sitenote_active":false,"_exactmetrics_sitenote_note":"","_exactmetrics_sitenote_category":0,"footnotes":""},"class_list":["post-120","page","type-page","status-publish","hentry"],"_links":{"self":[{"href":"https:\/\/blog.ube.fr\/master-seme\/wp-json\/wp\/v2\/pages\/120","targetHints":{"allow":["GET"]}}],"collection":[{"href":"https:\/\/blog.ube.fr\/master-seme\/wp-json\/wp\/v2\/pages"}],"about":[{"href":"https:\/\/blog.ube.fr\/master-seme\/wp-json\/wp\/v2\/types\/page"}],"author":[{"embeddable":true,"href":"https:\/\/blog.ube.fr\/master-seme\/wp-json\/wp\/v2\/users\/386"}],"replies":[{"embeddable":true,"href":"https:\/\/blog.ube.fr\/master-seme\/wp-json\/wp\/v2\/comments?post=120"}],"version-history":[{"count":3,"href":"https:\/\/blog.ube.fr\/master-seme\/wp-json\/wp\/v2\/pages\/120\/revisions"}],"predecessor-version":[{"id":385,"href":"https:\/\/blog.ube.fr\/master-seme\/wp-json\/wp\/v2\/pages\/120\/revisions\/385"}],"wp:attachment":[{"href":"https:\/\/blog.ube.fr\/master-seme\/wp-json\/wp\/v2\/media?parent=120"}],"curies":[{"name":"wp","href":"https:\/\/api.w.org\/{rel}","templated":true}]}}