{"id":101,"date":"2018-11-23T11:26:40","date_gmt":"2018-11-23T10:26:40","guid":{"rendered":"http:\/\/blog.u-bourgogne.fr\/master-seme\/?page_id=101"},"modified":"2024-08-23T12:32:24","modified_gmt":"2024-08-23T10:32:24","slug":"stages","status":"publish","type":"page","link":"https:\/\/blog.ube.fr\/master-seme\/la-formation\/stages\/","title":{"rendered":"Stages &#038; alternance"},"content":{"rendered":"<h2>Stages ou alternance en entreprise, organismes publics ou laboratoire de recherche sont obligatoirement effectu\u00e9s :<\/h2>\n<h3>1<sup>\u00e8re<\/sup> Ann\u00e9e<\/h3>\n<ul>\n<li>Stage minimum de 6 \u00e0 8 semaines temps plein \u00e0 partir d&#8217;avril et jusqu&#8217;\u00e0 possiblement d\u00e9but septembre<\/li>\n<li>Le stage donne lieu \u00e0 la r\u00e9daction d&#8217;un m\u00e9moire et \u00e0 une soutenance orale<\/li>\n<\/ul>\n<h3>2<sup>\u00e8me<\/sup> ann\u00e9e<\/h3>\n<p>Formation initiale et continue<\/p>\n<ul>\n<li>Stage de 4 \u00e0 6 mois temps plein \u00e0 partir de f\u00e9vrier<\/li>\n<li>Le stage donne lieu \u00e0 la r\u00e9daction d&#8217;un m\u00e9moire et \u00e0 une soutenance orale en juin ou septembre<\/li>\n<\/ul>\n<p>Formation par alternance<\/p>\n<ul>\n<li>De septembre \u00e0 septembre<\/li>\n<li>Contrat de professionnalisation ou apprentissage<\/li>\n<li><a href=\"http:\/\/blog.ube.fr\/master-seme\/wp-content\/uploads\/sites\/117\/2024\/08\/Calendrier-M2SEME-2024-2025.pdf\">Voir calendrier d&#8217;alternance 2024-2025<\/a><\/li>\n<li><a href=\"https:\/\/sefca.u-bourgogne.fr\/alternance.html\">Service commun de formations continue et par alternance<\/a> de l&#8217;uB (SEFCA)<\/li>\n<\/ul>\n<p>&nbsp;<\/p>\n<p>&nbsp;<\/p>\n","protected":false},"excerpt":{"rendered":"<p>Stages ou alternance en entreprise, organismes publics ou laboratoire de recherche sont obligatoirement effectu\u00e9s : 1\u00e8re Ann\u00e9e Stage minimum de 6 \u00e0 8 semaines temps plein \u00e0 partir d&#8217;avril et jusqu&#8217;\u00e0 possiblement d\u00e9but septembre Le stage donne lieu \u00e0 la r\u00e9daction d&#8217;un m\u00e9moire et \u00e0 une soutenance orale 2\u00e8me ann\u00e9e Formation initiale et continue Stage&hellip;<\/p>\n<p class=\"more-link-p\"><a class=\"btn btn-primary\" href=\"https:\/\/blog.ube.fr\/master-seme\/la-formation\/stages\/\">Voir plus &rarr;<\/a><\/p>\n","protected":false},"author":386,"featured_media":0,"parent":45,"menu_order":0,"comment_status":"closed","ping_status":"closed","template":"","meta":{"_exactmetrics_skip_tracking":false,"_exactmetrics_sitenote_active":false,"_exactmetrics_sitenote_note":"","_exactmetrics_sitenote_category":0,"footnotes":""},"class_list":["post-101","page","type-page","status-publish","hentry"],"_links":{"self":[{"href":"https:\/\/blog.ube.fr\/master-seme\/wp-json\/wp\/v2\/pages\/101","targetHints":{"allow":["GET"]}}],"collection":[{"href":"https:\/\/blog.ube.fr\/master-seme\/wp-json\/wp\/v2\/pages"}],"about":[{"href":"https:\/\/blog.ube.fr\/master-seme\/wp-json\/wp\/v2\/types\/page"}],"author":[{"embeddable":true,"href":"https:\/\/blog.ube.fr\/master-seme\/wp-json\/wp\/v2\/users\/386"}],"replies":[{"embeddable":true,"href":"https:\/\/blog.ube.fr\/master-seme\/wp-json\/wp\/v2\/comments?post=101"}],"version-history":[{"count":8,"href":"https:\/\/blog.ube.fr\/master-seme\/wp-json\/wp\/v2\/pages\/101\/revisions"}],"predecessor-version":[{"id":720,"href":"https:\/\/blog.ube.fr\/master-seme\/wp-json\/wp\/v2\/pages\/101\/revisions\/720"}],"up":[{"embeddable":true,"href":"https:\/\/blog.ube.fr\/master-seme\/wp-json\/wp\/v2\/pages\/45"}],"wp:attachment":[{"href":"https:\/\/blog.ube.fr\/master-seme\/wp-json\/wp\/v2\/media?parent=101"}],"curies":[{"name":"wp","href":"https:\/\/api.w.org\/{rel}","templated":true}]}}