{"id":2353,"date":"2024-07-26T13:24:20","date_gmt":"2024-07-26T12:24:20","guid":{"rendered":"https:\/\/blog.u-bourgogne.fr\/master-ppn\/?page_id=2353"},"modified":"2024-07-26T13:24:33","modified_gmt":"2024-07-26T12:24:33","slug":"studies-alternance","status":"publish","type":"page","link":"https:\/\/blog.ube.fr\/master-ppn\/studies-alternance\/","title":{"rendered":"Alternance (Fr.)"},"content":{"rendered":"<p>En alternance (contrat d&#8217;apprentissage ou contrat de professionnalisation), les enseignements disciplinaires sont dispens\u00e9s en format hybride pr\u00e9sentiel\/distanciel par l\u2019\u00e9quipe p\u00e9dagogique afin de permettre aux alternants de suivre la formation \u00e0 distance lorsque leur entreprise est localis\u00e9e en dehors de la r\u00e9gion Bourgogne Franche-Comt\u00e9. Afin de donner \u00e0 ces \u00e9tudiants une exp\u00e9rience immersive, les salles d\u2019enseignement du Master sont \u00e9quip\u00e9es de syst\u00e8mes de visioconf\u00e9rence performants et l\u2019\u00e9quipe p\u00e9dagogique utilise les outils num\u00e9riques traditionnels pour l\u2019enseignement \u00e0 distance (Teams, Zoom, Tablettes graphiques en particulier). En dehors de ces journ\u00e9es de formation, les \u00e9tudiants sont pr\u00e9sents en entreprise o\u00f9 ils conduisent des projets tutor\u00e9s construits dans une logique d\u2019acquisition de comp\u00e9tences \u00e0 partir de situations r\u00e9elles de travail.<\/p>\n<p><a href=\"https:\/\/blog.ube.fr\/master-ppn\/wp-content\/uploads\/sites\/9\/2024\/07\/F044I-Dossier-individuel-SEFCA-Version-complate.pdf\" rel=\"\">Dossier \u00e0 remplir<\/a><\/p>\n","protected":false},"excerpt":{"rendered":"<p>En alternance (contrat d&#8217;apprentissage ou contrat de professionnalisation), les enseignements disciplinaires sont dispens\u00e9s en format hybride pr\u00e9sentiel\/distanciel par l\u2019\u00e9quipe p\u00e9dagogique afin de permettre aux alternants de suivre la formation \u00e0 distance lorsque leur entreprise est localis\u00e9e en dehors de la r\u00e9gion Bourgogne Franche-Comt\u00e9. Afin de donner \u00e0 ces \u00e9tudiants une exp\u00e9rience immersive, les salles d\u2019enseignement&hellip;<\/p>\n<p class=\"more-link-p\"><a class=\"btn btn-primary\" href=\"https:\/\/blog.ube.fr\/master-ppn\/studies-alternance\/\">Voir plus &rarr;<\/a><\/p>\n","protected":false},"author":5787,"featured_media":0,"parent":0,"menu_order":0,"comment_status":"closed","ping_status":"closed","template":"","meta":{"footnotes":""},"class_list":["post-2353","page","type-page","status-publish","hentry"],"_links":{"self":[{"href":"https:\/\/blog.ube.fr\/master-ppn\/wp-json\/wp\/v2\/pages\/2353","targetHints":{"allow":["GET"]}}],"collection":[{"href":"https:\/\/blog.ube.fr\/master-ppn\/wp-json\/wp\/v2\/pages"}],"about":[{"href":"https:\/\/blog.ube.fr\/master-ppn\/wp-json\/wp\/v2\/types\/page"}],"author":[{"embeddable":true,"href":"https:\/\/blog.ube.fr\/master-ppn\/wp-json\/wp\/v2\/users\/5787"}],"replies":[{"embeddable":true,"href":"https:\/\/blog.ube.fr\/master-ppn\/wp-json\/wp\/v2\/comments?post=2353"}],"version-history":[{"count":7,"href":"https:\/\/blog.ube.fr\/master-ppn\/wp-json\/wp\/v2\/pages\/2353\/revisions"}],"predecessor-version":[{"id":2390,"href":"https:\/\/blog.ube.fr\/master-ppn\/wp-json\/wp\/v2\/pages\/2353\/revisions\/2390"}],"wp:attachment":[{"href":"https:\/\/blog.ube.fr\/master-ppn\/wp-json\/wp\/v2\/media?parent=2353"}],"curies":[{"name":"wp","href":"https:\/\/api.w.org\/{rel}","templated":true}]}}