{"id":347,"date":"2016-05-19T16:54:22","date_gmt":"2016-05-19T15:54:22","guid":{"rendered":"http:\/\/blog.u-bourgogne.fr\/master-pc2m\/?page_id=347"},"modified":"2026-04-28T08:59:21","modified_gmt":"2026-04-28T07:59:21","slug":"alternances","status":"publish","type":"page","link":"https:\/\/blog.ube.fr\/master-pc2m\/alternances\/","title":{"rendered":"ALTERNANCE"},"content":{"rendered":"<p>Le Master est accessible en contrat de professionnalisation ou d&#8217;apprentissage d\u00e8s la premi\u00e8re ann\u00e9e (parcours sur 2 ans) ou en seconde ann\u00e9e uniquement.<\/p>\n<div align=\"justify\"><\/div>\n<ul>\n<li style=\"list-style-type: none;\">\n<ul>\n<li><a href=\"https:\/\/blog.ube.fr\/master-pc2m\/wp-content\/uploads\/sites\/49\/2025\/06\/APO-7PCMM1-507-APB-2025-Programme-CP-CA.pdf\" target=\"blank\" rel=\"noopener\">Programme<\/a> et <a href=\"https:\/\/blog.ube.fr\/master-pc2m\/wp-content\/uploads\/sites\/49\/2026\/04\/APO-7PCMM1-507-APB-2026-Calendrier.pdf\" target=\"blank\">calendrier<\/a>\u00a0du M1 en contrat d&#8217;alternance<\/li>\n<\/ul>\n<\/li>\n<\/ul>\n<ul>\n<li style=\"list-style-type: none;\">\n<ul>\n<li><a href=\"https:\/\/blog.ube.fr\/master-pc2m\/wp-content\/uploads\/sites\/49\/2025\/06\/APO-7PCMM2-517-APB-2025-Programme-CP-CA.pdf\" target=\"blank\" rel=\"noopener\">Programme<\/a> et <a href=\"https:\/\/blog.ube.fr\/master-pc2m\/wp-content\/uploads\/sites\/49\/2026\/04\/APO-7PCMM2-517-APB-2026-Calendrier.pdf\" target=\"blank\">calendrier<\/a> du M2 option proc\u00e9d\u00e9s avanc\u00e9s\/option CND en contrat d&#8217;alternance<\/li>\n<\/ul>\n<\/li>\n<\/ul>\n<p>Voici une liste des entreprises partenaires:<\/p>\n<ul>\n<li>APAVE NDT<\/li>\n<li>CEA<\/li>\n<li>EDF<\/li>\n<li>Europe Technologies<\/li>\n<li>Framatome<\/li>\n<li>GMP Group<\/li>\n<li>Intercontr\u00f4le<\/li>\n<li>Industeel<\/li>\n<li>NTN<\/li>\n<li>PSA<\/li>\n<li>REEL S.A.S.<\/li>\n<li>Safran<\/li>\n<li>Exceldef<\/li>\n<li>SIRAC<\/li>\n<li>SNC Engage<\/li>\n<li>Thales<\/li>\n<li>Velan SAS<\/li>\n<\/ul>\n<p>Pour en savoir plus sur les alternances consultez le site du <a href=\"http:\/\/www.formation-industries-2171.com\/\" target=\"_blank\" rel=\"noopener noreferrer\">&#8220;P\u00f4le formation des industries technologiques&#8221;<\/a>\u00a0et du <a href=\"https:\/\/sefca.u-bourgogne.fr\/\" target=\"_blank\" rel=\"noopener noreferrer\">&#8220;Service commun de formations continue et par alternance&#8221;<\/a>\u00a0de l&#8217;Universit\u00e9 de Bourgogne.<\/p>\n","protected":false},"excerpt":{"rendered":"<p>Le Master est accessible en contrat de professionnalisation ou d&#8217;apprentissage d\u00e8s la premi\u00e8re ann\u00e9e (parcours sur 2 ans) ou en seconde ann\u00e9e uniquement. Programme et calendrier\u00a0du M1 en contrat d&#8217;alternance Programme et calendrier du M2 option proc\u00e9d\u00e9s avanc\u00e9s\/option CND en contrat d&#8217;alternance Voici une liste des entreprises partenaires: APAVE NDT CEA EDF Europe Technologies Framatome&hellip;<\/p>\n<p class=\"more-link-p\"><a class=\"btn btn-primary\" href=\"https:\/\/blog.ube.fr\/master-pc2m\/alternances\/\">Voir plus &rarr;<\/a><\/p>\n","protected":false},"author":237,"featured_media":0,"parent":0,"menu_order":0,"comment_status":"closed","ping_status":"closed","template":"","meta":{"footnotes":""},"class_list":["post-347","page","type-page","status-publish","hentry"],"_links":{"self":[{"href":"https:\/\/blog.ube.fr\/master-pc2m\/wp-json\/wp\/v2\/pages\/347","targetHints":{"allow":["GET"]}}],"collection":[{"href":"https:\/\/blog.ube.fr\/master-pc2m\/wp-json\/wp\/v2\/pages"}],"about":[{"href":"https:\/\/blog.ube.fr\/master-pc2m\/wp-json\/wp\/v2\/types\/page"}],"author":[{"embeddable":true,"href":"https:\/\/blog.ube.fr\/master-pc2m\/wp-json\/wp\/v2\/users\/237"}],"replies":[{"embeddable":true,"href":"https:\/\/blog.ube.fr\/master-pc2m\/wp-json\/wp\/v2\/comments?post=347"}],"version-history":[{"count":63,"href":"https:\/\/blog.ube.fr\/master-pc2m\/wp-json\/wp\/v2\/pages\/347\/revisions"}],"predecessor-version":[{"id":702,"href":"https:\/\/blog.ube.fr\/master-pc2m\/wp-json\/wp\/v2\/pages\/347\/revisions\/702"}],"wp:attachment":[{"href":"https:\/\/blog.ube.fr\/master-pc2m\/wp-json\/wp\/v2\/media?parent=347"}],"curies":[{"name":"wp","href":"https:\/\/api.w.org\/{rel}","templated":true}]}}