{"id":277,"date":"2016-04-14T18:26:25","date_gmt":"2016-04-14T17:26:25","guid":{"rendered":"http:\/\/blog.u-bourgogne.fr\/master-pc2m\/?page_id=277"},"modified":"2025-06-11T11:54:13","modified_gmt":"2025-06-11T10:54:13","slug":"inscription","status":"publish","type":"page","link":"https:\/\/blog.ube.fr\/master-pc2m\/inscription\/","title":{"rendered":"INSCRIPTION"},"content":{"rendered":"<p>Pour candidater en M1 PC2M, vous devez passer par le portail national <a href=\"https:\/\/www.monmaster.gouv.fr\/master\/universite-de-dijon\/physique-2?q=pc2m&amp;layout=1&amp;position=0.\" target=\"_blank\" rel=\"noopener\">&#8220;Mon Master&#8221;.<br \/>\n<\/a>Pour candidater en M2 PC2M, vous devez passer par le portail <a href=\"https:\/\/ecandidat.u-bourgogne.fr\/ecandidat\/#!accueilView\" target=\"_blank\" rel=\"noopener\">&#8220;E-candidat&#8221;.<\/a><\/p>\n<p><strong>Attention\u00a0:\u00a0<\/strong><\/p>\n<div align=\"justify\"><\/div>\n<ul>\n<li>si vous \u00eates <strong><em>\u00e9tudiant \u00e9tranger n\u2019ayant pas valid\u00e9 une ann\u00e9e d\u2019un dipl\u00f4me national universitaire fran\u00e7ais<\/em><\/strong> (hors IUT), suivez la proc\u00e9dure indiqu\u00e9e\u00a0<a href=\"https:\/\/www.ube.fr\/all-events\/candidatures-des-etudiants-internationaux-a-titre-individuel\/\" target=\"_blank\" rel=\"noopener noreferrer\">ici<\/a> ;<\/li>\n<li>\n<div align=\"justify\">si vous \u00eates un <strong><em>candidat relevant de la formation continue<\/em><\/strong>, vous devez vous rapprocher parall\u00e8lement de la scolarit\u00e9 concern\u00e9e par la formation (voir section contacts) et du Service Commun de Formations Continue et par Alternance (<a href=\"https:\/\/sefca.u-bourgogne.fr\/\" target=\"_blank\" rel=\"noopener noreferrer\">SEFCA<\/a>).<\/div>\n<\/li>\n<\/ul>\n","protected":false},"excerpt":{"rendered":"<p>Pour candidater en M1 PC2M, vous devez passer par le portail national &#8220;Mon Master&#8221;. Pour candidater en M2 PC2M, vous devez passer par le portail &#8220;E-candidat&#8221;. Attention\u00a0:\u00a0 si vous \u00eates \u00e9tudiant \u00e9tranger n\u2019ayant pas valid\u00e9 une ann\u00e9e d\u2019un dipl\u00f4me national universitaire fran\u00e7ais (hors IUT), suivez la proc\u00e9dure indiqu\u00e9e\u00a0ici ; si vous \u00eates un candidat relevant&hellip;<\/p>\n<p class=\"more-link-p\"><a class=\"btn btn-primary\" href=\"https:\/\/blog.ube.fr\/master-pc2m\/inscription\/\">Voir plus &rarr;<\/a><\/p>\n","protected":false},"author":237,"featured_media":0,"parent":0,"menu_order":0,"comment_status":"closed","ping_status":"closed","template":"","meta":{"footnotes":""},"class_list":["post-277","page","type-page","status-publish","hentry"],"_links":{"self":[{"href":"https:\/\/blog.ube.fr\/master-pc2m\/wp-json\/wp\/v2\/pages\/277","targetHints":{"allow":["GET"]}}],"collection":[{"href":"https:\/\/blog.ube.fr\/master-pc2m\/wp-json\/wp\/v2\/pages"}],"about":[{"href":"https:\/\/blog.ube.fr\/master-pc2m\/wp-json\/wp\/v2\/types\/page"}],"author":[{"embeddable":true,"href":"https:\/\/blog.ube.fr\/master-pc2m\/wp-json\/wp\/v2\/users\/237"}],"replies":[{"embeddable":true,"href":"https:\/\/blog.ube.fr\/master-pc2m\/wp-json\/wp\/v2\/comments?post=277"}],"version-history":[{"count":25,"href":"https:\/\/blog.ube.fr\/master-pc2m\/wp-json\/wp\/v2\/pages\/277\/revisions"}],"predecessor-version":[{"id":678,"href":"https:\/\/blog.ube.fr\/master-pc2m\/wp-json\/wp\/v2\/pages\/277\/revisions\/678"}],"wp:attachment":[{"href":"https:\/\/blog.ube.fr\/master-pc2m\/wp-json\/wp\/v2\/media?parent=277"}],"curies":[{"name":"wp","href":"https:\/\/api.w.org\/{rel}","templated":true}]}}