{"id":212,"date":"2016-04-12T08:19:44","date_gmt":"2016-04-12T07:19:44","guid":{"rendered":"http:\/\/blog.u-bourgogne.fr\/master-pc2m\/?page_id=212"},"modified":"2025-06-11T12:02:37","modified_gmt":"2025-06-11T11:02:37","slug":"contacts-2","status":"publish","type":"page","link":"https:\/\/blog.ube.fr\/master-pc2m\/contacts-2\/","title":{"rendered":"CONTACTS"},"content":{"rendered":"<p>&nbsp;<\/p>\n<ul>\n<li>\n<h3>Responsable du dipl\u00f4me :<\/h3>\n<\/li>\n<\/ul>\n<p><a href=\"mailto:jean-philippe.chateau-cornu@u-bourgogne.fr\">Jean-Philippe CHATEAU-CORNU<\/a><br \/>\nT\u00e9l. : 03.80.39.61.46<\/p>\n<ul>\n<li>\n<h3>Responsable M1 et Webmaster :<\/h3>\n<\/li>\n<\/ul>\n<p><a href=\"mailto:maria-rosa.ardigo-besnard@u-bourgogne.fr\">Maria-Rosa ARDIGO-BESNARD<\/a><br \/>\nT\u00e9l\u00a0:\u00a003.80.39.60.16<\/p>\n<ul>\n<li>\n<h3>Scolarit\u00e9-Secretariat :<\/h3>\n<\/li>\n<\/ul>\n<p><a href=\"mailto:scolarite.sctech@u-bourgogne.fr\">Scolarit\u00e9 UFR Sciences et Techniques<\/a><br \/>\n<span style=\"font-size: 16px;\">T\u00e9l\u00a0: 03.80.39.58.16<\/span><br \/>\n<em><strong>Secr\u00e9tariat p\u00e9dagogique\u00a0:<\/strong>\u00a0<\/em><a href=\"mailto:depphy@u-bourgogne.fr\">Marielle COUTAREL<\/a><br \/>\nT\u00e9l\u00a0: 03.80.39.59.00<\/p>\n<ul>\n<li>\n<h3>SEFCA :<\/h3>\n<\/li>\n<\/ul>\n<p><em><strong>Adresse generique<\/strong> :<\/em> <a href=\"mailto:formation.continue-sctech@u-bourgogne.fr\">formation.continue-sctech@u-bourgogne.fr<\/a><\/p>\n<p><em><strong>Charg\u00e9 d&#8217;ing\u00e9nierie de formation<\/strong><strong> :<\/strong>\u00a0<\/em><a class=\"spip_mail\" href=\"mailto:emmanuel.saleur@u-bourgogne.fr\">Emmanuel SALEUR<\/a><br \/>\nT\u00e9l\u00a0: 03.80.39.38.69<\/p>\n<ul>\n<li>\n<h3>P\u00f4le formation des industries technologiques\u00a0:<\/h3>\n<\/li>\n<\/ul>\n<p><em><strong>Conseill\u00e8re alteranance :<\/strong><\/em><a href=\"a.mallen@formation-industries-2171.com\" rel=\"\"> Am\u00e9lie MALLEN<\/a><\/p>\n<p>&nbsp;<\/p>\n<p>&nbsp;<\/p>\n","protected":false},"excerpt":{"rendered":"<p>&nbsp; Responsable du dipl\u00f4me : Jean-Philippe CHATEAU-CORNU T\u00e9l. : 03.80.39.61.46 Responsable M1 et Webmaster : Maria-Rosa ARDIGO-BESNARD T\u00e9l\u00a0:\u00a003.80.39.60.16 Scolarit\u00e9-Secretariat : Scolarit\u00e9 UFR Sciences et Techniques T\u00e9l\u00a0: 03.80.39.58.16 Secr\u00e9tariat p\u00e9dagogique\u00a0:\u00a0Marielle COUTAREL T\u00e9l\u00a0: 03.80.39.59.00 SEFCA : Adresse generique : formation.continue-sctech@u-bourgogne.fr Charg\u00e9 d&#8217;ing\u00e9nierie de formation :\u00a0Emmanuel SALEUR T\u00e9l\u00a0: 03.80.39.38.69 P\u00f4le formation des industries technologiques\u00a0: Conseill\u00e8re alteranance : Am\u00e9lie&hellip;<\/p>\n<p class=\"more-link-p\"><a class=\"btn btn-primary\" href=\"https:\/\/blog.ube.fr\/master-pc2m\/contacts-2\/\">Voir plus &rarr;<\/a><\/p>\n","protected":false},"author":237,"featured_media":0,"parent":0,"menu_order":0,"comment_status":"closed","ping_status":"closed","template":"","meta":{"footnotes":""},"class_list":["post-212","page","type-page","status-publish","hentry"],"_links":{"self":[{"href":"https:\/\/blog.ube.fr\/master-pc2m\/wp-json\/wp\/v2\/pages\/212","targetHints":{"allow":["GET"]}}],"collection":[{"href":"https:\/\/blog.ube.fr\/master-pc2m\/wp-json\/wp\/v2\/pages"}],"about":[{"href":"https:\/\/blog.ube.fr\/master-pc2m\/wp-json\/wp\/v2\/types\/page"}],"author":[{"embeddable":true,"href":"https:\/\/blog.ube.fr\/master-pc2m\/wp-json\/wp\/v2\/users\/237"}],"replies":[{"embeddable":true,"href":"https:\/\/blog.ube.fr\/master-pc2m\/wp-json\/wp\/v2\/comments?post=212"}],"version-history":[{"count":16,"href":"https:\/\/blog.ube.fr\/master-pc2m\/wp-json\/wp\/v2\/pages\/212\/revisions"}],"predecessor-version":[{"id":681,"href":"https:\/\/blog.ube.fr\/master-pc2m\/wp-json\/wp\/v2\/pages\/212\/revisions\/681"}],"wp:attachment":[{"href":"https:\/\/blog.ube.fr\/master-pc2m\/wp-json\/wp\/v2\/media?parent=212"}],"curies":[{"name":"wp","href":"https:\/\/api.w.org\/{rel}","templated":true}]}}