{"id":209,"date":"2016-04-12T08:16:07","date_gmt":"2016-04-12T07:16:07","guid":{"rendered":"http:\/\/blog.u-bourgogne.fr\/master-pc2m\/?page_id=209"},"modified":"2025-06-11T12:13:08","modified_gmt":"2025-06-11T11:13:08","slug":"organisation-de-formation","status":"publish","type":"page","link":"https:\/\/blog.ube.fr\/master-pc2m\/organisation-de-formation\/","title":{"rendered":"ORGANISATION ET CONTENU"},"content":{"rendered":"<p>&nbsp;<\/p>\n<div align=\"justify\">Les cours ont lieu majoritairement \u00e0 l&#8217;UFR Sciences et Techniques, Campus universitaire de Dijon et ponctuellement sur le site de\u00a0Chalon sur Sa\u00f4ne et du Creusot.<\/div>\n<p>&nbsp;<\/p>\n<div align=\"justify\">Pour la partie acad\u00e9mique, le Master PC2M s&#8217;appuie sur les comp\u00e9tences et moyens techniques de l&#8217;<a href=\"http:\/\/www.ubfc.fr\/\" target=\"_blank\" rel=\"noopener noreferrer\">Universit\u00e9 Bourgogne Europe<\/a> (UFR Sciences et Techniques de Dijon, IUT GMP de Dijon, IUT de Chalon-sur-Sa\u00f4ne, IUT du Creusot, Maison de la M\u00e9tallurgie), du <a href=\"https:\/\/icb.u-bourgogne.fr\/\" target=\"_blank\" rel=\"noopener noreferrer\">laboratoire ICB<\/a> (UMR 6303), de ses \u00e9quipes de recherche et de ses plateformes techniques (plateforme <a href=\"https:\/\/icb.u-bourgogne.fr\/calhipso-2\/\" target=\"_blank\" rel=\"noopener noreferrer\">CALHIPSO\/EQUIPEX+ <\/a> (ANR-21-ESRE-0039), <a href=\"https:\/\/icb.u-bourgogne.fr\/arcen-carnot\/\" target=\"_blank\" rel=\"noopener noreferrer\">ARCEN-Carnot<\/a>) et de l&#8217;<a href=\"https:\/\/artsetmetiers.fr\/fr\/campus\/cluny\" target=\"_blank\" rel=\"noopener noreferrer\">ENSAM Campus de Cluny<\/a> (fonderie, forge, usinage).<br \/>\nLe Master PC2M s&#8217;appuie \u00e9galement sur les comp\u00e9tences et moyens professionnels des entreprises PME\/PMI du p\u00f4le de comp\u00e9titivit\u00e9 r\u00e9gional &#8211; P\u00f4le de comp\u00e9titivit\u00e9 de l&#8217;industrie nucl\u00e9aire (<a href=\"https:\/\/www.nuclearvalley.com\/\" target=\"_blank\" rel=\"noopener noreferrer\">Nuclear Valley<\/a>) -, des groupes Areva, Industeel, CEA Valduc, EdF et b\u00e9n\u00e9ficie du soutien de la branche professionnelle de la m\u00e9tallurgie, <a href=\"http:\/\/www.uimm-71.com\/fr\/\" target=\"_blank\" rel=\"noopener noreferrer\">UIMM 71<\/a> et 89.<\/div>\n<p>&nbsp;<\/p>\n<div align=\"justify\">Pour la premi\u00e8re ann\u00e9e, la dur\u00e9e de la formation est de 480 h de cours + 12 \u00e0 16 semaines de stage en entreprise.<br \/>\nPour la deuxi\u00e8me ann\u00e9e en contrat d&#8217;alternance d&#8217;un an, la dur\u00e9e de la formation est de 420 h sur 65 jours de cours (dont 21 heures d\u2019examen).<\/div>\n<p>Voici un r\u00e9sume de la r\u00e9partition des enseignements et des comp\u00e9tences acquises \u00e0 l\u2019issue de la formation :<\/p>\n<p><strong>Mat\u00e9riaux (100h en M1) :<\/strong><\/p>\n<div id=\"attachment_321\" style=\"width: 310px\" class=\"wp-caption alignright\"><img loading=\"lazy\" decoding=\"async\" aria-describedby=\"caption-attachment-321\" class=\"wp-image-321 size-medium\" src=\"http:\/\/blog.ube.fr\/master-pc2m\/wp-content\/uploads\/sites\/49\/2016\/04\/Tubes-GV-copyright-VALINOX-NUCLEAIRE-300x200.jpg\" alt=\"\" width=\"300\" height=\"200\" srcset=\"https:\/\/blog.ube.fr\/master-pc2m\/wp-content\/uploads\/sites\/49\/2016\/04\/Tubes-GV-copyright-VALINOX-NUCLEAIRE-300x200.jpg 300w, https:\/\/blog.ube.fr\/master-pc2m\/wp-content\/uploads\/sites\/49\/2016\/04\/Tubes-GV-copyright-VALINOX-NUCLEAIRE-768x511.jpg 768w, https:\/\/blog.ube.fr\/master-pc2m\/wp-content\/uploads\/sites\/49\/2016\/04\/Tubes-GV-copyright-VALINOX-NUCLEAIRE-1024x681.jpg 1024w, https:\/\/blog.ube.fr\/master-pc2m\/wp-content\/uploads\/sites\/49\/2016\/04\/Tubes-GV-copyright-VALINOX-NUCLEAIRE.jpg 1575w\" sizes=\"auto, (max-width: 300px) 100vw, 300px\" \/><p id=\"caption-attachment-321\" class=\"wp-caption-text\">Tubes GV (\u00a9VALINOX NUCLEAIRE)<\/p><\/div>\n<ul>\n<li>physique des mat\u00e9riaux ;<\/li>\n<li>physico-chimie des m\u00e9taux et alliages.<\/li>\n<\/ul>\n<p><strong>Mat\u00e9riaux et structures (114h en M1 et M2) :<\/strong><\/p>\n<ul>\n<li>comportement et durabilit\u00e9 des mat\u00e9riaux m\u00e9talliques.<\/li>\n<\/ul>\n<p><strong>Proc\u00e9d\u00e9s (170h en M1 et M2) :<\/strong><\/p>\n<ul>\n<li>fondamentaux (transfert et traitements thermiques,\u2026) ;<\/li>\n<li>\u00e9laboration (moulage, forgeage, usinage, assemblage, m\u00e9tallurgie des poudres, traitement de surface,\u2026).\n<p><div id=\"attachment_75\" style=\"width: 180px\" class=\"wp-caption alignright\"><img loading=\"lazy\" decoding=\"async\" aria-describedby=\"caption-attachment-75\" class=\"wp-image-75 \" src=\"http:\/\/blog.ube.fr\/master-pc2m\/wp-content\/uploads\/sites\/49\/2016\/04\/2013-12-17-forgeage-05-200x300.jpg\" alt=\"2013-12-17 forgeage-05\" width=\"170\" height=\"256\" data-wp-editing=\"1\" srcset=\"https:\/\/blog.ube.fr\/master-pc2m\/wp-content\/uploads\/sites\/49\/2016\/04\/2013-12-17-forgeage-05-200x300.jpg 200w, https:\/\/blog.ube.fr\/master-pc2m\/wp-content\/uploads\/sites\/49\/2016\/04\/2013-12-17-forgeage-05-768x1152.jpg 768w, https:\/\/blog.ube.fr\/master-pc2m\/wp-content\/uploads\/sites\/49\/2016\/04\/2013-12-17-forgeage-05-683x1024.jpg 683w, https:\/\/blog.ube.fr\/master-pc2m\/wp-content\/uploads\/sites\/49\/2016\/04\/2013-12-17-forgeage-05-300x450.jpg 300w, https:\/\/blog.ube.fr\/master-pc2m\/wp-content\/uploads\/sites\/49\/2016\/04\/2013-12-17-forgeage-05.jpg 1500w\" sizes=\"auto, (max-width: 170px) 100vw, 170px\" \/><p id=\"caption-attachment-75\" class=\"wp-caption-text\">Forgeage chez AREVA (\u00a9Adrien Colomb)<\/p><\/div><\/li>\n<\/ul>\n<p><strong>Contr\u00f4les (120h en M1 et M2) :<\/strong><\/p>\n<ul>\n<li>CND (US, CF, radiographie,\u2026) ;<\/li>\n<li>caract\u00e9risation (MEB, AFM, DRX,\u2026).<\/li>\n<\/ul>\n<p><strong>Milieu professionnel (116h en M1 et M2) :<\/strong><\/p>\n<ul>\n<li>codes et s\u00fbret\u00e9 nucl\u00e9aire ;<\/li>\n<li>risque ;<\/li>\n<li>management de R&amp;D ;<\/li>\n<li>dommage des mat\u00e9riaux \u00e0 l&#8217;irradiation.<\/li>\n<li style=\"list-style-type: none;\">\n<ul>\n<li style=\"list-style-type: none;\"><\/li>\n<\/ul>\n<\/li>\n<\/ul>\n<p><strong>Option 1 : Proc\u00e9d\u00e9s avanc\u00e9s (180h en M2) :<\/strong><\/p>\n<ul>\n<li>calcul de structures, simulation (soudage, forgeage, CIC), fabrication additive.<\/li>\n<\/ul>\n<p><strong>Option 2 : CND avanc\u00e9s (180h en M2) :<\/strong><\/p>\n<ul>\n<li>techniques avanc\u00e9es de CND, simulation, automatisation et robotisation.\n<div align=\"justify\">\n<p><em><strong>Pour plus de d\u00e9tails sur la r\u00e9partitions des cours, consultez les fiches fili\u00e8res :<\/strong><\/em><\/p>\n<ul>\n<li>1 \u00e8re ann\u00e9e :\u00a0<a href=\"https:\/\/blog.ube.fr\/master-pc2m\/wp-content\/uploads\/sites\/49\/2022\/06\/Fiche-Filiere_M1_PC2M-2022-2023.pdf\" target=\"_blank\" rel=\"noopener noreferrer\">Fiche Fili\u00e8re_M1_PC2M <\/a><\/li>\n<li>2 \u00e8me ann\u00e9e :\u00a0<a href=\"https:\/\/blog.ube.fr\/master-pc2m\/wp-content\/uploads\/sites\/49\/2022\/06\/Fiche-Filiere_M2_PC2M-2022-2023.pdf\" target=\"blank\" rel=\"noopener\">Fiche Fili\u00e8re_M2_PC2M<\/a><\/li>\n<\/ul>\n<\/div>\n<\/li>\n<\/ul>\n<p>&nbsp;<\/p>\n","protected":false},"excerpt":{"rendered":"<p>&nbsp; Les cours ont lieu majoritairement \u00e0 l&#8217;UFR Sciences et Techniques, Campus universitaire de Dijon et ponctuellement sur le site de\u00a0Chalon sur Sa\u00f4ne et du Creusot. &nbsp; Pour la partie acad\u00e9mique, le Master PC2M s&#8217;appuie sur les comp\u00e9tences et moyens techniques de l&#8217;Universit\u00e9 Bourgogne Europe (UFR Sciences et Techniques de Dijon, IUT GMP de Dijon,&hellip;<\/p>\n<p class=\"more-link-p\"><a class=\"btn btn-primary\" href=\"https:\/\/blog.ube.fr\/master-pc2m\/organisation-de-formation\/\">Voir plus &rarr;<\/a><\/p>\n","protected":false},"author":237,"featured_media":0,"parent":0,"menu_order":0,"comment_status":"closed","ping_status":"closed","template":"","meta":{"footnotes":""},"class_list":["post-209","page","type-page","status-publish","hentry"],"_links":{"self":[{"href":"https:\/\/blog.ube.fr\/master-pc2m\/wp-json\/wp\/v2\/pages\/209","targetHints":{"allow":["GET"]}}],"collection":[{"href":"https:\/\/blog.ube.fr\/master-pc2m\/wp-json\/wp\/v2\/pages"}],"about":[{"href":"https:\/\/blog.ube.fr\/master-pc2m\/wp-json\/wp\/v2\/types\/page"}],"author":[{"embeddable":true,"href":"https:\/\/blog.ube.fr\/master-pc2m\/wp-json\/wp\/v2\/users\/237"}],"replies":[{"embeddable":true,"href":"https:\/\/blog.ube.fr\/master-pc2m\/wp-json\/wp\/v2\/comments?post=209"}],"version-history":[{"count":65,"href":"https:\/\/blog.ube.fr\/master-pc2m\/wp-json\/wp\/v2\/pages\/209\/revisions"}],"predecessor-version":[{"id":668,"href":"https:\/\/blog.ube.fr\/master-pc2m\/wp-json\/wp\/v2\/pages\/209\/revisions\/668"}],"wp:attachment":[{"href":"https:\/\/blog.ube.fr\/master-pc2m\/wp-json\/wp\/v2\/media?parent=209"}],"curies":[{"name":"wp","href":"https:\/\/api.w.org\/{rel}","templated":true}]}}