{"id":204,"date":"2016-04-12T08:14:39","date_gmt":"2016-04-12T07:14:39","guid":{"rendered":"http:\/\/blog.u-bourgogne.fr\/master-pc2m\/?page_id=204"},"modified":"2022-06-08T10:34:26","modified_gmt":"2022-06-08T09:34:26","slug":"inscriptions","status":"publish","type":"page","link":"https:\/\/blog.ube.fr\/master-pc2m\/inscriptions\/","title":{"rendered":"ADMISSION"},"content":{"rendered":"<p><strong>Acc\u00e8s en M1<\/strong><\/p>\n<p>Cette formation est accessible :<\/p>\n<ul>\n<li>au candidats titulaires d\u2019une licence de m\u00e9canique, physique, physique et applications, sciences physiques et chimiques et chimie des mat\u00e9riaux ;<\/li>\n<li>par validation des acquis personnels et professionnels (VAPP) ;<\/li>\n<li>par validation des \u00e9tudes du sup\u00e9rieur (Reconnaissance des dipl\u00f4mes acquis en France ou \u00e0 l\u2019\u00e9tranger).<\/li>\n<\/ul>\n<p><strong>Acc\u00e8s en M2 <\/strong><\/p>\n<p>La formation est accessible sur dossier :<\/p>\n<ul>\n<li>aux \u00e9tudiants titulaires du M1 PC2M et ayant obtenu un contrat d&#8217;alternance ;<\/li>\n<li>par validation des acquis personnels et professionnels (VAPP) ;<\/li>\n<li>par validation des \u00e9tudes du sup\u00e9rieur (Reconnaissance des dipl\u00f4mes acquis en France ou \u00e0 l\u2019\u00e9tranger) ;<\/li>\n<li>par validation des acquis de l\u2019exp\u00e9rience (VAE).<\/li>\n<\/ul>\n<p><strong>Alternances<em>\u00a0<\/em><\/strong><\/p>\n<p>Deux parcours sont possibles :<\/p>\n<ul>\n<li>M1+M2 en contrat de professionnalisation ou d&#8217;apprentissage de 2 ans : les candidats recherchent une entreprise partenaire en parall\u00e8le du processus\u00a0de s\u00e9lection acad\u00e9mique ;<\/li>\n<li>M1 en formation initiale, M2 en contrat de professionnalisation ou d&#8217;apprentissage d&#8217;1 an : les \u00e9tudiants recherchent une entreprise partenaire au cours de la premi\u00e8re ann\u00e9e.<\/li>\n<\/ul>\n<p>Pour plus d&#8217;informations, consultez la rubrique d\u00e9di\u00e9e dans le menu d\u00e9roulant.<\/p>\n","protected":false},"excerpt":{"rendered":"<p>Acc\u00e8s en M1 Cette formation est accessible : au candidats titulaires d\u2019une licence de m\u00e9canique, physique, physique et applications, sciences physiques et chimiques et chimie des mat\u00e9riaux ; par validation des acquis personnels et professionnels (VAPP) ; par validation des \u00e9tudes du sup\u00e9rieur (Reconnaissance des dipl\u00f4mes acquis en France ou \u00e0 l\u2019\u00e9tranger). Acc\u00e8s en M2&hellip;<\/p>\n<p class=\"more-link-p\"><a class=\"btn btn-primary\" href=\"https:\/\/blog.ube.fr\/master-pc2m\/inscriptions\/\">Voir plus &rarr;<\/a><\/p>\n","protected":false},"author":237,"featured_media":0,"parent":0,"menu_order":0,"comment_status":"closed","ping_status":"closed","template":"","meta":{"footnotes":""},"class_list":["post-204","page","type-page","status-publish","hentry"],"_links":{"self":[{"href":"https:\/\/blog.ube.fr\/master-pc2m\/wp-json\/wp\/v2\/pages\/204","targetHints":{"allow":["GET"]}}],"collection":[{"href":"https:\/\/blog.ube.fr\/master-pc2m\/wp-json\/wp\/v2\/pages"}],"about":[{"href":"https:\/\/blog.ube.fr\/master-pc2m\/wp-json\/wp\/v2\/types\/page"}],"author":[{"embeddable":true,"href":"https:\/\/blog.ube.fr\/master-pc2m\/wp-json\/wp\/v2\/users\/237"}],"replies":[{"embeddable":true,"href":"https:\/\/blog.ube.fr\/master-pc2m\/wp-json\/wp\/v2\/comments?post=204"}],"version-history":[{"count":11,"href":"https:\/\/blog.ube.fr\/master-pc2m\/wp-json\/wp\/v2\/pages\/204\/revisions"}],"predecessor-version":[{"id":272,"href":"https:\/\/blog.ube.fr\/master-pc2m\/wp-json\/wp\/v2\/pages\/204\/revisions\/272"}],"wp:attachment":[{"href":"https:\/\/blog.ube.fr\/master-pc2m\/wp-json\/wp\/v2\/media?parent=204"}],"curies":[{"name":"wp","href":"https:\/\/api.w.org\/{rel}","templated":true}]}}