{"id":202,"date":"2016-04-12T08:14:07","date_gmt":"2016-04-12T07:14:07","guid":{"rendered":"http:\/\/blog.u-bourgogne.fr\/master-pc2m\/?page_id=202"},"modified":"2025-06-11T12:14:16","modified_gmt":"2025-06-11T11:14:16","slug":"partenaires","status":"publish","type":"page","link":"https:\/\/blog.ube.fr\/master-pc2m\/partenaires\/","title":{"rendered":"LIENS UTILES"},"content":{"rendered":"<p>Pour toutes\u00a0informations compl\u00e9mentaires : <a href=\"https:\/\/www.u-bourgogne.fr\/formation\/master\" target=\"_blank\" rel=\"noopener noreferrer\">page UBE des formations.<\/a><\/p>\n<p>Pour en savoir plus sur la facult\u00e9 des sciences de l&#8217;Universit\u00e9 Bourgogne Europe : <a href=\"http:\/\/sciences-techniques.u-bourgogne.fr\/\" target=\"_blank\" rel=\"noopener noreferrer\">UFR Science et Techniques de l&#8217;Universit\u00e9 Bourgogne Europe<\/a>.<\/p>\n<p>Sur la page web du\u00a0<a href=\"https:\/\/icb.u-bourgogne.fr\/\" target=\"_blank\" rel=\"noopener noreferrer\">Laboratoire ICB<\/a>, vous pourrez trouver des informations sur les th\u00e8ses propos\u00e9es et sur la vie du laboratoire.<\/p>\n<p>Voici d&#8217;autres liens utiles :<\/p>\n<ul>\n<li><a href=\"https:\/\/www.nuclearvalley.com\/\" target=\"_blank\" rel=\"noopener noreferrer\">P\u00f4le de comp\u00e9titivit\u00e9 de l&#8217;Industrie Nucl\u00e9aire<\/a><\/li>\n<li><a href=\"https:\/\/sefca.u-bourgogne.fr\/\" target=\"_blank\" rel=\"noopener noreferrer\">SEFCA<\/a><\/li>\n<li><a href=\"http:\/\/www.uimm-71.com\/fr\/\" target=\"_blank\" rel=\"noopener noreferrer\">Union des Industries et M\u00e9tiers de la M\u00e9tallurgie\u00a0&#8211; Sa\u00f4ne et Loire &#8211;<\/a><\/li>\n<li><a href=\"http:\/\/www.formation-industries-2171.com\/\" target=\"_blank\" rel=\"noopener noreferrer\">P\u00f4le formation des industries technologiques<\/a><\/li>\n<\/ul>\n<p><img loading=\"lazy\" decoding=\"async\" class=\"wp-image-419 alignleft\" src=\"http:\/\/blog.ube.fr\/master-pc2m\/wp-content\/uploads\/sites\/49\/2016\/04\/ufr.png\" alt=\"ufr\" width=\"169\" height=\"127\" \/><img loading=\"lazy\" decoding=\"async\" class=\"wp-image-422 alignnone\" src=\"http:\/\/blog.ube.fr\/master-pc2m\/wp-content\/uploads\/sites\/49\/2016\/04\/logo-pole-formation-des-industries-bourgogne.png\" alt=\"logo-pole-formation-des-industries-bourgogne\" width=\"172\" height=\"83\" \/><img loading=\"lazy\" decoding=\"async\" class=\"alignnone wp-image-684 \" src=\"https:\/\/blog.ube.fr\/master-pc2m\/wp-content\/uploads\/sites\/49\/2025\/06\/logo-UBE-drapeau-quadri-2-300x210.jpg\" alt=\"\" width=\"148\" height=\"104\" srcset=\"https:\/\/blog.ube.fr\/master-pc2m\/wp-content\/uploads\/sites\/49\/2025\/06\/logo-UBE-drapeau-quadri-2-300x210.jpg 300w, https:\/\/blog.ube.fr\/master-pc2m\/wp-content\/uploads\/sites\/49\/2025\/06\/logo-UBE-drapeau-quadri-2-1024x716.jpg 1024w, https:\/\/blog.ube.fr\/master-pc2m\/wp-content\/uploads\/sites\/49\/2025\/06\/logo-UBE-drapeau-quadri-2-768x537.jpg 768w, https:\/\/blog.ube.fr\/master-pc2m\/wp-content\/uploads\/sites\/49\/2025\/06\/logo-UBE-drapeau-quadri-2.jpg 1182w\" sizes=\"auto, (max-width: 148px) 100vw, 148px\" \/><img loading=\"lazy\" decoding=\"async\" class=\"alignnone wp-image-557 \" src=\"https:\/\/blog.ube.fr\/master-pc2m\/wp-content\/uploads\/sites\/49\/2020\/08\/logo-Nuclear-Valley-1.png\" alt=\"\" width=\"147\" height=\"103\" srcset=\"https:\/\/blog.ube.fr\/master-pc2m\/wp-content\/uploads\/sites\/49\/2020\/08\/logo-Nuclear-Valley-1.png 1000w, https:\/\/blog.ube.fr\/master-pc2m\/wp-content\/uploads\/sites\/49\/2020\/08\/logo-Nuclear-Valley-1-300x210.png 300w, https:\/\/blog.ube.fr\/master-pc2m\/wp-content\/uploads\/sites\/49\/2020\/08\/logo-Nuclear-Valley-1-768x538.png 768w\" sizes=\"auto, (max-width: 147px) 100vw, 147px\" \/><\/p>\n<p>&nbsp;<\/p>\n","protected":false},"excerpt":{"rendered":"<p>Pour toutes\u00a0informations compl\u00e9mentaires : page UBE des formations. Pour en savoir plus sur la facult\u00e9 des sciences de l&#8217;Universit\u00e9 Bourgogne Europe : UFR Science et Techniques de l&#8217;Universit\u00e9 Bourgogne Europe. Sur la page web du\u00a0Laboratoire ICB, vous pourrez trouver des informations sur les th\u00e8ses propos\u00e9es et sur la vie du laboratoire. Voici d&#8217;autres liens utiles&hellip;<\/p>\n<p class=\"more-link-p\"><a class=\"btn btn-primary\" href=\"https:\/\/blog.ube.fr\/master-pc2m\/partenaires\/\">Voir plus &rarr;<\/a><\/p>\n","protected":false},"author":237,"featured_media":0,"parent":0,"menu_order":0,"comment_status":"closed","ping_status":"closed","template":"","meta":{"footnotes":""},"class_list":["post-202","page","type-page","status-publish","hentry"],"_links":{"self":[{"href":"https:\/\/blog.ube.fr\/master-pc2m\/wp-json\/wp\/v2\/pages\/202","targetHints":{"allow":["GET"]}}],"collection":[{"href":"https:\/\/blog.ube.fr\/master-pc2m\/wp-json\/wp\/v2\/pages"}],"about":[{"href":"https:\/\/blog.ube.fr\/master-pc2m\/wp-json\/wp\/v2\/types\/page"}],"author":[{"embeddable":true,"href":"https:\/\/blog.ube.fr\/master-pc2m\/wp-json\/wp\/v2\/users\/237"}],"replies":[{"embeddable":true,"href":"https:\/\/blog.ube.fr\/master-pc2m\/wp-json\/wp\/v2\/comments?post=202"}],"version-history":[{"count":26,"href":"https:\/\/blog.ube.fr\/master-pc2m\/wp-json\/wp\/v2\/pages\/202\/revisions"}],"predecessor-version":[{"id":685,"href":"https:\/\/blog.ube.fr\/master-pc2m\/wp-json\/wp\/v2\/pages\/202\/revisions\/685"}],"wp:attachment":[{"href":"https:\/\/blog.ube.fr\/master-pc2m\/wp-json\/wp\/v2\/media?parent=202"}],"curies":[{"name":"wp","href":"https:\/\/api.w.org\/{rel}","templated":true}]}}