{"id":200,"date":"2016-04-12T08:13:45","date_gmt":"2016-04-12T07:13:45","guid":{"rendered":"http:\/\/blog.u-bourgogne.fr\/master-pc2m\/?page_id=200"},"modified":"2019-09-30T09:37:09","modified_gmt":"2019-09-30T08:37:09","slug":"galerie-photos","status":"publish","type":"page","link":"https:\/\/blog.ube.fr\/master-pc2m\/galerie-photos\/","title":{"rendered":"GALERIE PHOTOS"},"content":{"rendered":"<p style=\"text-align: center\"><img loading=\"lazy\" decoding=\"async\" class=\"alignnone size-full wp-image-526 aligncenter\" src=\"http:\/\/blog.ube.fr\/master-pc2m\/wp-content\/uploads\/sites\/49\/2019\/09\/RDD-2019-1.jpg\" alt=\"\" width=\"3024\" height=\"1539\" srcset=\"https:\/\/blog.ube.fr\/master-pc2m\/wp-content\/uploads\/sites\/49\/2019\/09\/RDD-2019-1.jpg 3024w, https:\/\/blog.ube.fr\/master-pc2m\/wp-content\/uploads\/sites\/49\/2019\/09\/RDD-2019-1-300x153.jpg 300w, https:\/\/blog.ube.fr\/master-pc2m\/wp-content\/uploads\/sites\/49\/2019\/09\/RDD-2019-1-768x391.jpg 768w, https:\/\/blog.ube.fr\/master-pc2m\/wp-content\/uploads\/sites\/49\/2019\/09\/RDD-2019-1-1024x521.jpg 1024w\" sizes=\"auto, (max-width: 3024px) 100vw, 3024px\" \/>Remise des dipl\u00f4mes promotion 2019 &#8211; Dijon &#8211; 11 septembre 2019<\/p>\n<p>&nbsp;<\/p>\n<p><img loading=\"lazy\" decoding=\"async\" src=\"http:\/\/blog.ube.fr\/master-pc2m\/wp-content\/uploads\/sites\/49\/2016\/04\/Visite-Industeel-M1-mars-2019.jpg\" alt=\"\" width=\"3264\" height=\"2448\" \/><\/p>\n<p style=\"text-align: center\">Visite du site Industeel Le Creusot avec les \u00e9tudiants de M1 &#8211; 12 mars 2019<\/p>\n<p>&nbsp;<\/p>\n<p style=\"text-align: center\"><img decoding=\"async\" class=\"aligncenter\" src=\"http:\/\/blog.ube.fr\/master-pc2m\/wp-content\/uploads\/sites\/49\/2016\/04\/RDD-07092018.jpg\" alt=\"&quot;Remise\" \/><\/p>\n<p style=\"text-align: center\">Remise des dipl\u00f4mes promotion 2018 &#8211; Dijon &#8211; 7 septembre 2018<\/p>\n<p>&nbsp;<\/p>\n<p style=\"text-align: center\"><img loading=\"lazy\" decoding=\"async\" class=\"aligncenter\" src=\"http:\/\/blog.ube.fr\/master-pc2m\/wp-content\/uploads\/sites\/49\/2017\/10\/DSC_0961.jpg\" alt=\"\" width=\"6000\" height=\"4000\" \/><\/p>\n<p style=\"text-align: center\">Remise des dipl\u00f4mes promotion 2017 &#8211; Dijon &#8211; 8 septembre 2017<\/p>\n<p>&nbsp;<\/p>\n<p style=\"text-align: center\"><img loading=\"lazy\" decoding=\"async\" class=\"alignnone aligncenter\" src=\"http:\/\/blog.ube.fr\/master-pc2m\/wp-content\/uploads\/sites\/49\/2016\/09\/RDD-2016.jpg\" alt=\"\" width=\"6000\" height=\"4000\" \/><\/p>\n<p style=\"text-align: center\">Remise des dipl\u00f4mes promotion 2016 &#8211; Dijon &#8211; 9 septembre 2016<\/p>\n<p>&nbsp;<\/p>\n<p style=\"text-align: center\">[metaslider id=222]<\/p>\n<p style=\"text-align: center\">Visite du CEA de Cadarache avec les \u00e9tudiants de M2 &#8211; 5 f\u00e9vrier 2016<\/p>\n<p>&nbsp;<\/p>\n<p><img loading=\"lazy\" decoding=\"async\" class=\"aligncenter\" src=\"http:\/\/blog.ube.fr\/master-pc2m\/wp-content\/uploads\/sites\/49\/2016\/04\/photo.jpg\" alt=\"\" width=\"1159\" height=\"652\" \/><\/p>\n<p style=\"text-align: center\">Visite du site Industeel avec les \u00e9tudiants de M1 &#8211; Le Creusot &#8211; 11 avril 2016<\/p>\n","protected":false},"excerpt":{"rendered":"<p>Remise des dipl\u00f4mes promotion 2019 &#8211; Dijon &#8211; 11 septembre 2019 &nbsp; Visite du site Industeel Le Creusot avec les \u00e9tudiants de M1 &#8211; 12 mars 2019 &nbsp; Remise des dipl\u00f4mes promotion 2018 &#8211; Dijon &#8211; 7 septembre 2018 &nbsp; Remise des dipl\u00f4mes promotion 2017 &#8211; Dijon &#8211; 8 septembre 2017 &nbsp; Remise des dipl\u00f4mes&hellip;<\/p>\n<p class=\"more-link-p\"><a class=\"btn btn-primary\" href=\"https:\/\/blog.ube.fr\/master-pc2m\/galerie-photos\/\">Voir plus &rarr;<\/a><\/p>\n","protected":false},"author":237,"featured_media":0,"parent":0,"menu_order":0,"comment_status":"closed","ping_status":"closed","template":"","meta":{"footnotes":""},"class_list":["post-200","page","type-page","status-publish","hentry"],"_links":{"self":[{"href":"https:\/\/blog.ube.fr\/master-pc2m\/wp-json\/wp\/v2\/pages\/200","targetHints":{"allow":["GET"]}}],"collection":[{"href":"https:\/\/blog.ube.fr\/master-pc2m\/wp-json\/wp\/v2\/pages"}],"about":[{"href":"https:\/\/blog.ube.fr\/master-pc2m\/wp-json\/wp\/v2\/types\/page"}],"author":[{"embeddable":true,"href":"https:\/\/blog.ube.fr\/master-pc2m\/wp-json\/wp\/v2\/users\/237"}],"replies":[{"embeddable":true,"href":"https:\/\/blog.ube.fr\/master-pc2m\/wp-json\/wp\/v2\/comments?post=200"}],"version-history":[{"count":16,"href":"https:\/\/blog.ube.fr\/master-pc2m\/wp-json\/wp\/v2\/pages\/200\/revisions"}],"predecessor-version":[{"id":530,"href":"https:\/\/blog.ube.fr\/master-pc2m\/wp-json\/wp\/v2\/pages\/200\/revisions\/530"}],"wp:attachment":[{"href":"https:\/\/blog.ube.fr\/master-pc2m\/wp-json\/wp\/v2\/media?parent=200"}],"curies":[{"name":"wp","href":"https:\/\/api.w.org\/{rel}","templated":true}]}}