{"id":183,"date":"2016-04-10T16:51:26","date_gmt":"2016-04-10T15:51:26","guid":{"rendered":"http:\/\/blog.u-bourgogne.fr\/master-pc2m\/?page_id=183"},"modified":"2016-05-04T12:09:35","modified_gmt":"2016-05-04T11:09:35","slug":"objectifs","status":"publish","type":"page","link":"https:\/\/blog.ube.fr\/master-pc2m\/objectifs\/","title":{"rendered":"OBJECTIFS ET D\u00c9BOUCH\u00c9S"},"content":{"rendered":"<p><\/p>\n<div align=\"justify\">L\u2019objectif du master est de former les futurs cadres dans l\u2019ing\u00e9nierie de pi\u00e8ces m\u00e9talliques et en particulier des composants pour l\u2019industrie nucl\u00e9aire. Il r\u00e9pond \u00e0 un besoin croissant dans ce secteur industriel (conception, fabrication, proc\u00e9d\u00e9s, assemblage, maintenance\u2026).<br \/>\nL\u2019ensemble des connaissances th\u00e9oriques et pratiques, ajout\u00e9 \u00e0 l\u2019exp\u00e9rience acquise en entreprise, doit permettre aux \u00e9tudiants de s\u2019int\u00e9grer facilement dans les secteurs d\u2019activit\u00e9s en lien avec l\u2019industrie du nucl\u00e9aire et plus g\u00e9n\u00e9ralement la m\u00e9tallurgie.<\/div>\n<p><\/p>\n<div align=\"justify\">Ainsi form\u00e9s, les \u00e9tudiants ou salari\u00e9s, auront les connaissances acad\u00e9miques et professionnelles n\u00e9cessaires \u00e0 la r\u00e9alisation de pi\u00e8ces m\u00e9talliques et en particulier des composants du nucl\u00e9aire : mat\u00e9riaux, m\u00e9canique, proc\u00e9d\u00e9s d&#8217;\u00e9laboration, de mise en forme et de traitement, sans n\u00e9gliger les moyens de contr\u00f4les non destructifs pour l&#8217;inspection des composants et maquettes pendant et apr\u00e8s fabrication. Sont \u00e9galement abord\u00e9s dans cette formation les codes de construction dans le domaine du nucl\u00e9aire, les normes de s\u00fbret\u00e9, ainsi que les march\u00e9s du nucl\u00e9aire dans le monde.<\/div>\n<p><\/p>\n<div align=\"justify\">Les m\u00e9tiers vis\u00e9s par les dipl\u00f4m\u00e9s de cette formation sont les suivants :<\/div>\n<ul>\n<li>ing\u00e9nieur R &amp; D ;<\/li>\n<li>chef de projets ;<\/li>\n<li>responsable d\u2019intervention ;<\/li>\n<li>responsable soutien production ;<\/li>\n<li>ing\u00e9nieur calcul s\u00fbret\u00e9 ;<\/li>\n<li>ing\u00e9nieur conception\/essai ;<\/li>\n<li>ing\u00e9nieur d\u2019\u00e9tude en m\u00e9canique.<\/li>\n<\/ul>\n<p><\/p>\n","protected":false},"excerpt":{"rendered":"<p>L\u2019objectif du master est de former les futurs cadres dans l\u2019ing\u00e9nierie de pi\u00e8ces m\u00e9talliques et en particulier des composants pour l\u2019industrie nucl\u00e9aire. Il r\u00e9pond \u00e0 un besoin croissant dans ce secteur industriel (conception, fabrication, proc\u00e9d\u00e9s, assemblage, maintenance\u2026). L\u2019ensemble des connaissances th\u00e9oriques et pratiques, ajout\u00e9 \u00e0 l\u2019exp\u00e9rience acquise en entreprise, doit permettre aux \u00e9tudiants de s\u2019int\u00e9grer&hellip;<\/p>\n<p class=\"more-link-p\"><a class=\"btn btn-primary\" href=\"https:\/\/blog.ube.fr\/master-pc2m\/objectifs\/\">Voir plus &rarr;<\/a><\/p>\n","protected":false},"author":237,"featured_media":0,"parent":0,"menu_order":0,"comment_status":"closed","ping_status":"closed","template":"","meta":{"footnotes":""},"class_list":["post-183","page","type-page","status-publish","hentry"],"_links":{"self":[{"href":"https:\/\/blog.ube.fr\/master-pc2m\/wp-json\/wp\/v2\/pages\/183","targetHints":{"allow":["GET"]}}],"collection":[{"href":"https:\/\/blog.ube.fr\/master-pc2m\/wp-json\/wp\/v2\/pages"}],"about":[{"href":"https:\/\/blog.ube.fr\/master-pc2m\/wp-json\/wp\/v2\/types\/page"}],"author":[{"embeddable":true,"href":"https:\/\/blog.ube.fr\/master-pc2m\/wp-json\/wp\/v2\/users\/237"}],"replies":[{"embeddable":true,"href":"https:\/\/blog.ube.fr\/master-pc2m\/wp-json\/wp\/v2\/comments?post=183"}],"version-history":[{"count":13,"href":"https:\/\/blog.ube.fr\/master-pc2m\/wp-json\/wp\/v2\/pages\/183\/revisions"}],"predecessor-version":[{"id":186,"href":"https:\/\/blog.ube.fr\/master-pc2m\/wp-json\/wp\/v2\/pages\/183\/revisions\/186"}],"wp:attachment":[{"href":"https:\/\/blog.ube.fr\/master-pc2m\/wp-json\/wp\/v2\/media?parent=183"}],"curies":[{"name":"wp","href":"https:\/\/api.w.org\/{rel}","templated":true}]}}