{"id":175,"date":"2016-04-10T16:35:46","date_gmt":"2016-04-10T15:35:46","guid":{"rendered":"http:\/\/blog.u-bourgogne.fr\/master-pc2m\/?page_id=175"},"modified":"2023-09-22T11:21:10","modified_gmt":"2023-09-22T10:21:10","slug":"accueil-2","status":"publish","type":"page","link":"https:\/\/blog.ube.fr\/master-pc2m\/","title":{"rendered":""},"content":{"rendered":"<h1 style=\"text-align: center;\" align=\"justify\">Bienvenue sur le site du Master Professionnel\u00a0Proc\u00e9d\u00e9s, Contr\u00f4les, Mat\u00e9riaux M\u00e9talliques\u00a0: Industrie du Nucl\u00e9aire (PC2M).<\/h1>\n<div align=\"justify\">\n<p>Ce Master propose une formation professionnelle unique en son genre en France, r\u00e9unissant des comp\u00e9tences tant en physique des mat\u00e9riaux et des proc\u00e9d\u00e9s qu\u2019en m\u00e9tallurgie, m\u00e9canique, mod\u00e9lisation et simulation, mais aussi en instrumentation et contr\u00f4les non destructifs.<\/p>\n<div align=\"justify\">Le Master est accessible en contrat de professionnalisation d\u00e8s la premi\u00e8re ann\u00e9e (parcours sur 2 ans) ou en seconde ann\u00e9e uniquement.<\/div>\n<div align=\"justify\"><\/div>\n<p>&nbsp;<\/p>\n<div align=\"justify\">Pour en savoir plus sur le contenu de la formation, les d\u00e9bouch\u00e9es professionnels et les modalit\u00e9s d&#8217;inscription, consultez le rubriques dans le menu en haut de la page et la <a href=\"https:\/\/blog.ube.fr\/master-pc2m\/wp-content\/uploads\/sites\/49\/2023\/09\/Master-PC2M.pdf\" target=\"blank\" rel=\"noopener\">plaquette du master PC2M<\/a>.<\/div>\n<\/div>\n","protected":false},"excerpt":{"rendered":"<p>Bienvenue sur le site du Master Professionnel\u00a0Proc\u00e9d\u00e9s, Contr\u00f4les, Mat\u00e9riaux M\u00e9talliques\u00a0: Industrie du Nucl\u00e9aire (PC2M). Ce Master propose une formation professionnelle unique en son genre en France, r\u00e9unissant des comp\u00e9tences tant en physique des mat\u00e9riaux et des proc\u00e9d\u00e9s qu\u2019en m\u00e9tallurgie, m\u00e9canique, mod\u00e9lisation et simulation, mais aussi en instrumentation et contr\u00f4les non destructifs. Le Master est accessible&hellip;<\/p>\n<p class=\"more-link-p\"><a class=\"btn btn-primary\" href=\"https:\/\/blog.ube.fr\/master-pc2m\/\">Voir plus &rarr;<\/a><\/p>\n","protected":false},"author":237,"featured_media":0,"parent":0,"menu_order":0,"comment_status":"closed","ping_status":"closed","template":"","meta":{"footnotes":""},"class_list":["post-175","page","type-page","status-publish","hentry"],"_links":{"self":[{"href":"https:\/\/blog.ube.fr\/master-pc2m\/wp-json\/wp\/v2\/pages\/175","targetHints":{"allow":["GET"]}}],"collection":[{"href":"https:\/\/blog.ube.fr\/master-pc2m\/wp-json\/wp\/v2\/pages"}],"about":[{"href":"https:\/\/blog.ube.fr\/master-pc2m\/wp-json\/wp\/v2\/types\/page"}],"author":[{"embeddable":true,"href":"https:\/\/blog.ube.fr\/master-pc2m\/wp-json\/wp\/v2\/users\/237"}],"replies":[{"embeddable":true,"href":"https:\/\/blog.ube.fr\/master-pc2m\/wp-json\/wp\/v2\/comments?post=175"}],"version-history":[{"count":24,"href":"https:\/\/blog.ube.fr\/master-pc2m\/wp-json\/wp\/v2\/pages\/175\/revisions"}],"predecessor-version":[{"id":659,"href":"https:\/\/blog.ube.fr\/master-pc2m\/wp-json\/wp\/v2\/pages\/175\/revisions\/659"}],"wp:attachment":[{"href":"https:\/\/blog.ube.fr\/master-pc2m\/wp-json\/wp\/v2\/media?parent=175"}],"curies":[{"name":"wp","href":"https:\/\/api.w.org\/{rel}","templated":true}]}}