{"id":84,"date":"2017-02-02T17:50:45","date_gmt":"2017-02-02T16:50:45","guid":{"rendered":"http:\/\/blog.u-bourgogne.fr\/master-nutrition-sante\/?page_id=84"},"modified":"2022-09-16T16:05:27","modified_gmt":"2022-09-16T14:05:27","slug":"conditions-dadmission","status":"publish","type":"page","link":"https:\/\/blog.ube.fr\/master-nutrition-sante\/conditions-dadmission\/","title":{"rendered":"Conditions d&#8217;admission"},"content":{"rendered":"<h1>Deux modalit\u00e9s de formations sont possibles :<\/h1>\n<h2>Formation initiale<\/h2>\n<ul style=\"list-style-type: square;\">\n<li>Les \u00e9tudiants de M1, master scientifique, incluant une formation initiale dans les domaines de la Biologie, de la Sant\u00e9 et de l&#8217;Alimentation.<\/li>\n<li>Les candidats titulaires d&#8217;un dipl\u00f4me de m\u00e9decine, pharmacie ou v\u00e9t\u00e9rinaire ou d&#8217;un dipl\u00f4me d&#8217;ing\u00e9nieur.<\/li>\n<li>Pour les \u00e9tudiants \u00e9trangers, s&#8217;adresser au service des <strong><a href=\"http:\/\/ub-link.u-bourgogne.fr\/etudiants-internationaux.html\" target=\"_blank\" rel=\"noopener noreferrer\">Relations Internationales<\/a><\/strong> pour la candidature. La commission p\u00e9dagogique du M2 validera la candidature.<\/li>\n<li>L&#8217;admission finale se fait sur examen du dossier (lettre de motivation, curriculum-vit\u00e6 d\u00e9taill\u00e9 et relev\u00e9 de notes) et apr\u00e8s un entretien avec au moins un universitaire et un professionnel.<\/li>\n<li>Les \u00e9tudiants salari\u00e9s peuvent suivre la formation sur deux ans, conform\u00e9ment \u00e0 la r\u00e9glementation en vigueur<\/li>\n<\/ul>\n<h2>Formation par alternance : Contrat de Pro \/ Apprentissage<\/h2>\n<ul style=\"list-style-type: square;\">\n<li>Depuis 2011, il est possible de r\u00e9aliser le M2 NS en alternance par <strong>Contrat de Professionnalisation<\/strong>.<\/li>\n<li><strong>Depuis la rentr\u00e9e 2021 &#8211; 2022 il est \u00e9galement ouvert en alternance par Contrat d&#8217;Apprentissage (droit priv\u00e9\/public, professions lib\u00e9rales, associations)<\/strong><\/li>\n<li>La r\u00e9alisation en alternance de ce Master permet de conjuguer l&#8217;acquisition de comp\u00e9tences professionnelles en entreprise et l&#8217;aquisition de connaissances sp\u00e9cifiques en Alimentation et Nutrition.<\/li>\n<li>Le Service Commun de Formation Continue et Alternance (<strong><a href=\"http:\/\/sefca.u-bourgogne.fr\/le-sefca.html\" target=\"_blank\" rel=\"noopener noreferrer\">SEFCA<\/a><\/strong>) s&#8217;occupe de l&#8217;\u00e9tablissement des contrats d&#8217;alternance avec l&#8217;entreprise.<\/li>\n<\/ul>\n","protected":false},"excerpt":{"rendered":"<p>Deux modalit\u00e9s de formations sont possibles : Formation initiale Les \u00e9tudiants de M1, master scientifique, incluant une formation initiale dans les domaines de la Biologie, de la Sant\u00e9 et de l&#8217;Alimentation. Les candidats titulaires d&#8217;un dipl\u00f4me de m\u00e9decine, pharmacie ou v\u00e9t\u00e9rinaire ou d&#8217;un dipl\u00f4me d&#8217;ing\u00e9nieur. Pour les \u00e9tudiants \u00e9trangers, s&#8217;adresser au service des Relations Internationales&hellip;<\/p>\n<p class=\"more-link-p\"><a class=\"btn btn-primary\" href=\"https:\/\/blog.ube.fr\/master-nutrition-sante\/conditions-dadmission\/\">Voir plus &rarr;<\/a><\/p>\n","protected":false},"author":305,"featured_media":0,"parent":0,"menu_order":0,"comment_status":"closed","ping_status":"closed","template":"","meta":{"_exactmetrics_skip_tracking":false,"_exactmetrics_sitenote_active":false,"_exactmetrics_sitenote_note":"","_exactmetrics_sitenote_category":0,"footnotes":""},"class_list":["post-84","page","type-page","status-publish","hentry"],"_links":{"self":[{"href":"https:\/\/blog.ube.fr\/master-nutrition-sante\/wp-json\/wp\/v2\/pages\/84","targetHints":{"allow":["GET"]}}],"collection":[{"href":"https:\/\/blog.ube.fr\/master-nutrition-sante\/wp-json\/wp\/v2\/pages"}],"about":[{"href":"https:\/\/blog.ube.fr\/master-nutrition-sante\/wp-json\/wp\/v2\/types\/page"}],"author":[{"embeddable":true,"href":"https:\/\/blog.ube.fr\/master-nutrition-sante\/wp-json\/wp\/v2\/users\/305"}],"replies":[{"embeddable":true,"href":"https:\/\/blog.ube.fr\/master-nutrition-sante\/wp-json\/wp\/v2\/comments?post=84"}],"version-history":[{"count":23,"href":"https:\/\/blog.ube.fr\/master-nutrition-sante\/wp-json\/wp\/v2\/pages\/84\/revisions"}],"predecessor-version":[{"id":3650,"href":"https:\/\/blog.ube.fr\/master-nutrition-sante\/wp-json\/wp\/v2\/pages\/84\/revisions\/3650"}],"wp:attachment":[{"href":"https:\/\/blog.ube.fr\/master-nutrition-sante\/wp-json\/wp\/v2\/media?parent=84"}],"curies":[{"name":"wp","href":"https:\/\/api.w.org\/{rel}","templated":true}]}}