{"id":79,"date":"2017-02-02T17:36:47","date_gmt":"2017-02-02T16:36:47","guid":{"rendered":"http:\/\/blog.u-bourgogne.fr\/master-nutrition-sante\/?page_id=79"},"modified":"2026-04-08T11:03:44","modified_gmt":"2026-04-08T09:03:44","slug":"publics-concernes","status":"publish","type":"page","link":"https:\/\/blog.ube.fr\/master-nutrition-sante\/publics-concernes\/","title":{"rendered":"Publics Concern\u00e9s"},"content":{"rendered":"<h2>Formation continue :<\/h2>\n<p>A Dijon, il est possible de suivre un cursus complet de master (M1+M2) en nutrition,<\/p>\n<ul>\n<li>via le parcours &#8220;Nutrition Alimentation&#8221; du <a href=\"https:\/\/ufr-svte.ube.fr\/master-1-nsa\" target=\"_blank\" rel=\"noopener\">Master 1 &#8220;Nutrition et Sciences des Aliments&#8221;<\/a><\/li>\n<li>puis le Master 2 Nutrition Sant\u00e9 (NS).<\/li>\n<\/ul>\n<h2>Le Master Nutrition Sant\u00e9 est ouvert aux \u00e9tudiants issus de diff\u00e9rentes formations<\/h2>\n<ul>\n<li>\u00a0 Titulaires d&#8217;un Master 1 (domaines de la biologie, de la di\u00e9t\u00e9tique, de la sant\u00e9 ou de l&#8217;alimentation)<\/li>\n<li>\u00a0 Ing\u00e9nieurs<\/li>\n<li>\u00a0 Pharmaciens, M\u00e9decins, V\u00e9t\u00e9rinaires<\/li>\n<\/ul>\n<p>&nbsp;<\/p>\n","protected":false},"excerpt":{"rendered":"<p>Formation continue : A Dijon, il est possible de suivre un cursus complet de master (M1+M2) en nutrition, via le parcours &#8220;Nutrition Alimentation&#8221; du Master 1 &#8220;Nutrition et Sciences des Aliments&#8221; puis le Master 2 Nutrition Sant\u00e9 (NS). Le Master Nutrition Sant\u00e9 est ouvert aux \u00e9tudiants issus de diff\u00e9rentes formations \u00a0 Titulaires d&#8217;un Master 1&hellip;<\/p>\n<p class=\"more-link-p\"><a class=\"btn btn-primary\" href=\"https:\/\/blog.ube.fr\/master-nutrition-sante\/publics-concernes\/\">Voir plus &rarr;<\/a><\/p>\n","protected":false},"author":305,"featured_media":0,"parent":0,"menu_order":0,"comment_status":"closed","ping_status":"closed","template":"","meta":{"_exactmetrics_skip_tracking":false,"_exactmetrics_sitenote_active":false,"_exactmetrics_sitenote_note":"","_exactmetrics_sitenote_category":0,"footnotes":""},"class_list":["post-79","page","type-page","status-publish","hentry"],"_links":{"self":[{"href":"https:\/\/blog.ube.fr\/master-nutrition-sante\/wp-json\/wp\/v2\/pages\/79","targetHints":{"allow":["GET"]}}],"collection":[{"href":"https:\/\/blog.ube.fr\/master-nutrition-sante\/wp-json\/wp\/v2\/pages"}],"about":[{"href":"https:\/\/blog.ube.fr\/master-nutrition-sante\/wp-json\/wp\/v2\/types\/page"}],"author":[{"embeddable":true,"href":"https:\/\/blog.ube.fr\/master-nutrition-sante\/wp-json\/wp\/v2\/users\/305"}],"replies":[{"embeddable":true,"href":"https:\/\/blog.ube.fr\/master-nutrition-sante\/wp-json\/wp\/v2\/comments?post=79"}],"version-history":[{"count":20,"href":"https:\/\/blog.ube.fr\/master-nutrition-sante\/wp-json\/wp\/v2\/pages\/79\/revisions"}],"predecessor-version":[{"id":5484,"href":"https:\/\/blog.ube.fr\/master-nutrition-sante\/wp-json\/wp\/v2\/pages\/79\/revisions\/5484"}],"wp:attachment":[{"href":"https:\/\/blog.ube.fr\/master-nutrition-sante\/wp-json\/wp\/v2\/media?parent=79"}],"curies":[{"name":"wp","href":"https:\/\/api.w.org\/{rel}","templated":true}]}}