{"id":71,"date":"2017-02-02T17:19:18","date_gmt":"2017-02-02T16:19:18","guid":{"rendered":"http:\/\/blog.u-bourgogne.fr\/master-nutrition-sante\/?page_id=71"},"modified":"2022-09-01T11:05:17","modified_gmt":"2022-09-01T09:05:17","slug":"debouches","status":"publish","type":"page","link":"https:\/\/blog.ube.fr\/master-nutrition-sante\/debouches\/","title":{"rendered":"D\u00e9bouch\u00e9s &#8211; Devenir de nos \u00e9tudiants"},"content":{"rendered":"<h1><em>Le devenir de certains de nos \u00e9tudiants<\/em> : <a href=\"http:\/\/blog.ube.fr\/master-nutrition-sante\/wp-content\/uploads\/sites\/70\/2017\/11\/organigramme-d\u00e9bouch\u00e9s-1.png\" target=\"_blank\" rel=\"noopener\">ICI<\/a><\/h1>\n<h2>Avec ce master, je peux exercer de nombreux m\u00e9tiers :<\/h2>\n<p><em>Cadre des entreprises Agro-alimentaires et de Sant\u00e9<\/em><\/p>\n<p><em>Charg\u00e9 client\u00e8le<\/em><br \/>\n&#8211;\u00a0\u00a0 \u00a0Charg\u00e9 d\u2019affaires r\u00e9glementaires<br \/>\n&#8211;\u00a0\u00a0 \u00a0Responsable industriel produits alimentaires<br \/>\n&#8211;\u00a0\u00a0 Chef de projet innovation<br \/>\n&#8211;\u00a0\u00a0 \u00a0Responsable R&amp;D<br \/>\n&#8211;\u00a0\u00a0 \u00a0Ing\u00e9nieur d\u2019\u00e9tudes ou de recherche<\/p>\n<p><em>Cadre en Industries de Sant\u00e9\u00a0<\/em><\/p>\n<p><em>Chef projet marketing<\/em><br \/>\n&#8211;\u00a0\u00a0 \u00a0Distribution pharmaceutique<br \/>\n&#8211;\u00a0\u00a0 \u00a0Chef projet<br \/>\n&#8211;\u00a0\u00a0 \u00a0Conseill\u00e8re service conso<br \/>\n&#8211;\u00a0\u00a0 \u00a0Chef produit m\u00e9dical<br \/>\n&#8211;\u00a0\u00a0 \u00a0D\u00e9l\u00e9gu\u00e9 pharmaceutique<br \/>\n&#8211;\u00a0\u00a0 \u00a0Ing\u00e9nieur d\u2019\u00e9tudes ou de recherche<\/p>\n<p><em>Cadre dans des cabinets de conseil, soci\u00e9t\u00e9s de service<\/em><br \/>\n&#8211;\u00a0\u00a0 \u00a0Charg\u00e9 de pr\u00e9vention mutualit\u00e9<br \/>\n&#8211;\u00a0\u00a0 \u00a0Conseiller en nutrition<br \/>\n&#8211;\u00a0\u00a0 \u00a0Responsable projet mutualit\u00e9<br \/>\n&#8211;\u00a0\u00a0 \u00a0Charg\u00e9 de pr\u00e9vention<\/p>\n<p><em>Cadre des organismes de sant\u00e9 publique (ARS, ANSES, CODES, IRPES\u2026.)<\/em><\/p>\n<p><em>Cadre dans la recherche publique ou priv\u00e9<\/em><br \/>\n&#8211;\u00a0\u00a0 \u00a0Ing\u00e9nieur d\u2019\u00e9tudes ou de recherche<\/p>\n<p>L\u2019orientation Recherche permet aux \u00e9tudiants de poursuivre en th\u00e8se de doctorat soit en candidatant aux concours d\u2019allocations de th\u00e8se des \u00e9coles doctorales, soit en participant \u00e0 d\u2019autres dispositifs (CIFRE, allocations EPST, Conseils r\u00e9gionaux, Labex \u2026..).<\/p>\n<h2>Dans de multiples domaines, tels que :<\/h2>\n<ul style=\"list-style-type: disc;\">\n<li>Industries de la Biologie et de la Pharmacie (d\u00e9veloppement de produits nutritionnels)<\/li>\n<li>Industries agroalimentaires<\/li>\n<li>Recherche publique ou priv\u00e9e<\/li>\n<li>Centrales d\u2019achat<\/li>\n<li>Marketing<\/li>\n<li>Cabinets de consultant<\/li>\n<li>Organismes institutionnels, de conseil, d\u2019\u00e9tudes, mutuelles<\/li>\n<li>Services de sant\u00e9 publiques et priv\u00e9s<\/li>\n<li>Restauration collective<\/li>\n<\/ul>\n<h2>Qui peut me recruter ?<\/h2>\n<p>En R&amp;D : Danone, Bayer, Distriborg, Yoplait, Nestl\u00e9, Invivo NSA, Groupe Michel, Digest Science, Lesieur, St Michel,\u00a0 &#8230;<br \/>\nEn industries pharmaceutiques : Actelion PharmaceuIcals France , ADP Laboratoire pharmaceutique Z.A le Saluant , Groupe Aguedant Sant\u00e9, APTYS Pharmaceucals, BiopheliaProducIons PharmaceuIques, Merck M\u00e9dication Familiale, Sanofi &#8230;<br \/>\nLes institutions :\u00a0 INSERM, INRA, CNRS, Universit\u00e9s, ANSES, mutuelles, h\u00f4pitaux, EhPAD, conseils d\u00e9partementaux, r\u00e9gionaux, municipalit\u00e9s &#8230;<br \/>\nAutres: Amazonia, centre de remise en forme, maisons de retraite &#8230;<\/p>\n","protected":false},"excerpt":{"rendered":"<p>Le devenir de certains de nos \u00e9tudiants : ICI Avec ce master, je peux exercer de nombreux m\u00e9tiers : Cadre des entreprises Agro-alimentaires et de Sant\u00e9 Charg\u00e9 client\u00e8le &#8211;\u00a0\u00a0 \u00a0Charg\u00e9 d\u2019affaires r\u00e9glementaires &#8211;\u00a0\u00a0 \u00a0Responsable industriel produits alimentaires &#8211;\u00a0\u00a0 Chef de projet innovation &#8211;\u00a0\u00a0 \u00a0Responsable R&amp;D &#8211;\u00a0\u00a0 \u00a0Ing\u00e9nieur d\u2019\u00e9tudes ou de recherche Cadre en Industries de&hellip;<\/p>\n<p class=\"more-link-p\"><a class=\"btn btn-primary\" href=\"https:\/\/blog.ube.fr\/master-nutrition-sante\/debouches\/\">Voir plus &rarr;<\/a><\/p>\n","protected":false},"author":305,"featured_media":0,"parent":0,"menu_order":0,"comment_status":"closed","ping_status":"closed","template":"","meta":{"_exactmetrics_skip_tracking":false,"_exactmetrics_sitenote_active":false,"_exactmetrics_sitenote_note":"","_exactmetrics_sitenote_category":0,"footnotes":""},"class_list":["post-71","page","type-page","status-publish","hentry"],"_links":{"self":[{"href":"https:\/\/blog.ube.fr\/master-nutrition-sante\/wp-json\/wp\/v2\/pages\/71","targetHints":{"allow":["GET"]}}],"collection":[{"href":"https:\/\/blog.ube.fr\/master-nutrition-sante\/wp-json\/wp\/v2\/pages"}],"about":[{"href":"https:\/\/blog.ube.fr\/master-nutrition-sante\/wp-json\/wp\/v2\/types\/page"}],"author":[{"embeddable":true,"href":"https:\/\/blog.ube.fr\/master-nutrition-sante\/wp-json\/wp\/v2\/users\/305"}],"replies":[{"embeddable":true,"href":"https:\/\/blog.ube.fr\/master-nutrition-sante\/wp-json\/wp\/v2\/comments?post=71"}],"version-history":[{"count":34,"href":"https:\/\/blog.ube.fr\/master-nutrition-sante\/wp-json\/wp\/v2\/pages\/71\/revisions"}],"predecessor-version":[{"id":3564,"href":"https:\/\/blog.ube.fr\/master-nutrition-sante\/wp-json\/wp\/v2\/pages\/71\/revisions\/3564"}],"wp:attachment":[{"href":"https:\/\/blog.ube.fr\/master-nutrition-sante\/wp-json\/wp\/v2\/media?parent=71"}],"curies":[{"name":"wp","href":"https:\/\/api.w.org\/{rel}","templated":true}]}}