{"id":485,"date":"2017-04-06T18:35:45","date_gmt":"2017-04-06T16:35:45","guid":{"rendered":"http:\/\/blog.u-bourgogne.fr\/master-nutrition-sante\/?page_id=485"},"modified":"2025-04-14T09:22:05","modified_gmt":"2025-04-14T07:22:05","slug":"double-diplomation","status":"publish","type":"page","link":"https:\/\/blog.ube.fr\/master-nutrition-sante\/double-diplomation\/","title":{"rendered":"Double diplomation"},"content":{"rendered":"<h2>En int\u00e9grant notre Master 2, obtenez une double diplomation !<\/h2>\n<p>\u00c9tudiants en <strong>3\u00e8me ann\u00e9e (Sp\u00e9cialit\u00e9 Nutrition) d&#8217;Institut Agro Dijon<\/strong>, vous pouvez obtenir le M2 Nutrition Sant\u00e9 en suivant des Unit\u00e9s d&#8217;Enseignements compl\u00e9mentaires au Semestre 3 et en effectuant un stage en laboratoire de recherche au Semestre 4.<\/p>\n","protected":false},"excerpt":{"rendered":"<p>En int\u00e9grant notre Master 2, obtenez une double diplomation ! \u00c9tudiants en 3\u00e8me ann\u00e9e (Sp\u00e9cialit\u00e9 Nutrition) d&#8217;Institut Agro Dijon, vous pouvez obtenir le M2 Nutrition Sant\u00e9 en suivant des Unit\u00e9s d&#8217;Enseignements compl\u00e9mentaires au Semestre 3 et en effectuant un stage en laboratoire de recherche au Semestre 4.<\/p>\n<p class=\"more-link-p\"><a class=\"btn btn-primary\" href=\"https:\/\/blog.ube.fr\/master-nutrition-sante\/double-diplomation\/\">Voir plus &rarr;<\/a><\/p>\n","protected":false},"author":305,"featured_media":0,"parent":0,"menu_order":0,"comment_status":"closed","ping_status":"closed","template":"","meta":{"_exactmetrics_skip_tracking":false,"_exactmetrics_sitenote_active":false,"_exactmetrics_sitenote_note":"","_exactmetrics_sitenote_category":0,"footnotes":""},"class_list":["post-485","page","type-page","status-publish","hentry"],"_links":{"self":[{"href":"https:\/\/blog.ube.fr\/master-nutrition-sante\/wp-json\/wp\/v2\/pages\/485","targetHints":{"allow":["GET"]}}],"collection":[{"href":"https:\/\/blog.ube.fr\/master-nutrition-sante\/wp-json\/wp\/v2\/pages"}],"about":[{"href":"https:\/\/blog.ube.fr\/master-nutrition-sante\/wp-json\/wp\/v2\/types\/page"}],"author":[{"embeddable":true,"href":"https:\/\/blog.ube.fr\/master-nutrition-sante\/wp-json\/wp\/v2\/users\/305"}],"replies":[{"embeddable":true,"href":"https:\/\/blog.ube.fr\/master-nutrition-sante\/wp-json\/wp\/v2\/comments?post=485"}],"version-history":[{"count":34,"href":"https:\/\/blog.ube.fr\/master-nutrition-sante\/wp-json\/wp\/v2\/pages\/485\/revisions"}],"predecessor-version":[{"id":5002,"href":"https:\/\/blog.ube.fr\/master-nutrition-sante\/wp-json\/wp\/v2\/pages\/485\/revisions\/5002"}],"wp:attachment":[{"href":"https:\/\/blog.ube.fr\/master-nutrition-sante\/wp-json\/wp\/v2\/media?parent=485"}],"curies":[{"name":"wp","href":"https:\/\/api.w.org\/{rel}","templated":true}]}}