{"id":4321,"date":"2023-09-25T11:47:46","date_gmt":"2023-09-25T09:47:46","guid":{"rendered":"https:\/\/blog.u-bourgogne.fr\/master-nutrition-sante\/?page_id=4321"},"modified":"2024-11-12T11:55:42","modified_gmt":"2024-11-12T10:55:42","slug":"edition-2023-2","status":"publish","type":"page","link":"https:\/\/blog.ube.fr\/master-nutrition-sante\/edition-2023-2\/","title":{"rendered":"\u00c9dition 2023"},"content":{"rendered":"<p>\u00ab La Transition Alimentaire : un regard nouveau sur notre assiette \u00bb.<\/p>\n<p>De nos jours, l\u2019impact de notre alimentation sur l\u2019environnement pr\u00e9occupe de nombreux citoyens. Au c\u0153ur du challenge \u00e9cologique qui s\u2019impose, notre syst\u00e8me alimentaire est un levier essentiel que nous devons consid\u00e9rer. Les informations sont nombreuses et parfois contradictoires ce qui rend cette transition difficile \u00e0 appr\u00e9hender. Cette journ\u00e9e proposera une synth\u00e8se des connaissances et des propositions pratiques. Ainsi avertis nous serons plus en mesure d\u2019agir en cons\u00e9quence et de nous nourrir durablement.<\/p>\n<p><img loading=\"lazy\" decoding=\"async\" class=\"alignleft\" title=\"http:\/\/blog.ube.fr\/master-nutrition-sante\/wp-content\/uploads\/sites\/70\/2023\/01\/AVPageView-30012023-111700-001.jpg\" src=\"http:\/\/blog.ube.fr\/master-nutrition-sante\/wp-content\/uploads\/sites\/70\/2023\/01\/AVPageView-30012023-111700-001.jpg\" alt=\"\" width=\"429\" height=\"612\" \/><\/p>\n<p>&nbsp;<\/p>\n<p>&nbsp;<\/p>\n<p>&nbsp;<\/p>\n<p>&nbsp;<\/p>\n<p>&nbsp;<\/p>\n<p>&nbsp;<\/p>\n<p>&nbsp;<\/p>\n<p>&nbsp;<\/p>\n<p>&nbsp;<\/p>\n<p>&nbsp;<\/p>\n<p>&nbsp;<\/p>\n<p>&nbsp;<\/p>\n<p>&nbsp;<\/p>\n<p>&nbsp;<\/p>\n<p>&nbsp;<\/p>\n<p>&nbsp;<\/p>\n<p>&nbsp;<\/p>\n<h1>Pr\u00e9sentation de l&#8217;\u00e9quipe du colloque 2023 :<\/h1>\n<p><a href=\"http:\/\/blog.ube.fr\/master-nutrition-sante\/wp-content\/uploads\/sites\/70\/2023\/02\/Colloque.jpg\" target=\"_blank\" rel=\"noopener\"><img loading=\"lazy\" decoding=\"async\" class=\"alignleft\" title=\"http:\/\/blog.ube.fr\/master-nutrition-sante\/wp-content\/uploads\/sites\/70\/2023\/02\/Colloque.jpg\" src=\"http:\/\/blog.ube.fr\/master-nutrition-sante\/wp-content\/uploads\/sites\/70\/2023\/02\/Colloque.jpg\" alt=\"\" width=\"428\" height=\"428\" \/><\/a><\/p>\n<p>&nbsp;<\/p>\n<p>&nbsp;<\/p>\n<p>&nbsp;<\/p>\n<p>&nbsp;<\/p>\n<p>&nbsp;<\/p>\n<p>&nbsp;<\/p>\n<p>&nbsp;<\/p>\n<p>&nbsp;<\/p>\n<p>&nbsp;<\/p>\n<p>&nbsp;<\/p>\n<p>&nbsp;<\/p>\n<p>&nbsp;<\/p>\n<h1>Programme de l&#8217;\u00e9dition 2023 :<\/h1>\n<p><a href=\"http:\/\/blog.ube.fr\/master-nutrition-sante\/wp-content\/uploads\/sites\/70\/2023\/08\/369250469_689328796571232_7339570295711618704_n.jpg\" target=\"_blank\" rel=\"noopener\"><img loading=\"lazy\" decoding=\"async\" class=\"alignleft\" title=\"http:\/\/blog.ube.fr\/master-nutrition-sante\/wp-content\/uploads\/sites\/70\/2023\/08\/369250469_689328796571232_7339570295711618704_n.jpg\" src=\"http:\/\/blog.ube.fr\/master-nutrition-sante\/wp-content\/uploads\/sites\/70\/2023\/08\/369250469_689328796571232_7339570295711618704_n.jpg\" alt=\"\" width=\"429\" height=\"360\" \/><\/a><\/p>\n","protected":false},"excerpt":{"rendered":"<p>\u00ab La Transition Alimentaire : un regard nouveau sur notre assiette \u00bb. De nos jours, l\u2019impact de notre alimentation sur l\u2019environnement pr\u00e9occupe de nombreux citoyens. Au c\u0153ur du challenge \u00e9cologique qui s\u2019impose, notre syst\u00e8me alimentaire est un levier essentiel que nous devons consid\u00e9rer. Les informations sont nombreuses et parfois contradictoires ce qui rend cette transition&hellip;<\/p>\n<p class=\"more-link-p\"><a class=\"btn btn-primary\" href=\"https:\/\/blog.ube.fr\/master-nutrition-sante\/edition-2023-2\/\">Voir plus &rarr;<\/a><\/p>\n","protected":false},"author":306,"featured_media":0,"parent":0,"menu_order":0,"comment_status":"closed","ping_status":"closed","template":"","meta":{"_exactmetrics_skip_tracking":false,"_exactmetrics_sitenote_active":false,"_exactmetrics_sitenote_note":"","_exactmetrics_sitenote_category":0,"footnotes":""},"class_list":["post-4321","page","type-page","status-publish","hentry"],"_links":{"self":[{"href":"https:\/\/blog.ube.fr\/master-nutrition-sante\/wp-json\/wp\/v2\/pages\/4321","targetHints":{"allow":["GET"]}}],"collection":[{"href":"https:\/\/blog.ube.fr\/master-nutrition-sante\/wp-json\/wp\/v2\/pages"}],"about":[{"href":"https:\/\/blog.ube.fr\/master-nutrition-sante\/wp-json\/wp\/v2\/types\/page"}],"author":[{"embeddable":true,"href":"https:\/\/blog.ube.fr\/master-nutrition-sante\/wp-json\/wp\/v2\/users\/306"}],"replies":[{"embeddable":true,"href":"https:\/\/blog.ube.fr\/master-nutrition-sante\/wp-json\/wp\/v2\/comments?post=4321"}],"version-history":[{"count":3,"href":"https:\/\/blog.ube.fr\/master-nutrition-sante\/wp-json\/wp\/v2\/pages\/4321\/revisions"}],"predecessor-version":[{"id":4871,"href":"https:\/\/blog.ube.fr\/master-nutrition-sante\/wp-json\/wp\/v2\/pages\/4321\/revisions\/4871"}],"wp:attachment":[{"href":"https:\/\/blog.ube.fr\/master-nutrition-sante\/wp-json\/wp\/v2\/media?parent=4321"}],"curies":[{"name":"wp","href":"https:\/\/api.w.org\/{rel}","templated":true}]}}