{"id":3395,"date":"2022-04-12T15:09:50","date_gmt":"2022-04-12T13:09:50","guid":{"rendered":"https:\/\/blog.u-bourgogne.fr\/master-nutrition-sante\/?page_id=3395"},"modified":"2025-09-10T11:38:19","modified_gmt":"2025-09-10T09:38:19","slug":"devenir-partenaire-du-colloque-2022","status":"publish","type":"page","link":"https:\/\/blog.ube.fr\/master-nutrition-sante\/devenir-partenaire-du-colloque-2022\/","title":{"rendered":"Devenir partenaire du colloque 2026"},"content":{"rendered":"<p>Vous souhaitez soutenir nos \u00e9tudiants et leur projet de terrain &#8220;Colloque 2026&#8221;, n&#8217;h\u00e9sitez pas \u00e0 nous contacter<\/p>\n<p>&nbsp;<\/p>\n<p>&nbsp;<\/p>\n","protected":false},"excerpt":{"rendered":"<p>Vous souhaitez soutenir nos \u00e9tudiants et leur projet de terrain &#8220;Colloque 2026&#8221;, n&#8217;h\u00e9sitez pas \u00e0 nous contacter &nbsp; &nbsp;<\/p>\n<p class=\"more-link-p\"><a class=\"btn btn-primary\" href=\"https:\/\/blog.ube.fr\/master-nutrition-sante\/devenir-partenaire-du-colloque-2022\/\">Voir plus &rarr;<\/a><\/p>\n","protected":false},"author":306,"featured_media":0,"parent":0,"menu_order":0,"comment_status":"closed","ping_status":"closed","template":"","meta":{"_exactmetrics_skip_tracking":false,"_exactmetrics_sitenote_active":false,"_exactmetrics_sitenote_note":"","_exactmetrics_sitenote_category":0,"footnotes":""},"class_list":["post-3395","page","type-page","status-publish","hentry"],"_links":{"self":[{"href":"https:\/\/blog.ube.fr\/master-nutrition-sante\/wp-json\/wp\/v2\/pages\/3395","targetHints":{"allow":["GET"]}}],"collection":[{"href":"https:\/\/blog.ube.fr\/master-nutrition-sante\/wp-json\/wp\/v2\/pages"}],"about":[{"href":"https:\/\/blog.ube.fr\/master-nutrition-sante\/wp-json\/wp\/v2\/types\/page"}],"author":[{"embeddable":true,"href":"https:\/\/blog.ube.fr\/master-nutrition-sante\/wp-json\/wp\/v2\/users\/306"}],"replies":[{"embeddable":true,"href":"https:\/\/blog.ube.fr\/master-nutrition-sante\/wp-json\/wp\/v2\/comments?post=3395"}],"version-history":[{"count":23,"href":"https:\/\/blog.ube.fr\/master-nutrition-sante\/wp-json\/wp\/v2\/pages\/3395\/revisions"}],"predecessor-version":[{"id":5069,"href":"https:\/\/blog.ube.fr\/master-nutrition-sante\/wp-json\/wp\/v2\/pages\/3395\/revisions\/5069"}],"wp:attachment":[{"href":"https:\/\/blog.ube.fr\/master-nutrition-sante\/wp-json\/wp\/v2\/media?parent=3395"}],"curies":[{"name":"wp","href":"https:\/\/api.w.org\/{rel}","templated":true}]}}