{"id":3331,"date":"2022-03-25T09:12:37","date_gmt":"2022-03-25T08:12:37","guid":{"rendered":"https:\/\/blog.u-bourgogne.fr\/master-nutrition-sante\/?page_id=3331"},"modified":"2025-09-10T11:22:50","modified_gmt":"2025-09-10T09:22:50","slug":"les-anciennes-editions","status":"publish","type":"page","link":"https:\/\/blog.ube.fr\/master-nutrition-sante\/les-anciennes-editions\/","title":{"rendered":"Les pr\u00e9c\u00e9dentes \u00e9ditions"},"content":{"rendered":"<p>\u00c9dition 2007 : &#8220;L&#8217;alimentation au service de la sant\u00e9&#8221;<\/p>\n<p>\u00c9dition 2008 :<\/p>\n<p>\u00c9dition 2009 :<\/p>\n<p>\u00c9dition 2010 : &#8220;Une alimentation pr\u00e9occupante ou des consommateurs pr\u00e9occup\u00e9s ?&#8221;<\/p>\n<p>\u00c9dition 2011 : &#8220;Innovations et tendances alimentaires : quels int\u00e9r\u00eats pour les consommateurs ?&#8221;<\/p>\n<p>\u00c9dition 2012 : &#8220;Agroalimentaire, atout sant\u00e9 ou sant\u00e9 \u00e0 tout prix ?&#8221;<\/p>\n<p>\u00c9dition 2013 : &#8220;Restauration rapide le midi : manger vite, manger mieux ?&#8221;<\/p>\n<p>\u00c9dition 2014 : &#8220;Les r\u00e9gimes minceur : o\u00f9 est l&#8217;\u00e9quilibre alimentaire ?&#8221;<\/p>\n<p>\u00c9dition 2015 : &#8220;Demain&#8230;qu&#8217;est ce qu&#8217;on mange ?&#8221;<\/p>\n<p>\u00c9dition 2016 : &#8220;Les \u00e9motions au c\u0153ur de notre alimentation&#8221;<\/p>\n<p>\u00c9dition 2017 : &#8220;Manger cher, est-ce manger mieux ?&#8221;<\/p>\n<p>\u00c9dition 2018 : &#8220;Le bien-\u00eatre au c\u0153ur de notre alimentation&#8221;<\/p>\n<p>\u00c9dition 2019 : &#8220;Face aux nouvelles attentes du consommateur : l&#8217;innovation alimentaire, une solution pour demain&#8221;<\/p>\n<p>\u00c9dition 2020\/2021 : &#8220;Quelle alimentation choisir lors d&#8217;une activit\u00e9 sportive ?&#8221;<\/p>\n<p>\u00c9dition 2022 : <a href=\"https:\/\/blog.ube.fr\/master-nutrition-sante\/edition-2022\/\" target=\"_blank\" rel=\"noopener\">&#8220;Les r\u00e9seaux sociaux : une alimentation sous influence ?&#8221;<\/a><\/p>\n<p>\u00c9dition 2023 : &#8220;<a href=\"https:\/\/blog.ube.fr\/master-nutrition-sante\/edition-2023-2\/\" target=\"_blank\" rel=\"noopener\">La transition alimentaire : un regard nouveau sur notre assiette<\/a>&#8221;<\/p>\n<p>\u00c9dition 2024 : <a href=\"https:\/\/blog.ube.fr\/master-nutrition-sante\/edition-2023\/\" target=\"_blank\" rel=\"noopener\">&#8220;Comprendre l\u2019alimentation d\u2019<span id=\"OBJ_PREFIX_DWT4420_com_zimbra_date\" class=\"Object\" role=\"link\">hier<\/span>\u00a0pour mieux penser celle de\u00a0<span id=\"OBJ_PREFIX_DWT4418_com_zimbra_date\" class=\"Object\" role=\"link\"><span id=\"OBJ_PREFIX_DWT4421_com_zimbra_date\" class=\"Object\" role=\"link\">demain&#8221;<\/span><\/span><\/a><\/p>\n<p>\u00c9dition 2025 : <a href=\"https:\/\/blog.ube.fr\/master-nutrition-sante\/edition-2025\/\" target=\"_blank\" rel=\"noopener\">&#8220;Nutrition, Sant\u00e9 et Performance en Sports d\u2019Endurance : De l\u2019Amateur \u00e0 l\u2019Athl\u00e8te de Haut Niveau&#8221;<\/a><\/p>\n","protected":false},"excerpt":{"rendered":"<p>\u00c9dition 2007 : &#8220;L&#8217;alimentation au service de la sant\u00e9&#8221; \u00c9dition 2008 : \u00c9dition 2009 : \u00c9dition 2010 : &#8220;Une alimentation pr\u00e9occupante ou des consommateurs pr\u00e9occup\u00e9s ?&#8221; \u00c9dition 2011 : &#8220;Innovations et tendances alimentaires : quels int\u00e9r\u00eats pour les consommateurs ?&#8221; \u00c9dition 2012 : &#8220;Agroalimentaire, atout sant\u00e9 ou sant\u00e9 \u00e0 tout prix ?&#8221; \u00c9dition 2013 :&hellip;<\/p>\n<p class=\"more-link-p\"><a class=\"btn btn-primary\" href=\"https:\/\/blog.ube.fr\/master-nutrition-sante\/les-anciennes-editions\/\">Voir plus &rarr;<\/a><\/p>\n","protected":false},"author":306,"featured_media":0,"parent":0,"menu_order":0,"comment_status":"closed","ping_status":"closed","template":"","meta":{"_exactmetrics_skip_tracking":false,"_exactmetrics_sitenote_active":false,"_exactmetrics_sitenote_note":"","_exactmetrics_sitenote_category":0,"footnotes":""},"class_list":["post-3331","page","type-page","status-publish","hentry"],"_links":{"self":[{"href":"https:\/\/blog.ube.fr\/master-nutrition-sante\/wp-json\/wp\/v2\/pages\/3331","targetHints":{"allow":["GET"]}}],"collection":[{"href":"https:\/\/blog.ube.fr\/master-nutrition-sante\/wp-json\/wp\/v2\/pages"}],"about":[{"href":"https:\/\/blog.ube.fr\/master-nutrition-sante\/wp-json\/wp\/v2\/types\/page"}],"author":[{"embeddable":true,"href":"https:\/\/blog.ube.fr\/master-nutrition-sante\/wp-json\/wp\/v2\/users\/306"}],"replies":[{"embeddable":true,"href":"https:\/\/blog.ube.fr\/master-nutrition-sante\/wp-json\/wp\/v2\/comments?post=3331"}],"version-history":[{"count":19,"href":"https:\/\/blog.ube.fr\/master-nutrition-sante\/wp-json\/wp\/v2\/pages\/3331\/revisions"}],"predecessor-version":[{"id":5061,"href":"https:\/\/blog.ube.fr\/master-nutrition-sante\/wp-json\/wp\/v2\/pages\/3331\/revisions\/5061"}],"wp:attachment":[{"href":"https:\/\/blog.ube.fr\/master-nutrition-sante\/wp-json\/wp\/v2\/media?parent=3331"}],"curies":[{"name":"wp","href":"https:\/\/api.w.org\/{rel}","templated":true}]}}