{"id":2928,"date":"2021-12-05T14:47:32","date_gmt":"2021-12-05T13:47:32","guid":{"rendered":"http:\/\/blog.u-bourgogne.fr\/master-nutrition-sante\/?page_id=2928"},"modified":"2025-09-08T13:07:08","modified_gmt":"2025-09-08T11:07:08","slug":"statuts-association","status":"publish","type":"page","link":"https:\/\/blog.ube.fr\/master-nutrition-sante\/statuts-association\/","title":{"rendered":"Statuts"},"content":{"rendered":"<p>L&#8217;association Alumn&#8217; Ta Nutrition est une association dirig\u00e9e par les \u00e9tudiants du projet communication et cr\u00e9er sp\u00e9cialement pour les \u00e9tudiants du master 2 Nutrition Sant\u00e9.<\/p>\n<p><strong>L&#8217;association Alumn&#8217; Ta Nutrition a pour objectif de : <\/strong>mettre en relation les diff\u00e9rentes promotions du master NS afin de de constituer un \u00ab r\u00e9seau des anciens \u00bb.<\/p>\n<p>Cet objectif s&#8217;inscrit dans une logique de professionnalisation des \u00e9tudiants du master NS.<\/p>\n<p><strong>Remarque<\/strong> : Bien que seuls 3 membres du bureau soient \u00e9lus, l&#8217;association Alumn&#8217; Ta Nutrition reste l&#8217;affaire de tous les \u00e9tudiants du master et il appartient \u00e0 tous les adh\u00e9rents d&#8217;\u00e9mettre des id\u00e9es concernant des projets, \u00e9v\u00e9nements et futur de l&#8217;association !<\/p>\n<p>&nbsp;<\/p>\n","protected":false},"excerpt":{"rendered":"<p>L&#8217;association Alumn&#8217; Ta Nutrition est une association dirig\u00e9e par les \u00e9tudiants du projet communication et cr\u00e9er sp\u00e9cialement pour les \u00e9tudiants du master 2 Nutrition Sant\u00e9. L&#8217;association Alumn&#8217; Ta Nutrition a pour objectif de : mettre en relation les diff\u00e9rentes promotions du master NS afin de de constituer un \u00ab r\u00e9seau des anciens \u00bb. Cet objectif&hellip;<\/p>\n<p class=\"more-link-p\"><a class=\"btn btn-primary\" href=\"https:\/\/blog.ube.fr\/master-nutrition-sante\/statuts-association\/\">Voir plus &rarr;<\/a><\/p>\n","protected":false},"author":4079,"featured_media":0,"parent":0,"menu_order":0,"comment_status":"closed","ping_status":"closed","template":"","meta":{"_exactmetrics_skip_tracking":false,"_exactmetrics_sitenote_active":false,"_exactmetrics_sitenote_note":"","_exactmetrics_sitenote_category":0,"footnotes":""},"class_list":["post-2928","page","type-page","status-publish","hentry"],"_links":{"self":[{"href":"https:\/\/blog.ube.fr\/master-nutrition-sante\/wp-json\/wp\/v2\/pages\/2928","targetHints":{"allow":["GET"]}}],"collection":[{"href":"https:\/\/blog.ube.fr\/master-nutrition-sante\/wp-json\/wp\/v2\/pages"}],"about":[{"href":"https:\/\/blog.ube.fr\/master-nutrition-sante\/wp-json\/wp\/v2\/types\/page"}],"author":[{"embeddable":true,"href":"https:\/\/blog.ube.fr\/master-nutrition-sante\/wp-json\/wp\/v2\/users\/4079"}],"replies":[{"embeddable":true,"href":"https:\/\/blog.ube.fr\/master-nutrition-sante\/wp-json\/wp\/v2\/comments?post=2928"}],"version-history":[{"count":21,"href":"https:\/\/blog.ube.fr\/master-nutrition-sante\/wp-json\/wp\/v2\/pages\/2928\/revisions"}],"predecessor-version":[{"id":5033,"href":"https:\/\/blog.ube.fr\/master-nutrition-sante\/wp-json\/wp\/v2\/pages\/2928\/revisions\/5033"}],"wp:attachment":[{"href":"https:\/\/blog.ube.fr\/master-nutrition-sante\/wp-json\/wp\/v2\/media?parent=2928"}],"curies":[{"name":"wp","href":"https:\/\/api.w.org\/{rel}","templated":true}]}}